{"id":236043,"date":"2023-09-11T16:14:31","date_gmt":"2023-09-11T16:14:31","guid":{"rendered":"https:\/\/www.eascarpenterstech.edu\/philadelphia\/?page_id=236043"},"modified":"2026-04-01T10:52:29","modified_gmt":"2026-04-01T14:52:29","slug":"psm-refresher","status":"publish","type":"page","link":"https:\/\/www.eascarpenterstech.edu\/philadelphia\/es\/psm-refresher\/","title":{"rendered":"Curso en l\u00ednea de actualizaci\u00f3n de PSM"},"content":{"rendered":"<p>[et_pb_section fb_built=&#8221;1&#8243; _builder_version=&#8221;4.27.4&#8243; _module_preset=&#8221;default&#8221; use_background_color_gradient=&#8221;on&#8221; background_color_gradient_stops=&#8221;rgba(0,32,91,0.5) 0%|rgba(0,32,91,0.5) 100%&#8221; background_color_gradient_overlays_image=&#8221;on&#8221; background_image=&#8221;https:\/\/www.eascarpenterstech.edu\/philadelphia\/wp-content\/uploads\/sites\/4\/2023\/08\/IMG_5102.jpg&#8221; custom_padding=&#8221;25px||25px||true|false&#8221; locked=&#8221;off&#8221; global_colors_info=&#8221;{}&#8221;][et_pb_row _builder_version=&#8221;4.19.5&#8243; _module_preset=&#8221;default&#8221; global_colors_info=&#8221;{}&#8221;][et_pb_column type=&#8221;4_4&#8243; _builder_version=&#8221;4.19.5&#8243; _module_preset=&#8221;default&#8221; global_colors_info=&#8221;{}&#8221;][et_pb_text quote_border_color=&#8221;#d31245&#8243; _builder_version=&#8221;4.27.4&#8243; _module_preset=&#8221;default&#8221; quote_text_color=&#8221;RGBA(255,255,255,0)&#8221; header_font=&#8221;Open Sans|700|||||||&#8221; header_text_color=&#8221;#FFFFFF&#8221; header_font_size=&#8221;72px&#8221; width=&#8221;50%&#8221; width_tablet=&#8221;50%&#8221; width_phone=&#8221;100%&#8221; width_last_edited=&#8221;on|phone&#8221; hover_enabled=&#8221;0&#8243; header_text_align_tablet=&#8221;&#8221; header_text_align_phone=&#8221;center&#8221; header_text_align_last_edited=&#8221;on|phone&#8221; header_font_size_tablet=&#8221;72px&#8221; header_font_size_phone=&#8221;55px&#8221; header_font_size_last_edited=&#8221;on|phone&#8221; global_colors_info=&#8221;{}&#8221; sticky_enabled=&#8221;0&#8243;]<\/p>\n<blockquote>\n<h1>PSM Refresher Online Course<\/h1>\n<\/blockquote>\n<p>[\/et_pb_text][\/et_pb_column][\/et_pb_row][\/et_pb_section][et_pb_section fb_built=&#8221;1&#8243; _builder_version=&#8221;4.16&#8243; global_colors_info=&#8221;{}&#8221;][et_pb_row _builder_version=&#8221;4.16&#8243; background_size=&#8221;initial&#8221; background_position=&#8221;top_left&#8221; background_repeat=&#8221;repeat&#8221; global_colors_info=&#8221;{}&#8221;][et_pb_column type=&#8221;4_4&#8243; _builder_version=&#8221;4.16&#8243; custom_padding=&#8221;|||&#8221; global_colors_info=&#8221;{}&#8221; custom_padding__hover=&#8221;|||&#8221;][et_pb_text _builder_version=&#8221;4.27.6&#8243; background_size=&#8221;initial&#8221; background_position=&#8221;top_left&#8221; background_repeat=&#8221;repeat&#8221; hover_enabled=&#8221;0&#8243; global_colors_info=&#8221;{}&#8221; sticky_enabled=&#8221;0&#8243;]<h3>Please enter a password to see the content.<\/h3>\n<div class=\"protect-div psm_refresher_shortcode\">\r\n<div class=\"et_pb_contact_form_container\">\r\n    <\/div>\r\n    <div class=\"et_pb_contact\">       <form id=\"psm_refresher_shortcode\" name=\"form\" data-redirect=\"\" method=\"post\" action=\"#psm_refresher_shortcode\" class=\"after-two\">\r\n\r\n        <p class=\"et_pb_contact_field\" style=\"padding:0;\"><label class=\"et_pb_contact_form_label\" for=\"txtpassword\">Password:<\/label>\r\n        <br \/><input id=\"password\" type=\"password\" title=\"Enter your password\" name=\"password\" \/>\r\n        <span toggle=\"#password\" class=\"fa fa-fw fa-eye fa-eye-slash field-icon toggle-password\"><\/span>\r\n      <\/p>\r\n        <span class=\"error-message\">Wrong password, please try again<\/span>\r\n    <div class=\"et_contact_bottom_container\">\r\n      <div class=\"et_pb_contact_right\">\r\n        <button type=\"submit\" name=\"Submit\" value=\"Login\" class=\"et_pb_contact_submit et_pb_button protect-login\">Login<\/button>\r\n    <\/div><\/div>\r\n    <\/form>\r\n    <\/div>\r\n    <div style=\"clear:both\"><\/div>\r\n    <\/div>\r\n [\/et_pb_text][\/et_pb_column][\/et_pb_row][\/et_pb_section]<\/p>\n","protected":false},"excerpt":{"rendered":"<p>Curso en l\u00ednea de actualizaci\u00f3n de PSM <h3>Introduzca una contrase\u00f1a para ver el contenido.<\/h3>\n<div class=\"protect-div psm_refresher_shortcode\">\r\n<div class=\"et_pb_contact_form_container\">\r\n    <\/div>\r\n    <div class=\"et_pb_contact\">       <form id=\"psm_refresher_shortcode\" name=\"form\" data-redirect=\"\" method=\"post\" action=\"#psm_refresher_shortcode\" class=\"after-two\" data-trp-original-action=\"#psm_refresher_shortcode\">\r\n\r\n        <p class=\"et_pb_contact_field\" style=\"padding:0;\"><label class=\"et_pb_contact_form_label\" for=\"txtpassword\">Contrase\u00f1a:<\/label>\r\n        <br \/><input id=\"password\" type=\"password\" title=\"Ingresa tu contrase\u00f1a\" name=\"password\" \/>\r\n        <span toggle=\"#password\" class=\"fa fa-fw fa-eye fa-eye-slash field-icon toggle-password\"><\/span>\r\n      <\/p>\r\n        <span class=\"error-message\">Wrong password, please try again<\/span>\r\n    <div class=\"et_contact_bottom_container\">\r\n      <div class=\"et_pb_contact_right\">\r\n        <button type=\"submit\" name=\"Submit\" value=\"Login\" class=\"et_pb_contact_submit et_pb_button protect-login\">Acceso<\/button>\r\n    <\/div><\/div>\r\n    <input type=\"hidden\" name=\"trp-form-language\" value=\"es\"\/><\/form>\r\n    <\/div>\r\n    <div style=\"clear:both\"><\/div>\r\n    <\/div>\r\n <\/p>","protected":false},"author":35,"featured_media":0,"parent":0,"menu_order":0,"comment_status":"closed","ping_status":"closed","template":"","meta":{"_acf_changed":false,"_et_pb_use_builder":"on","_et_pb_old_content":"<p>[ctf_content][passster password=\"2023PSMjan\"] [gravityform id=\"8\" title=\"true\" description=\"true\"] [\/passster][\/ctf_content]<\/p>","_et_gb_content_width":"","footnotes":""},"class_list":["post-236043","page","type-page","status-publish","hentry"],"acf":[],"yoast_head":"<!-- This site is optimized with the Yoast SEO plugin v27.3 - https:\/\/yoast.com\/product\/yoast-seo-wordpress\/ -->\n<title>PSM Refresher Online Course - Philadelphia (PA) Training Center<\/title>\n<meta name=\"robots\" content=\"index, follow, max-snippet:-1, max-image-preview:large, max-video-preview:-1\" \/>\n<link rel=\"canonical\" href=\"https:\/\/www.eascarpenterstech.edu\/philadelphia\/es\/psm-refresher\/\" \/>\n<meta property=\"og:locale\" content=\"es_ES\" \/>\n<meta property=\"og:type\" content=\"article\" \/>\n<meta property=\"og:title\" content=\"PSM Refresher Online Course - Philadelphia (PA) Training Center\" \/>\n<meta property=\"og:url\" content=\"https:\/\/www.eascarpenterstech.edu\/philadelphia\/es\/psm-refresher\/\" \/>\n<meta property=\"og:site_name\" content=\"Philadelphia (PA) Training Center\" \/>\n<meta property=\"article:modified_time\" content=\"2026-04-01T14:52:29+00:00\" \/>\n<meta property=\"og:image\" content=\"https:\/\/www.eascarpenterstech.edu\/philadelphia\/wp-content\/uploads\/sites\/4\/2024\/03\/YOAST-Facebook-WebshareImage-1.jpg\" \/>\n\t<meta property=\"og:image:width\" content=\"600\" \/>\n\t<meta property=\"og:image:height\" content=\"315\" \/>\n\t<meta property=\"og:image:type\" content=\"image\/jpeg\" \/>\n<meta name=\"twitter:card\" content=\"summary_large_image\" \/>\n<meta name=\"twitter:label1\" content=\"Est. reading time\" \/>\n\t<meta name=\"twitter:data1\" content=\"1 minuto\" \/>\n<script type=\"application\/ld+json\" class=\"yoast-schema-graph\">{\"@context\":\"https:\\\/\\\/schema.org\",\"@graph\":[{\"@type\":\"WebPage\",\"@id\":\"https:\\\/\\\/www.eascarpenterstech.edu\\\/philadelphia\\\/psm-refresher\\\/\",\"url\":\"https:\\\/\\\/www.eascarpenterstech.edu\\\/philadelphia\\\/psm-refresher\\\/\",\"name\":\"PSM Refresher Online Course - Philadelphia (PA) Training Center\",\"isPartOf\":{\"@id\":\"https:\\\/\\\/www.eascarpenterstech.edu\\\/philadelphia\\\/#website\"},\"datePublished\":\"2023-09-11T16:14:31+00:00\",\"dateModified\":\"2026-04-01T14:52:29+00:00\",\"breadcrumb\":{\"@id\":\"https:\\\/\\\/www.eascarpenterstech.edu\\\/philadelphia\\\/psm-refresher\\\/#breadcrumb\"},\"inLanguage\":\"es\",\"potentialAction\":[{\"@type\":\"ReadAction\",\"target\":[\"https:\\\/\\\/www.eascarpenterstech.edu\\\/philadelphia\\\/psm-refresher\\\/\"]}]},{\"@type\":\"BreadcrumbList\",\"@id\":\"https:\\\/\\\/www.eascarpenterstech.edu\\\/philadelphia\\\/psm-refresher\\\/#breadcrumb\",\"itemListElement\":[{\"@type\":\"ListItem\",\"position\":1,\"name\":\"Home\",\"item\":\"https:\\\/\\\/www.eascarpenterstech.edu\\\/philadelphia\\\/\"},{\"@type\":\"ListItem\",\"position\":2,\"name\":\"PSM Refresher Online Course\"}]},{\"@type\":\"WebSite\",\"@id\":\"https:\\\/\\\/www.eascarpenterstech.edu\\\/philadelphia\\\/#website\",\"url\":\"https:\\\/\\\/www.eascarpenterstech.edu\\\/philadelphia\\\/\",\"name\":\"Philadelphia Training Center\",\"description\":\"\",\"publisher\":{\"@id\":\"https:\\\/\\\/www.eascarpenterstech.edu\\\/philadelphia\\\/#organization\"},\"potentialAction\":[{\"@type\":\"SearchAction\",\"target\":{\"@type\":\"EntryPoint\",\"urlTemplate\":\"https:\\\/\\\/www.eascarpenterstech.edu\\\/philadelphia\\\/?s={search_term_string}\"},\"query-input\":{\"@type\":\"PropertyValueSpecification\",\"valueRequired\":true,\"valueName\":\"search_term_string\"}}],\"inLanguage\":\"es\"},{\"@type\":\"Organization\",\"@id\":\"https:\\\/\\\/www.eascarpenterstech.edu\\\/philadelphia\\\/#organization\",\"name\":\"Philadelphia Training Center\",\"url\":\"https:\\\/\\\/www.eascarpenterstech.edu\\\/philadelphia\\\/\",\"logo\":{\"@type\":\"ImageObject\",\"inLanguage\":\"es\",\"@id\":\"https:\\\/\\\/www.eascarpenterstech.edu\\\/philadelphia\\\/#\\\/schema\\\/logo\\\/image\\\/\",\"url\":\"https:\\\/\\\/www.eascarpenterstech.edu\\\/philadelphia\\\/wp-content\\\/uploads\\\/sites\\\/4\\\/2023\\\/08\\\/YOAST-Facebook-WebshareImage.jpg\",\"contentUrl\":\"https:\\\/\\\/www.eascarpenterstech.edu\\\/philadelphia\\\/wp-content\\\/uploads\\\/sites\\\/4\\\/2023\\\/08\\\/YOAST-Facebook-WebshareImage.jpg\",\"width\":600,\"height\":315,\"caption\":\"Philadelphia Training Center\"},\"image\":{\"@id\":\"https:\\\/\\\/www.eascarpenterstech.edu\\\/philadelphia\\\/#\\\/schema\\\/logo\\\/image\\\/\"}}]}<\/script>\n<!-- \/ Yoast SEO plugin. -->","yoast_head_json":{"title":"PSM Refresher Online Course - Philadelphia (PA) Training Center","robots":{"index":"index","follow":"follow","max-snippet":"max-snippet:-1","max-image-preview":"max-image-preview:large","max-video-preview":"max-video-preview:-1"},"canonical":"https:\/\/www.eascarpenterstech.edu\/philadelphia\/es\/psm-refresher\/","og_locale":"es_ES","og_type":"article","og_title":"PSM Refresher Online Course - Philadelphia (PA) Training Center","og_url":"https:\/\/www.eascarpenterstech.edu\/philadelphia\/es\/psm-refresher\/","og_site_name":"Philadelphia (PA) Training Center","article_modified_time":"2026-04-01T14:52:29+00:00","og_image":[{"width":600,"height":315,"url":"https:\/\/www.eascarpenterstech.edu\/philadelphia\/wp-content\/uploads\/sites\/4\/2024\/03\/YOAST-Facebook-WebshareImage-1.jpg","type":"image\/jpeg"}],"twitter_card":"summary_large_image","twitter_misc":{"Est. reading time":"1 minuto"},"schema":{"@context":"https:\/\/schema.org","@graph":[{"@type":"WebPage","@id":"https:\/\/www.eascarpenterstech.edu\/philadelphia\/psm-refresher\/","url":"https:\/\/www.eascarpenterstech.edu\/philadelphia\/psm-refresher\/","name":"PSM Refresher Online Course - Philadelphia (PA) Training Center","isPartOf":{"@id":"https:\/\/www.eascarpenterstech.edu\/philadelphia\/#website"},"datePublished":"2023-09-11T16:14:31+00:00","dateModified":"2026-04-01T14:52:29+00:00","breadcrumb":{"@id":"https:\/\/www.eascarpenterstech.edu\/philadelphia\/psm-refresher\/#breadcrumb"},"inLanguage":"es","potentialAction":[{"@type":"ReadAction","target":["https:\/\/www.eascarpenterstech.edu\/philadelphia\/psm-refresher\/"]}]},{"@type":"BreadcrumbList","@id":"https:\/\/www.eascarpenterstech.edu\/philadelphia\/psm-refresher\/#breadcrumb","itemListElement":[{"@type":"ListItem","position":1,"name":"Home","item":"https:\/\/www.eascarpenterstech.edu\/philadelphia\/"},{"@type":"ListItem","position":2,"name":"PSM Refresher Online Course"}]},{"@type":"WebSite","@id":"https:\/\/www.eascarpenterstech.edu\/philadelphia\/#website","url":"https:\/\/www.eascarpenterstech.edu\/philadelphia\/","name":"Centro de entrenamiento de Filadelfia","description":"","publisher":{"@id":"https:\/\/www.eascarpenterstech.edu\/philadelphia\/#organization"},"potentialAction":[{"@type":"SearchAction","target":{"@type":"EntryPoint","urlTemplate":"https:\/\/www.eascarpenterstech.edu\/philadelphia\/?s={search_term_string}"},"query-input":{"@type":"PropertyValueSpecification","valueRequired":true,"valueName":"search_term_string"}}],"inLanguage":"es"},{"@type":"Organization","@id":"https:\/\/www.eascarpenterstech.edu\/philadelphia\/#organization","name":"Centro de entrenamiento de Filadelfia","url":"https:\/\/www.eascarpenterstech.edu\/philadelphia\/","logo":{"@type":"ImageObject","inLanguage":"es","@id":"https:\/\/www.eascarpenterstech.edu\/philadelphia\/#\/schema\/logo\/image\/","url":"https:\/\/www.eascarpenterstech.edu\/philadelphia\/wp-content\/uploads\/sites\/4\/2023\/08\/YOAST-Facebook-WebshareImage.jpg","contentUrl":"https:\/\/www.eascarpenterstech.edu\/philadelphia\/wp-content\/uploads\/sites\/4\/2023\/08\/YOAST-Facebook-WebshareImage.jpg","width":600,"height":315,"caption":"Philadelphia Training Center"},"image":{"@id":"https:\/\/www.eascarpenterstech.edu\/philadelphia\/#\/schema\/logo\/image\/"}}]}},"publishpress_future_action":{"enabled":false,"date":"2026-04-20 14:14:56","action":"change-status","newStatus":"draft","terms":[],"taxonomy":"","extraData":[]},"publishpress_future_workflow_manual_trigger":{"enabledWorkflows":[]},"_links":{"self":[{"href":"https:\/\/www.eascarpenterstech.edu\/philadelphia\/es\/wp-json\/wp\/v2\/pages\/236043","targetHints":{"allow":["GET"]}}],"collection":[{"href":"https:\/\/www.eascarpenterstech.edu\/philadelphia\/es\/wp-json\/wp\/v2\/pages"}],"about":[{"href":"https:\/\/www.eascarpenterstech.edu\/philadelphia\/es\/wp-json\/wp\/v2\/types\/page"}],"author":[{"embeddable":true,"href":"https:\/\/www.eascarpenterstech.edu\/philadelphia\/es\/wp-json\/wp\/v2\/users\/35"}],"replies":[{"embeddable":true,"href":"https:\/\/www.eascarpenterstech.edu\/philadelphia\/es\/wp-json\/wp\/v2\/comments?post=236043"}],"version-history":[{"count":7,"href":"https:\/\/www.eascarpenterstech.edu\/philadelphia\/es\/wp-json\/wp\/v2\/pages\/236043\/revisions"}],"predecessor-version":[{"id":237132,"href":"https:\/\/www.eascarpenterstech.edu\/philadelphia\/es\/wp-json\/wp\/v2\/pages\/236043\/revisions\/237132"}],"wp:attachment":[{"href":"https:\/\/www.eascarpenterstech.edu\/philadelphia\/es\/wp-json\/wp\/v2\/media?parent=236043"}],"curies":[{"name":"gracias","href":"https:\/\/api.w.org\/{rel}","templated":true}]}}