{"id":73,"date":"2014-03-14T14:55:30","date_gmt":"2014-03-14T18:55:30","guid":{"rendered":"http:\/\/dev.nectf.org\/?page_id=73"},"modified":"2022-08-12T12:32:03","modified_gmt":"2022-08-12T16:32:03","slug":"home","status":"publish","type":"page","link":"https:\/\/www.eascarpenterstech.edu\/es\/home\/","title":{"rendered":"Hogar"},"content":{"rendered":"<p>[et_pb_section fb_built=&#8221;1&#8243; specialty=&#8221;on&#8221; _builder_version=&#8221;4.17.6&#8243; _module_preset=&#8221;default&#8221; background_image=&#8221;https:\/\/www.eascarpenterstech.edu\/wp-content\/uploads\/2022\/07\/iStock-1147804793-scaled.jpg&#8221; parallax=&#8221;on&#8221; parallax_method=&#8221;off&#8221; custom_padding=&#8221;5%||5%||false|false&#8221; global_colors_info=&#8221;{}&#8221;][et_pb_column type=&#8221;1_2&#8243; specialty_columns=&#8221;2&#8243; _builder_version=&#8221;4.16&#8243; custom_padding=&#8221;|||&#8221; global_colors_info=&#8221;{}&#8221; custom_padding__hover=&#8221;|||&#8221;][et_pb_row_inner _builder_version=&#8221;4.16&#8243; _module_preset=&#8221;default&#8221; custom_margin=&#8221;||0px||false|false&#8221; custom_padding=&#8221;||0px||false|false&#8221; global_colors_info=&#8221;{}&#8221;][et_pb_column_inner saved_specialty_column_type=&#8221;1_2&#8243; _builder_version=&#8221;4.16&#8243; _module_preset=&#8221;default&#8221; global_colors_info=&#8221;{}&#8221;][et_pb_text admin_label=&#8221;Text&#8221; _builder_version=&#8221;4.16&#8243; text_font=&#8221;|600|||||||&#8221; text_text_color=&#8221;#FFFFFF&#8221; text_line_height=&#8221;28px&#8221; link_font=&#8221;Open Sans|300|||||||&#8221; link_text_color=&#8221;#231f20&#8243; header_text_color=&#8221;#FFFFFF&#8221; header_font_size=&#8221;28px&#8221; header_line_height=&#8221;32px&#8221; header_2_text_color=&#8221;#FFFFFF&#8221; background_size=&#8221;initial&#8221; background_position=&#8221;top_left&#8221; background_repeat=&#8221;repeat&#8221; custom_margin=&#8221;||19px||false|false&#8221; custom_padding=&#8221;||10px||false|false&#8221; text_text_shadow_style=&#8221;preset2&#8243; header_text_shadow_style=&#8221;preset2&#8243; border_width_bottom=&#8221;2px&#8221; border_color_bottom=&#8221;rgba(255,255,255,0.36)&#8221; global_colors_info=&#8221;{}&#8221; link_text_color__hover_enabled=&#8221;on|hover&#8221; link_text_color__hover=&#8221;#d31245&#8243;]<\/p>\n<h1>Welcome Union Members!<\/h1>\n<p>[\/et_pb_text][et_pb_text admin_label=&#8221;Text&#8221; _builder_version=&#8221;4.16&#8243; text_font=&#8221;|600|||||||&#8221; text_text_color=&#8221;#FFFFFF&#8221; text_line_height=&#8221;28px&#8221; link_font=&#8221;Open Sans|300|||||||&#8221; link_text_color=&#8221;#231f20&#8243; header_text_color=&#8221;#FFFFFF&#8221; header_font_size=&#8221;28px&#8221; header_line_height=&#8221;32px&#8221; header_2_text_color=&#8221;#FFFFFF&#8221; background_size=&#8221;initial&#8221; background_position=&#8221;top_left&#8221; background_repeat=&#8221;repeat&#8221; custom_margin=&#8221;0px||||false|false&#8221; custom_padding=&#8221;0px||||false|false&#8221; text_text_shadow_style=&#8221;preset2&#8243; header_text_shadow_style=&#8221;preset2&#8243; global_colors_info=&#8221;{}&#8221; link_text_color__hover_enabled=&#8221;on|hover&#8221; link_text_color__hover=&#8221;#d31245&#8243;]<\/p>\n<p>Register or Schedule for any upcoming Training Fund class!<\/p>\n<p>[\/et_pb_text][\/et_pb_column_inner][\/et_pb_row_inner][et_pb_row_inner column_structure=&#8221;1_3,1_3,1_3&#8243; use_custom_gutter=&#8221;on&#8221; gutter_width=&#8221;1&#8243; _builder_version=&#8221;4.17.6&#8243; _module_preset=&#8221;default&#8221; custom_padding=&#8221;10px||0px||false|false&#8221; hover_enabled=&#8221;0&#8243; global_colors_info=&#8221;{}&#8221; make_equal=&#8221;on&#8221; sticky_enabled=&#8221;0&#8243;][et_pb_column_inner type=&#8221;1_3&#8243; saved_specialty_column_type=&#8221;1_2&#8243; _builder_version=&#8221;4.16&#8243; _module_preset=&#8221;default&#8221; custom_padding=&#8221;|2px||2px|false|false&#8221; global_colors_info=&#8221;{}&#8221;][et_pb_button button_url=&#8221;\/courses&#8221; button_text=&#8221;Upcoming Classes&#8221; button_alignment=&#8221;center&#8221; _builder_version=&#8221;4.17.6&#8243; _module_preset=&#8221;default&#8221; custom_button=&#8221;on&#8221; button_text_size=&#8221;14px&#8221; button_text_color=&#8221;#ffffff&#8221; button_bg_color=&#8221;#d31245&#8243; button_use_icon=&#8221;off&#8221; custom_css_main_element=&#8221;width: 100%;&#8221; global_colors_info=&#8221;{}&#8221; button_bg_color__hover_enabled=&#8221;on|hover&#8221; button_bg_color__hover=&#8221;#aa0f3f&#8221; button_bg_enable_color__hover=&#8221;on&#8221; button_text_color__hover_enabled=&#8221;on|desktop&#8221; button_text_color__hover=&#8221;#ffffff&#8221;][\/et_pb_button][\/et_pb_column_inner][et_pb_column_inner type=&#8221;1_3&#8243; saved_specialty_column_type=&#8221;1_2&#8243; _builder_version=&#8221;4.16&#8243; _module_preset=&#8221;default&#8221; custom_padding=&#8221;|2px||2px|false|false&#8221; global_colors_info=&#8221;{}&#8221;][et_pb_button button_url=&#8221;\/application-for-apprenticeship\/&#8221; button_text=&#8221;Become an Apprentice&#8221; button_alignment=&#8221;center&#8221; _builder_version=&#8221;4.16&#8243; _module_preset=&#8221;default&#8221; custom_button=&#8221;on&#8221; button_text_size=&#8221;14px&#8221; button_text_color=&#8221;#ffffff&#8221; button_bg_color=&#8221;#d31245&#8243; button_use_icon=&#8221;off&#8221; custom_css_main_element=&#8221;width: 100%;&#8221; global_colors_info=&#8221;{}&#8221; button_bg_color__hover_enabled=&#8221;on|hover&#8221; button_bg_color__hover=&#8221;#aa0f3f&#8221; button_bg_enable_color__hover=&#8221;on&#8221; button_text_color__hover_enabled=&#8221;on|desktop&#8221; button_text_color__hover=&#8221;#ffffff&#8221;][\/et_pb_button][\/et_pb_column_inner][et_pb_column_inner type=&#8221;1_3&#8243; saved_specialty_column_type=&#8221;1_2&#8243; _builder_version=&#8221;4.16&#8243; _module_preset=&#8221;default&#8221; custom_padding=&#8221;|2px||2px|false|false&#8221; global_colors_info=&#8221;{}&#8221;][et_pb_button button_url=&#8221;\/trainings\/&#8221; button_text=&#8221;All Available Trainings&#8221; button_alignment=&#8221;center&#8221; _builder_version=&#8221;4.17.6&#8243; _module_preset=&#8221;default&#8221; custom_button=&#8221;on&#8221; button_text_size=&#8221;14px&#8221; button_text_color=&#8221;#ffffff&#8221; button_bg_color=&#8221;#d31245&#8243; button_use_icon=&#8221;off&#8221; custom_css_main_element=&#8221;width: 100%;&#8221; global_colors_info=&#8221;{}&#8221; button_bg_color__hover_enabled=&#8221;on|hover&#8221; button_bg_color__hover=&#8221;#aa0f3f&#8221; button_bg_enable_color__hover=&#8221;on&#8221; button_text_color__hover_enabled=&#8221;on|desktop&#8221; button_text_color__hover=&#8221;#ffffff&#8221;][\/et_pb_button][\/et_pb_column_inner][\/et_pb_row_inner][et_pb_row_inner use_custom_gutter=&#8221;on&#8221; gutter_width=&#8221;1&#8243; _builder_version=&#8221;4.16&#8243; _module_preset=&#8221;default&#8221; custom_padding=&#8221;10px||||false|false&#8221; global_colors_info=&#8221;{}&#8221;][et_pb_column_inner saved_specialty_column_type=&#8221;1_2&#8243; _builder_version=&#8221;4.16&#8243; _module_preset=&#8221;default&#8221; custom_padding=&#8221;|2px||2px|false|false&#8221; global_colors_info=&#8221;{}&#8221;][et_pb_button button_url=&#8221;\/news-and-announcements\/&#8221; button_text=&#8221;IMPORTANT News &#038; Announcements&#8221; button_alignment=&#8221;center&#8221; _builder_version=&#8221;4.17.6&#8243; _module_preset=&#8221;default&#8221; custom_button=&#8221;on&#8221; button_text_size=&#8221;14px&#8221; button_text_color=&#8221;#ffffff&#8221; button_bg_color=&#8221;#dd9933&#8243; button_font=&#8221;|600|||||||&#8221; button_use_icon=&#8221;off&#8221; custom_css_main_element=&#8221;width: 100%;&#8221; global_colors_info=&#8221;{}&#8221; button_bg_color__hover_enabled=&#8221;on|hover&#8221; button_bg_color__hover=&#8221;#dd9933&#8243; button_bg_enable_color__hover=&#8221;on&#8221; button_text_color__hover_enabled=&#8221;on|desktop&#8221; button_text_color__hover=&#8221;#FFFFFF&#8221; button_letter_spacing__hover_enabled=&#8221;on|hover&#8221; button_letter_spacing__hover=&#8221;1px&#8221;][\/et_pb_button][\/et_pb_column_inner][\/et_pb_row_inner][\/et_pb_column][et_pb_column type=&#8221;1_2&#8243; _builder_version=&#8221;4.16&#8243; custom_padding=&#8221;|||&#8221; global_colors_info=&#8221;{}&#8221; custom_padding__hover=&#8221;|||&#8221;][et_pb_image src=&#8221;https:\/\/www.eascarpenterstech.edu\/wp-content\/uploads\/2020\/12\/UBC.png&#8221; title_text=&#8221;UBC&#8221; align=&#8221;center&#8221; _builder_version=&#8221;4.16&#8243; _module_preset=&#8221;default&#8221; global_colors_info=&#8221;{}&#8221;][\/et_pb_image][\/et_pb_column][\/et_pb_section][et_pb_section fb_built=&#8221;1&#8243; _builder_version=&#8221;4.17.6&#8243; _module_preset=&#8221;default&#8221; background_color=&#8221;#D31245&#8243; link_option_url=&#8221;https:\/\/www.eascarpenterstech.edu\/wp-content\/uploads\/2022\/07\/FL-PT-Instructor-Job-Description.pdf&#8221; link_option_url_new_window=&#8221;on&#8221; global_colors_info=&#8221;{}&#8221;][et_pb_row _builder_version=&#8221;4.17.6&#8243; _module_preset=&#8221;default&#8221; global_colors_info=&#8221;{}&#8221;][et_pb_column type=&#8221;4_4&#8243; _builder_version=&#8221;4.17.6&#8243; _module_preset=&#8221;default&#8221; global_colors_info=&#8221;{}&#8221;][et_pb_text _builder_version=&#8221;4.17.6&#8243; _module_preset=&#8221;default&#8221; text_text_color=&#8221;#FFFFFF&#8221; text_font_size=&#8221;18px&#8221; text_orientation=&#8221;center&#8221; global_colors_info=&#8221;{}&#8221;]<\/p>\n<p><b>Part-time instructor job opportunity available,\u00a0CLICK HERE\u00a0for more information<\/b><\/p>\n<p>[\/et_pb_text][\/et_pb_column][\/et_pb_row][\/et_pb_section][et_pb_section fb_built=&#8221;1&#8243; _builder_version=&#8221;4.16&#8243; _module_preset=&#8221;default&#8221; background_image=&#8221;https:\/\/ctfdev.inconcertweb.com\/wp-content\/uploads\/2021\/04\/bg-graphing2.jpg&#8221; box_shadow_style=&#8221;preset1&#8243; global_colors_info=&#8221;{}&#8221;][et_pb_row _builder_version=&#8221;4.17.4&#8243; _module_preset=&#8221;default&#8221; background_enable_color=&#8221;off&#8221; global_colors_info=&#8221;{}&#8221;][et_pb_column type=&#8221;4_4&#8243; _builder_version=&#8221;4.16&#8243; _module_preset=&#8221;default&#8221; global_colors_info=&#8221;{}&#8221;][et_pb_text _builder_version=&#8221;4.17.4&#8243; _module_preset=&#8221;default&#8221; text_line_height=&#8221;28px&#8221; width=&#8221;100%&#8221; module_alignment=&#8221;center&#8221; global_colors_info=&#8221;{}&#8221;]<\/p>\n<h2>ABOUT US<\/h2>\n<p>More than 40 years of dedication to improving your skills and your wages.<\/p>\n<p>Established on November 1, 1969, the Northeast Carpenters Apprentice Training and Educational Fund (NCATF) is committed to training the most highly-skilled and efficient work force necessary to remain competitive in today\u2019s construction market. The training program is sponsored entirely through employer contributions based on a percentage of the negotiated hourly wage.<\/p>\n<p>The NCATF operates two training facilities in New Jersey, in Edison & Hammonton, and one training facility in Puerto Rico, Carolina. In New Jersey, the training centers are registered with the United States Department of Labor, Office of Apprenticeship. Additionally, each apprentice is registered with the states respective agency and their progress is monitored by that agency throughout their training period.<\/p>\n<p>[\/et_pb_text][\/et_pb_column][\/et_pb_row][\/et_pb_section][et_pb_section fb_built=&#8221;1&#8243; _builder_version=&#8221;4.17.6&#8243; _module_preset=&#8221;default&#8221; background_image=&#8221;https:\/\/www.eascarpenterstech.edu\/wp-content\/uploads\/2022\/07\/iStock-1332973041-scaled.jpg&#8221; parallax=&#8221;on&#8221; parallax_method=&#8221;off&#8221; global_colors_info=&#8221;{}&#8221;][et_pb_row _builder_version=&#8221;4.16&#8243; _module_preset=&#8221;default&#8221; background_enable_color=&#8221;off&#8221; custom_padding=&#8221;20vh||20vh||false|false&#8221; global_colors_info=&#8221;{}&#8221;][et_pb_column type=&#8221;4_4&#8243; _builder_version=&#8221;4.16&#8243; _module_preset=&#8221;default&#8221; global_colors_info=&#8221;{}&#8221;][\/et_pb_column][\/et_pb_row][\/et_pb_section][et_pb_section fb_built=&#8221;1&#8243; _builder_version=&#8221;4.16&#8243; _module_preset=&#8221;default&#8221; global_colors_info=&#8221;{}&#8221;][et_pb_row column_structure=&#8221;1_3,1_3,1_3&#8243; _builder_version=&#8221;4.16&#8243; _module_preset=&#8221;default&#8221; global_colors_info=&#8221;{}&#8221;][et_pb_column type=&#8221;1_3&#8243; _builder_version=&#8221;4.16&#8243; _module_preset=&#8221;default&#8221; global_colors_info=&#8221;{}&#8221;][et_pb_image src=&#8221;https:\/\/www.eascarpenterstech.edu\/wp-content\/uploads\/2022\/07\/iStock-646927850-scaled.jpg&#8221; title_text=&#8221;professional carpenters woodworking teamwork together creatively, creative carpenter working workshop for wooden craftman with wood, carpentry industry worker team partner joiner with wood job&#8221; align=&#8221;center&#8221; _builder_version=&#8221;4.17.6&#8243; _module_preset=&#8221;default&#8221; custom_padding=&#8221;0px|0px|0px|0px|false|false&#8221; box_shadow_style=&#8221;preset3&#8243; global_colors_info=&#8221;{}&#8221;][\/et_pb_image][et_pb_button button_url=&#8221;\/courses&#8221; button_text=&#8221;View All Classes&#8221; button_alignment=&#8221;center&#8221; _builder_version=&#8221;4.16&#8243; _module_preset=&#8221;default&#8221; custom_button=&#8221;on&#8221; button_text_size=&#8221;16px&#8221; button_text_color=&#8221;#ffffff&#8221; button_bg_color=&#8221;#d31245&#8243; button_use_icon=&#8221;off&#8221; custom_css_main_element=&#8221;width: 100%;&#8221; global_colors_info=&#8221;{}&#8221; button_bg_color__hover_enabled=&#8221;on|hover&#8221; button_bg_color__hover=&#8221;#aa0f3f&#8221; button_bg_enable_color__hover=&#8221;on&#8221; button_text_color__hover_enabled=&#8221;on|desktop&#8221; button_text_color__hover=&#8221;#ffffff&#8221;][\/et_pb_button][\/et_pb_column][et_pb_column type=&#8221;1_3&#8243; _builder_version=&#8221;4.16&#8243; _module_preset=&#8221;default&#8221; global_colors_info=&#8221;{}&#8221;][et_pb_image src=&#8221;https:\/\/www.eascarpenterstech.edu\/wp-content\/uploads\/2022\/07\/iStock-1325447575-scaled.jpg&#8221; title_text=&#8221;professional carpenters woodworking teamwork together creatively, creative carpenter working workshop for wooden craftman with wood, carpentry industry worker team partner joiner with wood job&#8221; align=&#8221;center&#8221; _builder_version=&#8221;4.17.6&#8243; _module_preset=&#8221;default&#8221; custom_padding=&#8221;0px|0px|0px|0px|false|false&#8221; box_shadow_style=&#8221;preset3&#8243; global_colors_info=&#8221;{}&#8221;][\/et_pb_image][et_pb_button button_url=&#8221;\/apprentice-resources\/&#8221; button_text=&#8221;Become an Apprentice&#8221; button_alignment=&#8221;center&#8221; _builder_version=&#8221;4.16&#8243; _module_preset=&#8221;default&#8221; custom_button=&#8221;on&#8221; button_text_size=&#8221;16px&#8221; button_text_color=&#8221;#ffffff&#8221; button_bg_color=&#8221;#d31245&#8243; button_use_icon=&#8221;off&#8221; custom_css_main_element=&#8221;width: 100%;&#8221; global_colors_info=&#8221;{}&#8221; button_bg_color__hover_enabled=&#8221;on|hover&#8221; button_bg_color__hover=&#8221;#aa0f3f&#8221; button_bg_enable_color__hover=&#8221;on&#8221; button_text_color__hover_enabled=&#8221;on|desktop&#8221; button_text_color__hover=&#8221;#ffffff&#8221;][\/et_pb_button][\/et_pb_column][et_pb_column type=&#8221;1_3&#8243; _builder_version=&#8221;4.16&#8243; _module_preset=&#8221;default&#8221; global_colors_info=&#8221;{}&#8221;][et_pb_image src=&#8221;https:\/\/www.eascarpenterstech.edu\/wp-content\/uploads\/2022\/07\/iStock-1218971679-scaled.jpg&#8221; title_text=&#8221;professional carpenters woodworking teamwork together creatively, creative carpenter working workshop for wooden craftman with wood, carpentry industry worker team partner joiner with wood job&#8221; align=&#8221;center&#8221; _builder_version=&#8221;4.17.6&#8243; _module_preset=&#8221;default&#8221; custom_padding=&#8221;0px|0px|0px|0px|false|false&#8221; box_shadow_style=&#8221;preset3&#8243; global_colors_info=&#8221;{}&#8221;][\/et_pb_image][et_pb_button button_url=&#8221;\/trainings\/&#8221; button_text=&#8221;All Available Trainings&#8221; button_alignment=&#8221;center&#8221; _builder_version=&#8221;4.16&#8243; _module_preset=&#8221;default&#8221; custom_button=&#8221;on&#8221; button_text_size=&#8221;16px&#8221; button_text_color=&#8221;#ffffff&#8221; button_bg_color=&#8221;#d31245&#8243; button_use_icon=&#8221;off&#8221; custom_css_main_element=&#8221;width: 100%;&#8221; global_colors_info=&#8221;{}&#8221; button_bg_color__hover_enabled=&#8221;on|hover&#8221; button_bg_color__hover=&#8221;#aa0f3f&#8221; button_bg_enable_color__hover=&#8221;on&#8221; button_text_color__hover_enabled=&#8221;on|desktop&#8221; button_text_color__hover=&#8221;#ffffff&#8221;][\/et_pb_button][\/et_pb_column][\/et_pb_row][\/et_pb_section]<\/p>\n","protected":false},"excerpt":{"rendered":"<p>\u00a1Bienvenidos miembros del sindicato! \u00a1Inscr\u00edbase o programe una clase del Fondo de Capacitaci\u00f3n! Oportunidad de trabajo disponible como instructor a tiempo parcial. HAGA CLIC AQU\u00cd para obtener m\u00e1s informaci\u00f3n. SOBRE NOSOTROS. M\u00e1s de 40 a\u00f1os de dedicaci\u00f3n a mejorar sus habilidades y salarios. Establecido el 1 de noviembre de 1969, el Fondo de Capacitaci\u00f3n y Educaci\u00f3n de Aprendices de Carpinteros del Noreste (NCATF) se compromete a capacitar a la fuerza laboral m\u00e1s calificada y eficiente necesaria para mantenerse competitivo en el mercado de la construcci\u00f3n actual. El programa de capacitaci\u00f3n se financia en su totalidad con contribuciones del empleador basadas en un porcentaje del salario por hora negociado. El NCATF opera dos centros de capacitaci\u00f3n en Nueva Jersey, en Edison y Hammonton, y un centro de capacitaci\u00f3n en Puerto Rico, Carolina. En Nueva Jersey, los centros de capacitaci\u00f3n est\u00e1n registrados en la Oficina de Aprendizaje del Departamento de Trabajo de los Estados Unidos. Adem\u00e1s, cada aprendiz est\u00e1 registrado en la agencia estatal respectiva y su progreso es monitoreado por esa agencia durante su per\u00edodo de capacitaci\u00f3n.<\/p>","protected":false},"author":35,"featured_media":0,"parent":0,"menu_order":10,"comment_status":"closed","ping_status":"closed","template":"","meta":{"_acf_changed":false,"_et_pb_use_builder":"on","_et_pb_old_content":"[metaslider id=99]","_et_gb_content_width":"","footnotes":""},"class_list":["post-73","page","type-page","status-publish","hentry"],"acf":[],"yoast_head":"<!-- This site is optimized with the Yoast SEO plugin v27.6 - https:\/\/yoast.com\/product\/yoast-seo-wordpress\/ -->\n<title>Home - Eastern Atlantic States Carpenters Technical Center<\/title>\n<meta name=\"robots\" content=\"index, follow, max-snippet:-1, max-image-preview:large, max-video-preview:-1\" \/>\n<link rel=\"canonical\" href=\"https:\/\/www.eascarpenterstech.edu\/es\/home\/\" \/>\n<meta property=\"og:locale\" content=\"es_ES\" \/>\n<meta property=\"og:type\" content=\"article\" \/>\n<meta property=\"og:title\" content=\"Home - Eastern Atlantic States Carpenters Technical Center\" \/>\n<meta property=\"og:url\" content=\"https:\/\/www.eascarpenterstech.edu\/es\/home\/\" \/>\n<meta property=\"og:site_name\" content=\"Eastern Atlantic States Carpenters Technical Center\" \/>\n<meta property=\"article:modified_time\" content=\"2022-08-12T16:32:03+00:00\" \/>\n<meta property=\"og:image\" content=\"https:\/\/www.eascarpenterstech.edu\/wp-content\/uploads\/2022\/07\/YOAST-Facebook-WebshareImage-2.jpg\" \/>\n\t<meta property=\"og:image:width\" content=\"600\" \/>\n\t<meta property=\"og:image:height\" content=\"315\" \/>\n\t<meta property=\"og:image:type\" content=\"image\/jpeg\" \/>\n<meta name=\"twitter:card\" content=\"summary_large_image\" \/>\n<meta name=\"twitter:label1\" content=\"Est. reading time\" \/>\n\t<meta name=\"twitter:data1\" content=\"9 minutos\" \/>\n<script type=\"application\/ld+json\" class=\"yoast-schema-graph\">{\"@context\":\"https:\\\/\\\/schema.org\",\"@graph\":[{\"@type\":\"WebPage\",\"@id\":\"https:\\\/\\\/www.eascarpenterstech.edu\\\/home\\\/\",\"url\":\"https:\\\/\\\/www.eascarpenterstech.edu\\\/home\\\/\",\"name\":\"Home - Eastern Atlantic States Carpenters Technical Center\",\"isPartOf\":{\"@id\":\"https:\\\/\\\/www.eascarpenterstech.edu\\\/#website\"},\"datePublished\":\"2014-03-14T18:55:30+00:00\",\"dateModified\":\"2022-08-12T16:32:03+00:00\",\"breadcrumb\":{\"@id\":\"https:\\\/\\\/www.eascarpenterstech.edu\\\/home\\\/#breadcrumb\"},\"inLanguage\":\"es\",\"potentialAction\":[{\"@type\":\"ReadAction\",\"target\":[\"https:\\\/\\\/www.eascarpenterstech.edu\\\/home\\\/\"]}]},{\"@type\":\"BreadcrumbList\",\"@id\":\"https:\\\/\\\/www.eascarpenterstech.edu\\\/home\\\/#breadcrumb\",\"itemListElement\":[{\"@type\":\"ListItem\",\"position\":1,\"name\":\"Home\",\"item\":\"https:\\\/\\\/www.eascarpenterstech.edu\\\/\"},{\"@type\":\"ListItem\",\"position\":2,\"name\":\"Home\"}]},{\"@type\":\"WebSite\",\"@id\":\"https:\\\/\\\/www.eascarpenterstech.edu\\\/#website\",\"url\":\"https:\\\/\\\/www.eascarpenterstech.edu\\\/\",\"name\":\"Eastern Atlantic States Carpenters Technical Centers\",\"description\":\"Training The Best Carpenters in the Northeast Region\",\"publisher\":{\"@id\":\"https:\\\/\\\/www.eascarpenterstech.edu\\\/#organization\"},\"potentialAction\":[{\"@type\":\"SearchAction\",\"target\":{\"@type\":\"EntryPoint\",\"urlTemplate\":\"https:\\\/\\\/www.eascarpenterstech.edu\\\/?s={search_term_string}\"},\"query-input\":{\"@type\":\"PropertyValueSpecification\",\"valueRequired\":true,\"valueName\":\"search_term_string\"}}],\"inLanguage\":\"es\"},{\"@type\":\"Organization\",\"@id\":\"https:\\\/\\\/www.eascarpenterstech.edu\\\/#organization\",\"name\":\"Eastern Atlantic States Carpenters Technical Center\",\"url\":\"https:\\\/\\\/www.eascarpenterstech.edu\\\/\",\"logo\":{\"@type\":\"ImageObject\",\"inLanguage\":\"es\",\"@id\":\"https:\\\/\\\/www.eascarpenterstech.edu\\\/#\\\/schema\\\/logo\\\/image\\\/\",\"url\":\"https:\\\/\\\/www.eascarpenterstech.edu\\\/wp-content\\\/uploads\\\/2022\\\/07\\\/YOAST-Facebook-WebshareImage.jpg\",\"contentUrl\":\"https:\\\/\\\/www.eascarpenterstech.edu\\\/wp-content\\\/uploads\\\/2022\\\/07\\\/YOAST-Facebook-WebshareImage.jpg\",\"width\":600,\"height\":315,\"caption\":\"Eastern Atlantic States Carpenters Technical Center\"},\"image\":{\"@id\":\"https:\\\/\\\/www.eascarpenterstech.edu\\\/#\\\/schema\\\/logo\\\/image\\\/\"}}]}<\/script>\n<!-- \/ Yoast SEO plugin. -->","yoast_head_json":{"title":"Inicio - Centro T\u00e9cnico de Carpinteros de los Estados del Atl\u00e1ntico Oriental","robots":{"index":"index","follow":"follow","max-snippet":"max-snippet:-1","max-image-preview":"max-image-preview:large","max-video-preview":"max-video-preview:-1"},"canonical":"https:\/\/www.eascarpenterstech.edu\/es\/home\/","og_locale":"es_ES","og_type":"article","og_title":"Home - Eastern Atlantic States Carpenters Technical Center","og_url":"https:\/\/www.eascarpenterstech.edu\/es\/home\/","og_site_name":"Eastern Atlantic States Carpenters Technical Center","article_modified_time":"2022-08-12T16:32:03+00:00","og_image":[{"width":600,"height":315,"url":"https:\/\/www.eascarpenterstech.edu\/wp-content\/uploads\/2022\/07\/YOAST-Facebook-WebshareImage-2.jpg","type":"image\/jpeg"}],"twitter_card":"summary_large_image","twitter_misc":{"Est. reading time":"9 minutos"},"schema":{"@context":"https:\/\/schema.org","@graph":[{"@type":"WebPage","@id":"https:\/\/www.eascarpenterstech.edu\/home\/","url":"https:\/\/www.eascarpenterstech.edu\/home\/","name":"Inicio - Centro T\u00e9cnico de Carpinteros de los Estados del Atl\u00e1ntico Oriental","isPartOf":{"@id":"https:\/\/www.eascarpenterstech.edu\/#website"},"datePublished":"2014-03-14T18:55:30+00:00","dateModified":"2022-08-12T16:32:03+00:00","breadcrumb":{"@id":"https:\/\/www.eascarpenterstech.edu\/home\/#breadcrumb"},"inLanguage":"es","potentialAction":[{"@type":"ReadAction","target":["https:\/\/www.eascarpenterstech.edu\/home\/"]}]},{"@type":"BreadcrumbList","@id":"https:\/\/www.eascarpenterstech.edu\/home\/#breadcrumb","itemListElement":[{"@type":"ListItem","position":1,"name":"Home","item":"https:\/\/www.eascarpenterstech.edu\/"},{"@type":"ListItem","position":2,"name":"Home"}]},{"@type":"WebSite","@id":"https:\/\/www.eascarpenterstech.edu\/#website","url":"https:\/\/www.eascarpenterstech.edu\/","name":"Centros t\u00e9cnicos de carpinteros de los estados del Atl\u00e1ntico oriental","description":"Capacitando a los mejores carpinteros de la regi\u00f3n Nordeste","publisher":{"@id":"https:\/\/www.eascarpenterstech.edu\/#organization"},"potentialAction":[{"@type":"SearchAction","target":{"@type":"EntryPoint","urlTemplate":"https:\/\/www.eascarpenterstech.edu\/?s={search_term_string}"},"query-input":{"@type":"PropertyValueSpecification","valueRequired":true,"valueName":"search_term_string"}}],"inLanguage":"es"},{"@type":"Organization","@id":"https:\/\/www.eascarpenterstech.edu\/#organization","name":"Centro t\u00e9cnico de carpinteros de los estados del Atl\u00e1ntico oriental","url":"https:\/\/www.eascarpenterstech.edu\/","logo":{"@type":"ImageObject","inLanguage":"es","@id":"https:\/\/www.eascarpenterstech.edu\/#\/schema\/logo\/image\/","url":"https:\/\/www.eascarpenterstech.edu\/wp-content\/uploads\/2022\/07\/YOAST-Facebook-WebshareImage.jpg","contentUrl":"https:\/\/www.eascarpenterstech.edu\/wp-content\/uploads\/2022\/07\/YOAST-Facebook-WebshareImage.jpg","width":600,"height":315,"caption":"Eastern Atlantic States Carpenters Technical Center"},"image":{"@id":"https:\/\/www.eascarpenterstech.edu\/#\/schema\/logo\/image\/"}}]}},"publishpress_future_action":{"enabled":false,"date":"2026-05-22 07:20:57","action":"change-status","newStatus":"draft","terms":[],"taxonomy":"","extraData":[]},"publishpress_future_workflow_manual_trigger":{"enabledWorkflows":[]},"_links":{"self":[{"href":"https:\/\/www.eascarpenterstech.edu\/es\/wp-json\/wp\/v2\/pages\/73","targetHints":{"allow":["GET"]}}],"collection":[{"href":"https:\/\/www.eascarpenterstech.edu\/es\/wp-json\/wp\/v2\/pages"}],"about":[{"href":"https:\/\/www.eascarpenterstech.edu\/es\/wp-json\/wp\/v2\/types\/page"}],"author":[{"embeddable":true,"href":"https:\/\/www.eascarpenterstech.edu\/es\/wp-json\/wp\/v2\/users\/35"}],"replies":[{"embeddable":true,"href":"https:\/\/www.eascarpenterstech.edu\/es\/wp-json\/wp\/v2\/comments?post=73"}],"version-history":[{"count":21,"href":"https:\/\/www.eascarpenterstech.edu\/es\/wp-json\/wp\/v2\/pages\/73\/revisions"}],"predecessor-version":[{"id":63964,"href":"https:\/\/www.eascarpenterstech.edu\/es\/wp-json\/wp\/v2\/pages\/73\/revisions\/63964"}],"wp:attachment":[{"href":"https:\/\/www.eascarpenterstech.edu\/es\/wp-json\/wp\/v2\/media?parent=73"}],"curies":[{"name":"gracias","href":"https:\/\/api.w.org\/{rel}","templated":true}]}}