{"id":64032,"date":"2023-03-06T15:22:22","date_gmt":"2023-03-06T20:22:22","guid":{"rendered":"https:\/\/www.eascarpenterstech.edu\/?page_id=64032"},"modified":"2026-04-09T08:37:56","modified_gmt":"2026-04-09T12:37:56","slug":"home-2","status":"publish","type":"page","link":"https:\/\/www.eascarpenterstech.edu\/es\/","title":{"rendered":"Hogar"},"content":{"rendered":"<p>[et_pb_section fb_built=&#8221;1&#8243; fullwidth=&#8221;on&#8221; _builder_version=&#8221;4.27.4&#8243; _module_preset=&#8221;default&#8221; global_colors_info=&#8221;{}&#8221;][et_pb_fullwidth_slider show_arrows=&#8221;off&#8221; show_pagination=&#8221;off&#8221; _builder_version=&#8221;4.27.4&#8243; _module_preset=&#8221;default&#8221; header_level=&#8221;h1&#8243; header_font=&#8221;&#8211;et_global_body_font|700||on|||||&#8221; header_text_align=&#8221;left&#8221; header_text_color=&#8221;#FFFFFF&#8221; header_font_size=&#8221;72px&#8221; body_text_align=&#8221;left&#8221; body_line_height=&#8221;1.3em&#8221; custom_button=&#8221;on&#8221; button_text_size=&#8221;16px&#8221; button_use_icon=&#8221;off&#8221; button_alignment=&#8221;left&#8221; button_custom_padding=&#8221;8px|20px|8px|20px|true|true&#8221; custom_padding=&#8221;375px||375px||true|false&#8221; custom_padding_tablet=&#8221;350px|0px|350px||true|false&#8221; custom_padding_phone=&#8221;375px|0px|250px||false|false&#8221; custom_padding_last_edited=&#8221;on|phone&#8221; auto=&#8221;on&#8221; auto_ignore_hover=&#8221;on&#8221; header_text_align_tablet=&#8221;left&#8221; header_text_align_phone=&#8221;center&#8221; header_text_align_last_edited=&#8221;on|phone&#8221; header_font_size_tablet=&#8221;72px&#8221; header_font_size_phone=&#8221;55px&#8221; header_font_size_last_edited=&#8221;on|phone&#8221; body_text_align_tablet=&#8221;left&#8221; body_text_align_phone=&#8221;center&#8221; body_text_align_last_edited=&#8221;on|phone&#8221; button_alignment_tablet=&#8221;left&#8221; button_alignment_phone=&#8221;center&#8221; button_alignment_last_edited=&#8221;on|phone&#8221; global_colors_info=&#8221;{}&#8221;][et_pb_slide _builder_version=&#8221;4.27.4&#8243; _module_preset=&#8221;default&#8221; background_enable_color=&#8221;off&#8221; use_background_color_gradient=&#8221;on&#8221; background_color_gradient_stops=&#8221;rgba(0,0,0,0.65) 0%|rgba(0,0,0,0.65) 100%&#8221; background_color_gradient_overlays_image=&#8221;on&#8221; background_image=&#8221;https:\/\/www.eascarpenterstech.edu\/wp-content\/uploads\/2022\/07\/carpenter.jpg&#8221; background_enable_image=&#8221;on&#8221; custom_button=&#8221;on&#8221; button_font=&#8221;|||on|||||&#8221; global_colors_info=&#8221;{}&#8221; sticky_transition=&#8221;on&#8221;][\/et_pb_slide][et_pb_slide _builder_version=&#8221;4.27.4&#8243; _module_preset=&#8221;default&#8221; background_enable_color=&#8221;off&#8221; use_background_color_gradient=&#8221;on&#8221; background_color_gradient_stops=&#8221;rgba(0,0,0,0.65) 0%|rgba(0,0,0,0.65) 100%&#8221; background_color_gradient_overlays_image=&#8221;on&#8221; background_image=&#8221;https:\/\/www.eascarpenterstech.edu\/wp-content\/uploads\/2022\/07\/saw-dust-scaled.jpeg&#8221; background_enable_image=&#8221;on&#8221; custom_button=&#8221;on&#8221; button_font=&#8221;|||on|||||&#8221; global_colors_info=&#8221;{}&#8221; sticky_transition=&#8221;on&#8221;][\/et_pb_slide][et_pb_slide _builder_version=&#8221;4.27.4&#8243; _module_preset=&#8221;default&#8221; background_enable_color=&#8221;off&#8221; use_background_color_gradient=&#8221;on&#8221; background_color_gradient_stops=&#8221;rgba(0,0,0,0.65) 0%|rgba(0,0,0,0.65) 100%&#8221; background_color_gradient_overlays_image=&#8221;on&#8221; background_image=&#8221;https:\/\/www.eascarpenterstech.edu\/wp-content\/uploads\/2022\/07\/melting.jpg&#8221; background_enable_image=&#8221;on&#8221; custom_button=&#8221;on&#8221; button_font=&#8221;|||on|||||&#8221; global_colors_info=&#8221;{}&#8221; sticky_transition=&#8221;on&#8221;][\/et_pb_slide][et_pb_slide _builder_version=&#8221;4.27.4&#8243; _module_preset=&#8221;default&#8221; background_enable_color=&#8221;off&#8221; use_background_color_gradient=&#8221;on&#8221; background_color_gradient_stops=&#8221;rgba(0,0,0,0.65) 0%|rgba(0,0,0,0.65) 100%&#8221; background_color_gradient_overlays_image=&#8221;on&#8221; background_image=&#8221;https:\/\/www.eascarpenterstech.edu\/wp-content\/uploads\/2022\/07\/saw.jpg&#8221; background_enable_image=&#8221;on&#8221; custom_button=&#8221;on&#8221; button_font=&#8221;|||on|||||&#8221; global_colors_info=&#8221;{}&#8221; sticky_transition=&#8221;on&#8221;][\/et_pb_slide][et_pb_slide _builder_version=&#8221;4.27.4&#8243; _module_preset=&#8221;default&#8221; use_background_color_gradient=&#8221;on&#8221; background_color_gradient_stops=&#8221;rgba(0,0,0,0.65) 0%|rgba(0,0,0,0.65) 100%&#8221; background_color_gradient_overlays_image=&#8221;on&#8221; background_image=&#8221;https:\/\/www.eascarpenterstech.edu\/wp-content\/uploads\/2022\/07\/diver.jpg&#8221; background_enable_image=&#8221;on&#8221; custom_button=&#8221;on&#8221; button_font=&#8221;|||on|||||&#8221; global_colors_info=&#8221;{}&#8221; sticky_transition=&#8221;on&#8221;][\/et_pb_slide][\/et_pb_fullwidth_slider][\/et_pb_section][et_pb_section fb_built=&#8221;1&#8243; custom_padding_last_edited=&#8221;on|phone&#8221; _builder_version=&#8221;4.27.4&#8243; _module_preset=&#8221;default&#8221; background_color=&#8221;RGBA(255,255,255,0)&#8221; positioning=&#8221;absolute&#8221; z_index=&#8221;500&#8243; custom_padding=&#8221;140px||140px||true|false&#8221; custom_padding_tablet=&#8221;75px||75px||true|false&#8221; custom_padding_phone=&#8221;30px||30px||true|false&#8221; global_colors_info=&#8221;{}&#8221;][et_pb_row _builder_version=&#8221;4.27.4&#8243; _module_preset=&#8221;default&#8221; global_colors_info=&#8221;{}&#8221;][et_pb_column type=&#8221;4_4&#8243; _builder_version=&#8221;4.27.4&#8243; _module_preset=&#8221;default&#8221; global_colors_info=&#8221;{}&#8221;][et_pb_cta title=&#8221;Are you ready to apply?&#8221; button_url=&#8221;@ET-DC@eyJkeW5hbWljIjp0cnVlLCJjb250ZW50IjoicG9zdF9saW5rX3VybF9wYWdlIiwic2V0dGluZ3MiOnsicG9zdF9pZCI6IjIzNjk5NSJ9fQ==@&#8221; button_text=&#8221;FIND A LOCATION TO APPLY&#8221; _builder_version=&#8221;4.27.4&#8243; _dynamic_attributes=&#8221;button_url&#8221; _module_preset=&#8221;default&#8221; header_font=&#8221;&#8211;et_global_body_font|700||on|||||&#8221; header_text_align=&#8221;left&#8221; header_font_size=&#8221;72px&#8221; header_line_height=&#8221;1.1em&#8221; body_text_align=&#8221;left&#8221; body_line_height=&#8221;1.3em&#8221; background_enable_color=&#8221;off&#8221; custom_button=&#8221;on&#8221; button_text_size=&#8221;16px&#8221; button_use_icon=&#8221;off&#8221; button_alignment=&#8221;left&#8221; button_custom_padding=&#8221;8px|20px|8px|20px|true|true&#8221; width=&#8221;50%&#8221; width_tablet=&#8221;100%&#8221; width_phone=&#8221;100%&#8221; width_last_edited=&#8221;on|phone&#8221; module_alignment=&#8221;left&#8221; custom_padding=&#8221;|||0px|false|false&#8221; custom_padding_tablet=&#8221;|||0px|false|false&#8221; custom_padding_phone=&#8221;|0px||0px|false|true&#8221; custom_padding_last_edited=&#8221;on|phone&#8221; header_text_align_tablet=&#8221;left&#8221; header_text_align_phone=&#8221;center&#8221; header_text_align_last_edited=&#8221;on|phone&#8221; header_font_size_tablet=&#8221;72px&#8221; header_font_size_phone=&#8221;48px&#8221; header_font_size_last_edited=&#8221;on|phone&#8221; body_text_align_tablet=&#8221;left&#8221; body_text_align_phone=&#8221;center&#8221; body_text_align_last_edited=&#8221;on|phone&#8221; button_alignment_tablet=&#8221;left&#8221; button_alignment_phone=&#8221;center&#8221; button_alignment_last_edited=&#8221;on|phone&#8221; global_colors_info=&#8221;{}&#8221;]<\/p>\n<p>Discover one of the best schools for technical training. The Eastern Atlantic States Carpenters Technical Centers is committed to training the most highly skilled and efficient work force necessary to remain competitive in today\u2019s construction market.<\/p>\n<p>[\/et_pb_cta][\/et_pb_column][\/et_pb_row][\/et_pb_section][et_pb_section fb_built=&#8221;1&#8243; _builder_version=&#8221;4.19.5&#8243; _module_preset=&#8221;default&#8221; custom_padding=&#8221;||||false|false&#8221; global_colors_info=&#8221;{}&#8221;][et_pb_row column_structure=&#8221;1_3,1_3,1_3&#8243; _builder_version=&#8221;4.27.6&#8243; _module_preset=&#8221;default&#8221; global_colors_info=&#8221;{}&#8221;][et_pb_column type=&#8221;1_3&#8243; _builder_version=&#8221;4.22.0&#8243; _module_preset=&#8221;default&#8221; use_background_color_gradient=&#8221;on&#8221; background_color_gradient_stops=&#8221;rgba(0,0,0,0.3) 0%|rgba(0,0,0,0.3) 100%&#8221; background_color_gradient_overlays_image=&#8221;on&#8221; background_image=&#8221;https:\/\/www.eascarpenterstech.edu\/wp-content\/uploads\/2022\/07\/CARPENTER-MAIN.png&#8221; background_position=&#8221;top_center&#8221; custom_padding=&#8221;200px||200px||true|false&#8221; link_option_url=&#8221;\/trades\/&#8221; global_colors_info=&#8221;{}&#8221; transform_styles__hover_enabled=&#8221;on|hover&#8221; transform_scale__hover_enabled=&#8221;on|hover&#8221; transform_translate__hover_enabled=&#8221;on|desktop&#8221; transform_rotate__hover_enabled=&#8221;on|desktop&#8221; transform_skew__hover_enabled=&#8221;on|desktop&#8221; transform_origin__hover_enabled=&#8221;on|desktop&#8221; transform_scale__hover=&#8221;105%|105%&#8221;][et_pb_text _builder_version=&#8221;4.22.0&#8243; _module_preset=&#8221;default&#8221; text_font=&#8221;|700|||||||&#8221; text_text_color=&#8221;#FFFFFF&#8221; text_orientation=&#8221;center&#8221; module_alignment=&#8221;left&#8221; custom_margin=&#8221;||||false|false&#8221; custom_padding=&#8221;||||false|false&#8221; global_colors_info=&#8221;{}&#8221;]<\/p>\n<p>DISCOVER OUR TRADES<\/p>\n<p>[\/et_pb_text][\/et_pb_column][et_pb_column type=&#8221;1_3&#8243; _builder_version=&#8221;4.27.6&#8243; _dynamic_attributes=&#8221;link_option_url&#8221; _module_preset=&#8221;default&#8221; use_background_color_gradient=&#8221;on&#8221; background_color_gradient_stops=&#8221;rgba(0,0,0,0.3) 0%|rgba(0,0,0,0.3) 100%&#8221; background_color_gradient_overlays_image=&#8221;on&#8221; background_image=&#8221;https:\/\/www.eascarpenterstech.edu\/wp-content\/uploads\/2022\/07\/IMG_8507-scaled.jpg&#8221; custom_padding=&#8221;200px||200px||true|false&#8221; link_option_url=&#8221;@ET-DC@eyJkeW5hbWljIjp0cnVlLCJjb250ZW50IjoicG9zdF9saW5rX3VybF9wYWdlIiwic2V0dGluZ3MiOnsicG9zdF9pZCI6IjIzNzYxNCJ9fQ==@&#8221; global_colors_info=&#8221;{}&#8221; transform_styles__hover_enabled=&#8221;on|hover&#8221; transform_scale__hover=&#8221;105%|105%&#8221; transform_scale__hover_enabled=&#8221;on|hover&#8221; transform_translate__hover_enabled=&#8221;on|desktop&#8221; transform_rotate__hover_enabled=&#8221;on|desktop&#8221; transform_skew__hover_enabled=&#8221;on|desktop&#8221; transform_origin__hover_enabled=&#8221;on|desktop&#8221;][et_pb_text _builder_version=&#8221;4.27.6&#8243; _module_preset=&#8221;default&#8221; text_font=&#8221;|700||on|||||&#8221; text_text_color=&#8221;#FFFFFF&#8221; text_orientation=&#8221;center&#8221; custom_padding=&#8221;||||true|false&#8221; hover_enabled=&#8221;0&#8243; global_colors_info=&#8221;{}&#8221; sticky_enabled=&#8221;0&#8243;]<\/p>\n<p>Construction Site Safety Specialist<br \/>(CSSS) PROGRAM<\/p>\n<p>[\/et_pb_text][\/et_pb_column][et_pb_column type=&#8221;1_3&#8243; _builder_version=&#8221;4.27.5&#8243; _module_preset=&#8221;default&#8221; use_background_color_gradient=&#8221;on&#8221; background_color_gradient_stops=&#8221;rgba(0,0,0,0.3) 0%|rgba(0,0,0,0.3) 100%&#8221; background_color_gradient_overlays_image=&#8221;on&#8221; background_image=&#8221;https:\/\/www.eascarpenterstech.edu\/wp-content\/uploads\/2022\/07\/final-image-a_orig.jpg&#8221; custom_padding=&#8221;200px||200px||true|false&#8221; link_option_url=&#8221;https:\/\/carpenterslive.org\/Tours\/&#8221; global_colors_info=&#8221;{}&#8221; transform_styles__hover_enabled=&#8221;on|hover&#8221; transform_scale__hover=&#8221;105%|105%&#8221; transform_scale__hover_enabled=&#8221;on|hover&#8221; transform_translate__hover_enabled=&#8221;on|desktop&#8221; transform_rotate__hover_enabled=&#8221;on|desktop&#8221; transform_skew__hover_enabled=&#8221;on|desktop&#8221; transform_origin__hover_enabled=&#8221;on|desktop&#8221;][et_pb_text _builder_version=&#8221;4.27.5&#8243; _module_preset=&#8221;default&#8221; text_font=&#8221;|700|||||||&#8221; text_text_color=&#8221;#FFFFFF&#8221; text_orientation=&#8221;center&#8221; custom_padding=&#8221;||||true|false&#8221; global_colors_info=&#8221;{}&#8221;]<\/p>\n<p>VIRTUAL TOURS<\/p>\n<p>[\/et_pb_text][\/et_pb_column][\/et_pb_row][\/et_pb_section]<\/p>\n","protected":false},"excerpt":{"rendered":"<p>Descubre una de las mejores escuelas de formaci\u00f3n t\u00e9cnica. Elija entre varios oficios diferentes en 7 convenientes centros de capacitaci\u00f3n en Pensilvania, Nueva Jersey y Delaware.<\/p>","protected":false},"author":35,"featured_media":0,"parent":0,"menu_order":0,"comment_status":"closed","ping_status":"closed","template":"","meta":{"_acf_changed":false,"_et_pb_use_builder":"on","_et_pb_old_content":"","_et_gb_content_width":"","footnotes":""},"class_list":["post-64032","page","type-page","status-publish","hentry"],"acf":[],"yoast_head":"<!-- This site is optimized with the Yoast SEO plugin v27.4 - https:\/\/yoast.com\/product\/yoast-seo-wordpress\/ -->\n<title>Eastern Atlantic States Carpenters Technical Center<\/title>\n<meta name=\"description\" content=\"Discover one of the best schools for technical training. Choose from various different trades at 7 convenient training center locations across Pennsylvania, New Jersey and Delaware.\" \/>\n<meta name=\"robots\" content=\"index, follow, max-snippet:-1, max-image-preview:large, max-video-preview:-1\" \/>\n<link rel=\"canonical\" href=\"https:\/\/www.eascarpenterstech.edu\/es\/\" \/>\n<meta property=\"og:locale\" content=\"es_ES\" \/>\n<meta property=\"og:type\" content=\"article\" \/>\n<meta property=\"og:title\" content=\"Eastern Atlantic States Carpenters Technical Center\" \/>\n<meta property=\"og:description\" content=\"Discover one of the best schools for technical training. Choose from various different trades at 7 convenient training center locations across Pennsylvania, New Jersey and Delaware.\" \/>\n<meta property=\"og:url\" content=\"https:\/\/www.eascarpenterstech.edu\/es\/\" \/>\n<meta property=\"og:site_name\" content=\"Eastern Atlantic States Carpenters Technical Center\" \/>\n<meta property=\"article:modified_time\" content=\"2026-04-09T12:37:56+00:00\" \/>\n<meta property=\"og:image\" content=\"https:\/\/www.eascarpenterstech.edu\/wp-content\/uploads\/2022\/07\/YOAST-Facebook-WebshareImage-2.jpg\" \/>\n\t<meta property=\"og:image:width\" content=\"600\" \/>\n\t<meta property=\"og:image:height\" content=\"315\" \/>\n\t<meta property=\"og:image:type\" content=\"image\/jpeg\" \/>\n<meta name=\"twitter:card\" content=\"summary_large_image\" \/>\n<meta name=\"twitter:label1\" content=\"Est. reading time\" \/>\n\t<meta name=\"twitter:data1\" content=\"1 minuto\" \/>\n<script type=\"application\/ld+json\" class=\"yoast-schema-graph\">{\"@context\":\"https:\\\/\\\/schema.org\",\"@graph\":[{\"@type\":\"WebPage\",\"@id\":\"https:\\\/\\\/www.eascarpenterstech.edu\\\/\",\"url\":\"https:\\\/\\\/www.eascarpenterstech.edu\\\/\",\"name\":\"Eastern Atlantic States Carpenters Technical Center\",\"isPartOf\":{\"@id\":\"https:\\\/\\\/www.eascarpenterstech.edu\\\/#website\"},\"datePublished\":\"2023-03-06T20:22:22+00:00\",\"dateModified\":\"2026-04-09T12:37:56+00:00\",\"description\":\"Discover one of the best schools for technical training. Choose from various different trades at 7 convenient training center locations across Pennsylvania, New Jersey and Delaware.\",\"breadcrumb\":{\"@id\":\"https:\\\/\\\/www.eascarpenterstech.edu\\\/#breadcrumb\"},\"inLanguage\":\"es\",\"potentialAction\":[{\"@type\":\"ReadAction\",\"target\":[\"https:\\\/\\\/www.eascarpenterstech.edu\\\/\"]}]},{\"@type\":\"BreadcrumbList\",\"@id\":\"https:\\\/\\\/www.eascarpenterstech.edu\\\/#breadcrumb\",\"itemListElement\":[{\"@type\":\"ListItem\",\"position\":1,\"name\":\"Home\",\"item\":\"https:\\\/\\\/www.eascarpenterstech.edu\\\/\"},{\"@type\":\"ListItem\",\"position\":2,\"name\":\"Home\"}]},{\"@type\":\"WebSite\",\"@id\":\"https:\\\/\\\/www.eascarpenterstech.edu\\\/#website\",\"url\":\"https:\\\/\\\/www.eascarpenterstech.edu\\\/\",\"name\":\"Eastern Atlantic States Carpenters Technical Centers\",\"description\":\"Training The Best Carpenters in the Northeast Region\",\"publisher\":{\"@id\":\"https:\\\/\\\/www.eascarpenterstech.edu\\\/#organization\"},\"potentialAction\":[{\"@type\":\"SearchAction\",\"target\":{\"@type\":\"EntryPoint\",\"urlTemplate\":\"https:\\\/\\\/www.eascarpenterstech.edu\\\/?s={search_term_string}\"},\"query-input\":{\"@type\":\"PropertyValueSpecification\",\"valueRequired\":true,\"valueName\":\"search_term_string\"}}],\"inLanguage\":\"es\"},{\"@type\":\"Organization\",\"@id\":\"https:\\\/\\\/www.eascarpenterstech.edu\\\/#organization\",\"name\":\"Eastern Atlantic States Carpenters Technical Center\",\"url\":\"https:\\\/\\\/www.eascarpenterstech.edu\\\/\",\"logo\":{\"@type\":\"ImageObject\",\"inLanguage\":\"es\",\"@id\":\"https:\\\/\\\/www.eascarpenterstech.edu\\\/#\\\/schema\\\/logo\\\/image\\\/\",\"url\":\"https:\\\/\\\/www.eascarpenterstech.edu\\\/wp-content\\\/uploads\\\/2022\\\/07\\\/YOAST-Facebook-WebshareImage.jpg\",\"contentUrl\":\"https:\\\/\\\/www.eascarpenterstech.edu\\\/wp-content\\\/uploads\\\/2022\\\/07\\\/YOAST-Facebook-WebshareImage.jpg\",\"width\":600,\"height\":315,\"caption\":\"Eastern Atlantic States Carpenters Technical Center\"},\"image\":{\"@id\":\"https:\\\/\\\/www.eascarpenterstech.edu\\\/#\\\/schema\\\/logo\\\/image\\\/\"}}]}<\/script>\n<!-- \/ Yoast SEO plugin. -->","yoast_head_json":{"title":"Centro t\u00e9cnico de carpinteros de los estados del Atl\u00e1ntico oriental","description":"Descubre una de las mejores escuelas de formaci\u00f3n t\u00e9cnica. Elija entre varios oficios diferentes en 7 convenientes centros de capacitaci\u00f3n en Pensilvania, Nueva Jersey y Delaware.","robots":{"index":"index","follow":"follow","max-snippet":"max-snippet:-1","max-image-preview":"max-image-preview:large","max-video-preview":"max-video-preview:-1"},"canonical":"https:\/\/www.eascarpenterstech.edu\/es\/","og_locale":"es_ES","og_type":"article","og_title":"Eastern Atlantic States Carpenters Technical Center","og_description":"Discover one of the best schools for technical training. Choose from various different trades at 7 convenient training center locations across Pennsylvania, New Jersey and Delaware.","og_url":"https:\/\/www.eascarpenterstech.edu\/es\/","og_site_name":"Eastern Atlantic States Carpenters Technical Center","article_modified_time":"2026-04-09T12:37:56+00:00","og_image":[{"width":600,"height":315,"url":"https:\/\/www.eascarpenterstech.edu\/wp-content\/uploads\/2022\/07\/YOAST-Facebook-WebshareImage-2.jpg","type":"image\/jpeg"}],"twitter_card":"summary_large_image","twitter_misc":{"Est. reading time":"1 minuto"},"schema":{"@context":"https:\/\/schema.org","@graph":[{"@type":"WebPage","@id":"https:\/\/www.eascarpenterstech.edu\/","url":"https:\/\/www.eascarpenterstech.edu\/","name":"Centro t\u00e9cnico de carpinteros de los estados del Atl\u00e1ntico oriental","isPartOf":{"@id":"https:\/\/www.eascarpenterstech.edu\/#website"},"datePublished":"2023-03-06T20:22:22+00:00","dateModified":"2026-04-09T12:37:56+00:00","description":"Descubre una de las mejores escuelas de formaci\u00f3n t\u00e9cnica. Elija entre varios oficios diferentes en 7 convenientes centros de capacitaci\u00f3n en Pensilvania, Nueva Jersey y Delaware.","breadcrumb":{"@id":"https:\/\/www.eascarpenterstech.edu\/#breadcrumb"},"inLanguage":"es","potentialAction":[{"@type":"ReadAction","target":["https:\/\/www.eascarpenterstech.edu\/"]}]},{"@type":"BreadcrumbList","@id":"https:\/\/www.eascarpenterstech.edu\/#breadcrumb","itemListElement":[{"@type":"ListItem","position":1,"name":"Home","item":"https:\/\/www.eascarpenterstech.edu\/"},{"@type":"ListItem","position":2,"name":"Home"}]},{"@type":"WebSite","@id":"https:\/\/www.eascarpenterstech.edu\/#website","url":"https:\/\/www.eascarpenterstech.edu\/","name":"Centros t\u00e9cnicos de carpinteros de los estados del Atl\u00e1ntico oriental","description":"Capacitando a los mejores carpinteros de la regi\u00f3n Nordeste","publisher":{"@id":"https:\/\/www.eascarpenterstech.edu\/#organization"},"potentialAction":[{"@type":"SearchAction","target":{"@type":"EntryPoint","urlTemplate":"https:\/\/www.eascarpenterstech.edu\/?s={search_term_string}"},"query-input":{"@type":"PropertyValueSpecification","valueRequired":true,"valueName":"search_term_string"}}],"inLanguage":"es"},{"@type":"Organization","@id":"https:\/\/www.eascarpenterstech.edu\/#organization","name":"Centro t\u00e9cnico de carpinteros de los estados del Atl\u00e1ntico oriental","url":"https:\/\/www.eascarpenterstech.edu\/","logo":{"@type":"ImageObject","inLanguage":"es","@id":"https:\/\/www.eascarpenterstech.edu\/#\/schema\/logo\/image\/","url":"https:\/\/www.eascarpenterstech.edu\/wp-content\/uploads\/2022\/07\/YOAST-Facebook-WebshareImage.jpg","contentUrl":"https:\/\/www.eascarpenterstech.edu\/wp-content\/uploads\/2022\/07\/YOAST-Facebook-WebshareImage.jpg","width":600,"height":315,"caption":"Eastern Atlantic States Carpenters Technical Center"},"image":{"@id":"https:\/\/www.eascarpenterstech.edu\/#\/schema\/logo\/image\/"}}]}},"publishpress_future_action":{"enabled":false,"date":"2026-05-03 11:46:43","action":"change-status","newStatus":"draft","terms":[],"taxonomy":"","extraData":[]},"publishpress_future_workflow_manual_trigger":{"enabledWorkflows":[]},"_links":{"self":[{"href":"https:\/\/www.eascarpenterstech.edu\/es\/wp-json\/wp\/v2\/pages\/64032","targetHints":{"allow":["GET"]}}],"collection":[{"href":"https:\/\/www.eascarpenterstech.edu\/es\/wp-json\/wp\/v2\/pages"}],"about":[{"href":"https:\/\/www.eascarpenterstech.edu\/es\/wp-json\/wp\/v2\/types\/page"}],"author":[{"embeddable":true,"href":"https:\/\/www.eascarpenterstech.edu\/es\/wp-json\/wp\/v2\/users\/35"}],"replies":[{"embeddable":true,"href":"https:\/\/www.eascarpenterstech.edu\/es\/wp-json\/wp\/v2\/comments?post=64032"}],"version-history":[{"count":108,"href":"https:\/\/www.eascarpenterstech.edu\/es\/wp-json\/wp\/v2\/pages\/64032\/revisions"}],"predecessor-version":[{"id":237944,"href":"https:\/\/www.eascarpenterstech.edu\/es\/wp-json\/wp\/v2\/pages\/64032\/revisions\/237944"}],"wp:attachment":[{"href":"https:\/\/www.eascarpenterstech.edu\/es\/wp-json\/wp\/v2\/media?parent=64032"}],"curies":[{"name":"gracias","href":"https:\/\/api.w.org\/{rel}","templated":true}]}}