{"id":59257,"date":"2022-07-19T11:07:26","date_gmt":"2022-07-19T15:07:26","guid":{"rendered":"https:\/\/www.eascarpenterstech.edu\/?page_id=59257"},"modified":"2025-06-04T13:13:16","modified_gmt":"2025-06-04T17:13:16","slug":"application-for-apprenticeship-checklist","status":"publish","type":"page","link":"https:\/\/www.eascarpenterstech.edu\/es\/application-for-apprenticeship-checklist\/","title":{"rendered":"Lista de verificaci\u00f3n para la solicitud de aprendizaje"},"content":{"rendered":"<p>[et_pb_section fb_built=&#8221;1&#8243; specialty=&#8221;on&#8221; _builder_version=&#8221;4.16&#8243; _module_preset=&#8221;default&#8221; custom_margin=&#8221;0px||||false|false&#8221; custom_padding=&#8221;0px||||false|false&#8221; global_colors_info=&#8221;{}&#8221;][et_pb_column type=&#8221;2_3&#8243; specialty_columns=&#8221;2&#8243; _builder_version=&#8221;4.16&#8243; custom_padding=&#8221;|||&#8221; global_colors_info=&#8221;{}&#8221; custom_padding__hover=&#8221;|||&#8221;][et_pb_row_inner _builder_version=&#8221;4.16&#8243; _module_preset=&#8221;default&#8221; custom_padding=&#8221;||0px||false|false&#8221; global_colors_info=&#8221;{}&#8221;][et_pb_column_inner saved_specialty_column_type=&#8221;2_3&#8243; _builder_version=&#8221;4.16&#8243; _module_preset=&#8221;default&#8221; global_colors_info=&#8221;{}&#8221;][et_pb_text admin_label=&#8221;Text&#8221; _builder_version=&#8221;4.17.4&#8243; text_font=&#8221;|600|||||||&#8221; text_font_size=&#8221;20px&#8221; text_line_height=&#8221;28px&#8221; link_font=&#8221;Open Sans|300|||||||&#8221; link_text_color=&#8221;#231f20&#8243; header_line_height=&#8221;32px&#8221; background_size=&#8221;initial&#8221; background_position=&#8221;top_left&#8221; background_repeat=&#8221;repeat&#8221; custom_margin=&#8221;||||false|false&#8221; custom_padding=&#8221;||||false|false&#8221; global_colors_info=&#8221;{}&#8221; link_text_color__hover_enabled=&#8221;on|hover&#8221; link_text_color__hover=&#8221;#d31245&#8243;]<\/p>\n<h1>Application For Apprenticeship Checklist<\/h1>\n<p>[\/et_pb_text][et_pb_text _builder_version=&#8221;4.17.4&#8243; _module_preset=&#8221;default&#8221; text_font=&#8221;||||||||&#8221; text_font_size=&#8221;20px&#8221; text_line_height=&#8221;28px&#8221; header_3_text_color=&#8221;#000000&#8243; module_alignment=&#8221;center&#8221; custom_padding=&#8221;||40px||false|false&#8221; hover_enabled=&#8221;0&#8243; global_colors_info=&#8221;{}&#8221; sticky_enabled=&#8221;0&#8243;]<\/p>\n<p><strong>Mandatory Requirements:<\/strong><br \/>Applicants must be 18 years of age or older.<\/p>\n<p>As an interested applicant for the Apprenticeship Program, it is your responsibility to complete and upload all of the following mandatory requirements:<\/p>\n<p><strong>Please upload the following documents:<\/strong><br \/><span>\u25a0 <\/span>Copy of your Driver\u2019s License (cannot be expired)<\/p>\n<p><span>\u25a0<\/span> A Professional letter of recommendation (This letter may be from a current or former employer, supervisor, teacher, colleague, client, etc)<\/p>\n<p><span>\u25a0<\/span> Resume<\/p>\n<p><span>\u25a0<\/span> Copy of documentation of high school graduation and transcript for high school, or completion of a GED with applicable scores. (High school seniors must provide transcripts and a letter from their schools stating that they are eligible to graduate within three months). <em><strong>* Please black out your SS# if visible on your transcript.<\/strong><\/em><\/p>\n<p><strong>If you cannot provide HS Diploma, Transcripts or GED documentation, please see below for acceptable documents:<\/strong><\/p>\n<p><span>\u25a0<\/span> Applicants must provide proof of satisfactory completion of a pre-job preparatory course in Carpentry of at least six (6) months, such as United Brotherhood of Carpenters (UBC), Job Corps, or other approved carpentry pre-apprentice or apprentice preparatory course.<\/p>\n<p><strong>OR<\/strong><\/p>\n<p><span>\u25a0<\/span> Verifiable Proof of having worked a minimum of 1,500 hours in the carpentry trade would qualify an applicant as having met the minimum educational requirements. Applicant must provide proper documentation that defines their experience in the trade. This documentation must be comprised of official documents such as tax\/payroll records notarized letters of experience confirmation and sworn statements.<\/p>\n<p><em><strong>Optional \/ Supplemental Documentation:<\/strong><\/em><\/p>\n<p>As an interested party for the Apprenticeship Program you may choose to submit any or all &#8211; of the following supplemental documents to enhance your application:<\/p>\n<p><span>\u25a0<\/span> Submit a training achievement record (TAR) to verify UBC Job Corps training and\/or experience if you wish to receive consideration for such training\/experience.<\/p>\n<p><span>\u25a0<\/span> Submit a DD-214 to verify military training and\/or experience if a veteran and if you wish to receive consideration for such training\/experience.<\/p>\n<p><span>\u25a0<\/span> Provide evidence of successful completion of an OSHA 10 for Construction if you wish to receive consideration for such training\/experience.<\/p>\n<p><span>\u25a0<\/span> Provide any other documentation or information such as personal merit citations, achievement awards, etc. that the applicant would like the sponsor to consider.<\/p>\n<p>[\/et_pb_text][\/et_pb_column_inner][\/et_pb_row_inner][\/et_pb_column][et_pb_column type=&#8221;1_3&#8243; _builder_version=&#8221;4.16&#8243; custom_padding=&#8221;|||&#8221; global_colors_info=&#8221;{}&#8221; custom_padding__hover=&#8221;|||&#8221;][et_pb_sidebar orientation=&#8221;right&#8221; area=&#8221;et_pb_widget_area_1&#8243; _builder_version=&#8221;4.16&#8243; _module_preset=&#8221;default&#8221; global_colors_info=&#8221;{}&#8221;][\/et_pb_sidebar][\/et_pb_column][\/et_pb_section]<\/p>\n","protected":false},"excerpt":{"rendered":"<p>Application For Apprenticeship ChecklistMandatory Requirements:Applicants must be 18 years of age or older. As an interested applicant for the Apprenticeship Program, it is your responsibility to complete and upload all of the following mandatory requirements: Please upload the following documents:\u25a0 Copy of your Driver\u2019s License (cannot be expired) \u25a0 A Professional letter of recommendation (This letter may be from a current or former employer, supervisor, teacher, colleague, client, etc) \u25a0 Resume \u25a0 Copy of documentation of high school graduation and transcript for high school, or completion of a GED with applicable scores. (High school seniors must provide transcripts and a letter from their schools stating that they are eligible to graduate within three months). * Please black out your SS# if visible on your transcript. If you cannot provide HS Diploma, Transcripts or GED documentation, please see below for acceptable documents: \u25a0 Applicants must provide proof of satisfactory completion of a pre-job preparatory course in Carpentry of at least six (6) months, such as United Brotherhood of Carpenters (UBC), Job Corps, or other approved carpentry pre-apprentice or apprentice preparatory course. OR \u25a0 Verifiable Proof of having worked a minimum of 1,500 hours in the carpentry trade would qualify an applicant [&hellip;]<\/p>\n","protected":false},"author":35,"featured_media":0,"parent":0,"menu_order":0,"comment_status":"closed","ping_status":"closed","template":"","meta":{"_acf_changed":false,"_et_pb_use_builder":"on","_et_pb_old_content":"","_et_gb_content_width":"","footnotes":""},"class_list":["post-59257","page","type-page","status-publish","hentry"],"acf":[],"yoast_head":"<!-- This site is optimized with the Yoast SEO plugin v27.5 - https:\/\/yoast.com\/product\/yoast-seo-wordpress\/ -->\n<title>Application For Apprenticeship Checklist - Eastern Atlantic States Carpenters Technical Center<\/title>\n<meta name=\"robots\" content=\"index, follow, max-snippet:-1, max-image-preview:large, max-video-preview:-1\" \/>\n<link rel=\"canonical\" href=\"https:\/\/www.eascarpenterstech.edu\/es\/application-for-apprenticeship-checklist\/\" \/>\n<meta property=\"og:locale\" content=\"es_ES\" \/>\n<meta property=\"og:type\" content=\"article\" \/>\n<meta property=\"og:title\" content=\"Application For Apprenticeship Checklist - Eastern Atlantic States Carpenters Technical Center\" \/>\n<meta property=\"og:url\" content=\"https:\/\/www.eascarpenterstech.edu\/es\/application-for-apprenticeship-checklist\/\" \/>\n<meta property=\"og:site_name\" content=\"Eastern Atlantic States Carpenters Technical Center\" \/>\n<meta property=\"article:modified_time\" content=\"2025-06-04T17:13:16+00:00\" \/>\n<meta property=\"og:image\" content=\"https:\/\/www.eascarpenterstech.edu\/wp-content\/uploads\/2022\/07\/YOAST-Facebook-WebshareImage-2.jpg\" \/>\n\t<meta property=\"og:image:width\" content=\"600\" \/>\n\t<meta property=\"og:image:height\" content=\"315\" \/>\n\t<meta property=\"og:image:type\" content=\"image\/jpeg\" \/>\n<meta name=\"twitter:card\" content=\"summary_large_image\" \/>\n<meta name=\"twitter:label1\" content=\"Est. reading time\" \/>\n\t<meta name=\"twitter:data1\" content=\"3 minutos\" \/>\n<script type=\"application\/ld+json\" class=\"yoast-schema-graph\">{\"@context\":\"https:\\\/\\\/schema.org\",\"@graph\":[{\"@type\":\"WebPage\",\"@id\":\"https:\\\/\\\/www.eascarpenterstech.edu\\\/application-for-apprenticeship-checklist\\\/\",\"url\":\"https:\\\/\\\/www.eascarpenterstech.edu\\\/application-for-apprenticeship-checklist\\\/\",\"name\":\"Application For Apprenticeship Checklist - Eastern Atlantic States Carpenters Technical Center\",\"isPartOf\":{\"@id\":\"https:\\\/\\\/www.eascarpenterstech.edu\\\/#website\"},\"datePublished\":\"2022-07-19T15:07:26+00:00\",\"dateModified\":\"2025-06-04T17:13:16+00:00\",\"breadcrumb\":{\"@id\":\"https:\\\/\\\/www.eascarpenterstech.edu\\\/application-for-apprenticeship-checklist\\\/#breadcrumb\"},\"inLanguage\":\"es\",\"potentialAction\":[{\"@type\":\"ReadAction\",\"target\":[\"https:\\\/\\\/www.eascarpenterstech.edu\\\/application-for-apprenticeship-checklist\\\/\"]}]},{\"@type\":\"BreadcrumbList\",\"@id\":\"https:\\\/\\\/www.eascarpenterstech.edu\\\/application-for-apprenticeship-checklist\\\/#breadcrumb\",\"itemListElement\":[{\"@type\":\"ListItem\",\"position\":1,\"name\":\"Home\",\"item\":\"https:\\\/\\\/www.eascarpenterstech.edu\\\/\"},{\"@type\":\"ListItem\",\"position\":2,\"name\":\"Application For Apprenticeship Checklist\"}]},{\"@type\":\"WebSite\",\"@id\":\"https:\\\/\\\/www.eascarpenterstech.edu\\\/#website\",\"url\":\"https:\\\/\\\/www.eascarpenterstech.edu\\\/\",\"name\":\"Eastern Atlantic States Carpenters Technical Centers\",\"description\":\"Training The Best Carpenters in the Northeast Region\",\"publisher\":{\"@id\":\"https:\\\/\\\/www.eascarpenterstech.edu\\\/#organization\"},\"potentialAction\":[{\"@type\":\"SearchAction\",\"target\":{\"@type\":\"EntryPoint\",\"urlTemplate\":\"https:\\\/\\\/www.eascarpenterstech.edu\\\/?s={search_term_string}\"},\"query-input\":{\"@type\":\"PropertyValueSpecification\",\"valueRequired\":true,\"valueName\":\"search_term_string\"}}],\"inLanguage\":\"es\"},{\"@type\":\"Organization\",\"@id\":\"https:\\\/\\\/www.eascarpenterstech.edu\\\/#organization\",\"name\":\"Eastern Atlantic States Carpenters Technical Center\",\"url\":\"https:\\\/\\\/www.eascarpenterstech.edu\\\/\",\"logo\":{\"@type\":\"ImageObject\",\"inLanguage\":\"es\",\"@id\":\"https:\\\/\\\/www.eascarpenterstech.edu\\\/#\\\/schema\\\/logo\\\/image\\\/\",\"url\":\"https:\\\/\\\/www.eascarpenterstech.edu\\\/wp-content\\\/uploads\\\/2022\\\/07\\\/YOAST-Facebook-WebshareImage.jpg\",\"contentUrl\":\"https:\\\/\\\/www.eascarpenterstech.edu\\\/wp-content\\\/uploads\\\/2022\\\/07\\\/YOAST-Facebook-WebshareImage.jpg\",\"width\":600,\"height\":315,\"caption\":\"Eastern Atlantic States Carpenters Technical Center\"},\"image\":{\"@id\":\"https:\\\/\\\/www.eascarpenterstech.edu\\\/#\\\/schema\\\/logo\\\/image\\\/\"}}]}<\/script>\n<!-- \/ Yoast SEO plugin. -->","yoast_head_json":{"title":"Lista de verificaci\u00f3n para la solicitud de aprendizaje - Centro T\u00e9cnico de Carpinteros de los Estados del Atl\u00e1ntico Oriental","robots":{"index":"index","follow":"follow","max-snippet":"max-snippet:-1","max-image-preview":"max-image-preview:large","max-video-preview":"max-video-preview:-1"},"canonical":"https:\/\/www.eascarpenterstech.edu\/es\/application-for-apprenticeship-checklist\/","og_locale":"es_ES","og_type":"article","og_title":"Application For Apprenticeship Checklist - Eastern Atlantic States Carpenters Technical Center","og_url":"https:\/\/www.eascarpenterstech.edu\/es\/application-for-apprenticeship-checklist\/","og_site_name":"Eastern Atlantic States Carpenters Technical Center","article_modified_time":"2025-06-04T17:13:16+00:00","og_image":[{"width":600,"height":315,"url":"https:\/\/www.eascarpenterstech.edu\/wp-content\/uploads\/2022\/07\/YOAST-Facebook-WebshareImage-2.jpg","type":"image\/jpeg"}],"twitter_card":"summary_large_image","twitter_misc":{"Est. reading time":"3 minutos"},"schema":{"@context":"https:\/\/schema.org","@graph":[{"@type":"WebPage","@id":"https:\/\/www.eascarpenterstech.edu\/application-for-apprenticeship-checklist\/","url":"https:\/\/www.eascarpenterstech.edu\/application-for-apprenticeship-checklist\/","name":"Lista de verificaci\u00f3n para la solicitud de aprendizaje - Centro T\u00e9cnico de Carpinteros de los Estados del Atl\u00e1ntico Oriental","isPartOf":{"@id":"https:\/\/www.eascarpenterstech.edu\/#website"},"datePublished":"2022-07-19T15:07:26+00:00","dateModified":"2025-06-04T17:13:16+00:00","breadcrumb":{"@id":"https:\/\/www.eascarpenterstech.edu\/application-for-apprenticeship-checklist\/#breadcrumb"},"inLanguage":"es","potentialAction":[{"@type":"ReadAction","target":["https:\/\/www.eascarpenterstech.edu\/application-for-apprenticeship-checklist\/"]}]},{"@type":"BreadcrumbList","@id":"https:\/\/www.eascarpenterstech.edu\/application-for-apprenticeship-checklist\/#breadcrumb","itemListElement":[{"@type":"ListItem","position":1,"name":"Home","item":"https:\/\/www.eascarpenterstech.edu\/"},{"@type":"ListItem","position":2,"name":"Application For Apprenticeship Checklist"}]},{"@type":"WebSite","@id":"https:\/\/www.eascarpenterstech.edu\/#website","url":"https:\/\/www.eascarpenterstech.edu\/","name":"Centros t\u00e9cnicos de carpinteros de los estados del Atl\u00e1ntico oriental","description":"Capacitando a los mejores carpinteros de la regi\u00f3n Nordeste","publisher":{"@id":"https:\/\/www.eascarpenterstech.edu\/#organization"},"potentialAction":[{"@type":"SearchAction","target":{"@type":"EntryPoint","urlTemplate":"https:\/\/www.eascarpenterstech.edu\/?s={search_term_string}"},"query-input":{"@type":"PropertyValueSpecification","valueRequired":true,"valueName":"search_term_string"}}],"inLanguage":"es"},{"@type":"Organization","@id":"https:\/\/www.eascarpenterstech.edu\/#organization","name":"Centro t\u00e9cnico de carpinteros de los estados del Atl\u00e1ntico oriental","url":"https:\/\/www.eascarpenterstech.edu\/","logo":{"@type":"ImageObject","inLanguage":"es","@id":"https:\/\/www.eascarpenterstech.edu\/#\/schema\/logo\/image\/","url":"https:\/\/www.eascarpenterstech.edu\/wp-content\/uploads\/2022\/07\/YOAST-Facebook-WebshareImage.jpg","contentUrl":"https:\/\/www.eascarpenterstech.edu\/wp-content\/uploads\/2022\/07\/YOAST-Facebook-WebshareImage.jpg","width":600,"height":315,"caption":"Eastern Atlantic States Carpenters Technical Center"},"image":{"@id":"https:\/\/www.eascarpenterstech.edu\/#\/schema\/logo\/image\/"}}]}},"publishpress_future_action":{"enabled":false,"date":"2026-05-11 05:00:11","action":"change-status","newStatus":"draft","terms":[],"taxonomy":"","extraData":[]},"publishpress_future_workflow_manual_trigger":{"enabledWorkflows":[]},"_links":{"self":[{"href":"https:\/\/www.eascarpenterstech.edu\/es\/wp-json\/wp\/v2\/pages\/59257","targetHints":{"allow":["GET"]}}],"collection":[{"href":"https:\/\/www.eascarpenterstech.edu\/es\/wp-json\/wp\/v2\/pages"}],"about":[{"href":"https:\/\/www.eascarpenterstech.edu\/es\/wp-json\/wp\/v2\/types\/page"}],"author":[{"embeddable":true,"href":"https:\/\/www.eascarpenterstech.edu\/es\/wp-json\/wp\/v2\/users\/35"}],"replies":[{"embeddable":true,"href":"https:\/\/www.eascarpenterstech.edu\/es\/wp-json\/wp\/v2\/comments?post=59257"}],"version-history":[{"count":5,"href":"https:\/\/www.eascarpenterstech.edu\/es\/wp-json\/wp\/v2\/pages\/59257\/revisions"}],"predecessor-version":[{"id":59395,"href":"https:\/\/www.eascarpenterstech.edu\/es\/wp-json\/wp\/v2\/pages\/59257\/revisions\/59395"}],"wp:attachment":[{"href":"https:\/\/www.eascarpenterstech.edu\/es\/wp-json\/wp\/v2\/media?parent=59257"}],"curies":[{"name":"gracias","href":"https:\/\/api.w.org\/{rel}","templated":true}]}}