{"id":49,"date":"2014-02-27T11:19:56","date_gmt":"2014-02-27T16:19:56","guid":{"rendered":"http:\/\/dev.nectf.org\/?page_id=49"},"modified":"2016-08-30T12:47:35","modified_gmt":"2016-08-30T16:47:35","slug":"carpenters-tool-list","status":"publish","type":"page","link":"https:\/\/www.eascarpenterstech.edu\/es\/apprentice-resources\/carpenters-tool-list\/","title":{"rendered":"Lista de herramientas de carpintero"},"content":{"rendered":"<table class=\"resources\" style=\"color: #3a3a3a;\" cellspacing=\"5\" cellpadding=\"5\">\n<tbody>\n<tr>\n<td width=\"40%\"><strong>T\u00edtulo<\/strong><\/td>\n<td width=\"60%\"><strong>Tipo<\/strong><\/td>\n<\/tr>\n<tr>\n<td><strong>Informaci\u00f3n de actualizaci\u00f3n de la lista de herramientas<\/strong><\/td>\n<td><a style=\"color: #4ea9e0;\" href=\"\/wp-content\/uploads\/2014\/02\/tool_list_update.pdf\" target=\"_blank\">Actualizaci\u00f3n de la lista de herramientas<\/a><\/td>\n<\/tr>\n<tr>\n<td><strong>Lista de herramientas del taller de fresado<\/strong><\/td>\n<td><a style=\"color: #4ea9e0;\" href=\"\/wp-content\/uploads\/2014\/06\/mill_shop.pdf\" target=\"_blank\">Lista de herramientas del taller de fresado<\/a><\/td>\n<\/tr>\n<tr>\n<td><strong>Lista de herramientas de martinete<\/strong><\/td>\n<td><a href=\"https:\/\/training.mactc.net\/wp-content\/uploads\/2014\/07\/Tool-List-Piledrivers-UPDATED-05.14.2014.pdf\">Lista de herramientas de pilotaje<\/a><\/td>\n<\/tr>\n<tr>\n<td><strong>Lista de herramientas de carpintero<\/strong><\/td>\n<td><a style=\"color: #4ea9e0;\" href=\"\/wp-content\/uploads\/2014\/02\/carpenter_tools1.pdf\" target=\"_blank\">Lista de herramientas de carpintero<\/a><\/td>\n<\/tr>\n<tr>\n<td><strong>Lista de herramientas para cubrir el piso<\/strong><\/td>\n<td><a style=\"color: #4ea9e0;\" href=\"\/wp-content\/uploads\/2014\/02\/floor_cover_tool_list1.pdf\" target=\"_blank\">Lista de herramientas para revestimientos de pisos<\/a><\/td>\n<\/tr>\n<\/tbody>\n<\/table>\n<p><a href=\"https:\/\/training.mactc.net\/wp-content\/uploads\/2014\/12\/1-year-85x11.jpg\"><img loading=\"lazy\" decoding=\"async\" class=\"alignnone wp-image-1010\" src=\"https:\/\/training.mactc.net\/wp-content\/uploads\/2014\/12\/1-year-85x11-300x232.jpg\" alt=\"1 year 85x11\" width=\"246\" height=\"190\" \/><\/a>\u00a0<a href=\"https:\/\/training.mactc.net\/wp-content\/uploads\/2014\/02\/2-85x11_01.jpg\"><img loading=\"lazy\" decoding=\"async\" class=\"alignnone wp-image-1014\" src=\"https:\/\/training.mactc.net\/wp-content\/uploads\/2014\/02\/2-85x11_01-232x300.jpg\" alt=\"2-85x11_01\" width=\"170\" height=\"220\" srcset=\"https:\/\/www.eascarpenterstech.edu\/wp-content\/uploads\/2014\/02\/2-85x11_01-232x300.jpg 232w, https:\/\/www.eascarpenterstech.edu\/wp-content\/uploads\/2014\/02\/2-85x11_01-791x1024.jpg 791w, https:\/\/www.eascarpenterstech.edu\/wp-content\/uploads\/2014\/02\/2-85x11_01-768x994.jpg 768w, https:\/\/www.eascarpenterstech.edu\/wp-content\/uploads\/2014\/02\/2-85x11_01-400x516.jpg 400w, https:\/\/www.eascarpenterstech.edu\/wp-content\/uploads\/2014\/02\/2-85x11_01-480x621.jpg 480w, https:\/\/www.eascarpenterstech.edu\/wp-content\/uploads\/2014\/02\/2-85x11_01.jpg 927w\" sizes=\"(max-width: 170px) 100vw, 170px\" \/><\/a>\u00a0<a href=\"https:\/\/training.mactc.net\/wp-content\/uploads\/2014\/12\/3-4-85x11_01.jpg\"><img loading=\"lazy\" decoding=\"async\" class=\"alignnone wp-image-1012\" src=\"https:\/\/training.mactc.net\/wp-content\/uploads\/2014\/12\/3-4-85x11_01-232x300.jpg\" alt=\"3-4-85x11_01\" width=\"170\" height=\"220\" srcset=\"https:\/\/www.eascarpenterstech.edu\/wp-content\/uploads\/2014\/12\/3-4-85x11_01-232x300.jpg 232w, https:\/\/www.eascarpenterstech.edu\/wp-content\/uploads\/2014\/12\/3-4-85x11_01-791x1024.jpg 791w, https:\/\/www.eascarpenterstech.edu\/wp-content\/uploads\/2014\/12\/3-4-85x11_01-768x994.jpg 768w, https:\/\/www.eascarpenterstech.edu\/wp-content\/uploads\/2014\/12\/3-4-85x11_01-400x516.jpg 400w, https:\/\/www.eascarpenterstech.edu\/wp-content\/uploads\/2014\/12\/3-4-85x11_01-480x621.jpg 480w, https:\/\/www.eascarpenterstech.edu\/wp-content\/uploads\/2014\/12\/3-4-85x11_01.jpg 927w\" sizes=\"(max-width: 170px) 100vw, 170px\" \/><\/a><\/p>","protected":false},"excerpt":{"rendered":"<p>T\u00edtulo Tipo Lista de herramientas Actualizar informaci\u00f3n Lista de herramientas Actualizar lista de herramientas de taller de fresado Lista de herramientas de taller de fresado Lista de herramientas para hinca pilotes Lista de herramientas para hinca pilotes Lista de herramientas para carpinteros Lista de herramientas para carpinteros Lista de herramientas para cubrir pisos Lista de herramientas para cubrir pisos \u00a0\u00a0<\/p>","protected":false},"author":35,"featured_media":0,"parent":47,"menu_order":10,"comment_status":"closed","ping_status":"closed","template":"","meta":{"_acf_changed":false,"_et_pb_use_builder":"","_et_pb_old_content":"","_et_gb_content_width":"","footnotes":""},"class_list":["post-49","page","type-page","status-publish","hentry"],"acf":[],"yoast_head":"<!-- This site is optimized with the Yoast SEO plugin v27.3 - https:\/\/yoast.com\/product\/yoast-seo-wordpress\/ -->\n<title>Carpenters Tool List - Eastern Atlantic States Carpenters Technical Center<\/title>\n<meta name=\"description\" content=\"Title Type Tool List Update Information Tool List Update Mill Shop Tool List Mill Shop Tool List Pile Driver Tool List Piledrivers Tool List Carpenters\" \/>\n<meta name=\"robots\" content=\"index, follow, max-snippet:-1, max-image-preview:large, max-video-preview:-1\" \/>\n<link rel=\"canonical\" href=\"https:\/\/www.eascarpenterstech.edu\/es\/apprentice-resources\/carpenters-tool-list\/\" \/>\n<meta property=\"og:locale\" content=\"es_ES\" \/>\n<meta property=\"og:type\" content=\"article\" \/>\n<meta property=\"og:title\" content=\"Carpenters Tool List - Eastern Atlantic States Carpenters Technical Center\" \/>\n<meta property=\"og:description\" content=\"Title Type Tool List Update Information Tool List Update Mill Shop Tool List Mill Shop Tool List Pile Driver Tool List Piledrivers Tool List Carpenters\" \/>\n<meta property=\"og:url\" content=\"https:\/\/www.eascarpenterstech.edu\/es\/apprentice-resources\/carpenters-tool-list\/\" \/>\n<meta property=\"og:site_name\" content=\"Eastern Atlantic States Carpenters Technical Center\" \/>\n<meta property=\"article:modified_time\" content=\"2016-08-30T16:47:35+00:00\" \/>\n<meta property=\"og:image\" content=\"https:\/\/training.mactc.net\/wp-content\/uploads\/2014\/12\/1-year-85x11-300x232.jpg\" \/>\n<meta name=\"twitter:card\" content=\"summary_large_image\" \/>\n<script type=\"application\/ld+json\" class=\"yoast-schema-graph\">{\"@context\":\"https:\\\/\\\/schema.org\",\"@graph\":[{\"@type\":\"WebPage\",\"@id\":\"https:\\\/\\\/www.eascarpenterstech.edu\\\/apprentice-resources\\\/carpenters-tool-list\\\/\",\"url\":\"https:\\\/\\\/www.eascarpenterstech.edu\\\/apprentice-resources\\\/carpenters-tool-list\\\/\",\"name\":\"Carpenters Tool List - Eastern Atlantic States Carpenters Technical Center\",\"isPartOf\":{\"@id\":\"https:\\\/\\\/www.eascarpenterstech.edu\\\/#website\"},\"primaryImageOfPage\":{\"@id\":\"https:\\\/\\\/www.eascarpenterstech.edu\\\/apprentice-resources\\\/carpenters-tool-list\\\/#primaryimage\"},\"image\":{\"@id\":\"https:\\\/\\\/www.eascarpenterstech.edu\\\/apprentice-resources\\\/carpenters-tool-list\\\/#primaryimage\"},\"thumbnailUrl\":\"https:\\\/\\\/training.mactc.net\\\/wp-content\\\/uploads\\\/2014\\\/12\\\/1-year-85x11-300x232.jpg\",\"datePublished\":\"2014-02-27T16:19:56+00:00\",\"dateModified\":\"2016-08-30T16:47:35+00:00\",\"description\":\"Title Type Tool List Update Information Tool List Update Mill Shop Tool List Mill Shop Tool List Pile Driver Tool List Piledrivers Tool List Carpenters\",\"breadcrumb\":{\"@id\":\"https:\\\/\\\/www.eascarpenterstech.edu\\\/apprentice-resources\\\/carpenters-tool-list\\\/#breadcrumb\"},\"inLanguage\":\"es\",\"potentialAction\":[{\"@type\":\"ReadAction\",\"target\":[\"https:\\\/\\\/www.eascarpenterstech.edu\\\/apprentice-resources\\\/carpenters-tool-list\\\/\"]}]},{\"@type\":\"ImageObject\",\"inLanguage\":\"es\",\"@id\":\"https:\\\/\\\/www.eascarpenterstech.edu\\\/apprentice-resources\\\/carpenters-tool-list\\\/#primaryimage\",\"url\":\"https:\\\/\\\/training.mactc.net\\\/wp-content\\\/uploads\\\/2014\\\/12\\\/1-year-85x11-300x232.jpg\",\"contentUrl\":\"https:\\\/\\\/training.mactc.net\\\/wp-content\\\/uploads\\\/2014\\\/12\\\/1-year-85x11-300x232.jpg\"},{\"@type\":\"BreadcrumbList\",\"@id\":\"https:\\\/\\\/www.eascarpenterstech.edu\\\/apprentice-resources\\\/carpenters-tool-list\\\/#breadcrumb\",\"itemListElement\":[{\"@type\":\"ListItem\",\"position\":1,\"name\":\"Home\",\"item\":\"https:\\\/\\\/www.eascarpenterstech.edu\\\/\"},{\"@type\":\"ListItem\",\"position\":2,\"name\":\"Apprentice Resources\",\"item\":\"https:\\\/\\\/www.eascarpenterstech.edu\\\/?page_id=47\"},{\"@type\":\"ListItem\",\"position\":3,\"name\":\"Carpenters Tool List\"}]},{\"@type\":\"WebSite\",\"@id\":\"https:\\\/\\\/www.eascarpenterstech.edu\\\/#website\",\"url\":\"https:\\\/\\\/www.eascarpenterstech.edu\\\/\",\"name\":\"Eastern Atlantic States Carpenters Technical Centers\",\"description\":\"Training The Best Carpenters in the Northeast Region\",\"publisher\":{\"@id\":\"https:\\\/\\\/www.eascarpenterstech.edu\\\/#organization\"},\"potentialAction\":[{\"@type\":\"SearchAction\",\"target\":{\"@type\":\"EntryPoint\",\"urlTemplate\":\"https:\\\/\\\/www.eascarpenterstech.edu\\\/?s={search_term_string}\"},\"query-input\":{\"@type\":\"PropertyValueSpecification\",\"valueRequired\":true,\"valueName\":\"search_term_string\"}}],\"inLanguage\":\"es\"},{\"@type\":\"Organization\",\"@id\":\"https:\\\/\\\/www.eascarpenterstech.edu\\\/#organization\",\"name\":\"Eastern Atlantic States Carpenters Technical Center\",\"url\":\"https:\\\/\\\/www.eascarpenterstech.edu\\\/\",\"logo\":{\"@type\":\"ImageObject\",\"inLanguage\":\"es\",\"@id\":\"https:\\\/\\\/www.eascarpenterstech.edu\\\/#\\\/schema\\\/logo\\\/image\\\/\",\"url\":\"https:\\\/\\\/www.eascarpenterstech.edu\\\/wp-content\\\/uploads\\\/2022\\\/07\\\/YOAST-Facebook-WebshareImage.jpg\",\"contentUrl\":\"https:\\\/\\\/www.eascarpenterstech.edu\\\/wp-content\\\/uploads\\\/2022\\\/07\\\/YOAST-Facebook-WebshareImage.jpg\",\"width\":600,\"height\":315,\"caption\":\"Eastern Atlantic States Carpenters Technical Center\"},\"image\":{\"@id\":\"https:\\\/\\\/www.eascarpenterstech.edu\\\/#\\\/schema\\\/logo\\\/image\\\/\"}}]}<\/script>\n<!-- \/ Yoast SEO plugin. -->","yoast_head_json":{"title":"Lista de herramientas de carpintero - Centro T\u00e9cnico de Carpinteros de los Estados del Atl\u00e1ntico Oriental","description":"T\u00edtulo Tipo Lista de herramientas Actualizar informaci\u00f3n Lista de herramientas Actualizar lista de herramientas del taller de fresado Lista de herramientas del taller de fresado Lista de herramientas para hincadores de pilotes Lista de herramientas para hincadores de pilotes Carpinteros","robots":{"index":"index","follow":"follow","max-snippet":"max-snippet:-1","max-image-preview":"max-image-preview:large","max-video-preview":"max-video-preview:-1"},"canonical":"https:\/\/www.eascarpenterstech.edu\/es\/apprentice-resources\/carpenters-tool-list\/","og_locale":"es_ES","og_type":"article","og_title":"Carpenters Tool List - Eastern Atlantic States Carpenters Technical Center","og_description":"Title Type Tool List Update Information Tool List Update Mill Shop Tool List Mill Shop Tool List Pile Driver Tool List Piledrivers Tool List Carpenters","og_url":"https:\/\/www.eascarpenterstech.edu\/es\/apprentice-resources\/carpenters-tool-list\/","og_site_name":"Eastern Atlantic States Carpenters Technical Center","article_modified_time":"2016-08-30T16:47:35+00:00","og_image":[{"url":"https:\/\/training.mactc.net\/wp-content\/uploads\/2014\/12\/1-year-85x11-300x232.jpg","type":"","width":"","height":""}],"twitter_card":"summary_large_image","schema":{"@context":"https:\/\/schema.org","@graph":[{"@type":"WebPage","@id":"https:\/\/www.eascarpenterstech.edu\/apprentice-resources\/carpenters-tool-list\/","url":"https:\/\/www.eascarpenterstech.edu\/apprentice-resources\/carpenters-tool-list\/","name":"Lista de herramientas de carpintero - Centro T\u00e9cnico de Carpinteros de los Estados del Atl\u00e1ntico Oriental","isPartOf":{"@id":"https:\/\/www.eascarpenterstech.edu\/#website"},"primaryImageOfPage":{"@id":"https:\/\/www.eascarpenterstech.edu\/apprentice-resources\/carpenters-tool-list\/#primaryimage"},"image":{"@id":"https:\/\/www.eascarpenterstech.edu\/apprentice-resources\/carpenters-tool-list\/#primaryimage"},"thumbnailUrl":"https:\/\/training.mactc.net\/wp-content\/uploads\/2014\/12\/1-year-85x11-300x232.jpg","datePublished":"2014-02-27T16:19:56+00:00","dateModified":"2016-08-30T16:47:35+00:00","description":"T\u00edtulo Tipo Lista de herramientas Actualizar informaci\u00f3n Lista de herramientas Actualizar lista de herramientas del taller de fresado Lista de herramientas del taller de fresado Lista de herramientas para hincadores de pilotes Lista de herramientas para hincadores de pilotes Carpinteros","breadcrumb":{"@id":"https:\/\/www.eascarpenterstech.edu\/apprentice-resources\/carpenters-tool-list\/#breadcrumb"},"inLanguage":"es","potentialAction":[{"@type":"ReadAction","target":["https:\/\/www.eascarpenterstech.edu\/apprentice-resources\/carpenters-tool-list\/"]}]},{"@type":"ImageObject","inLanguage":"es","@id":"https:\/\/www.eascarpenterstech.edu\/apprentice-resources\/carpenters-tool-list\/#primaryimage","url":"https:\/\/training.mactc.net\/wp-content\/uploads\/2014\/12\/1-year-85x11-300x232.jpg","contentUrl":"https:\/\/training.mactc.net\/wp-content\/uploads\/2014\/12\/1-year-85x11-300x232.jpg"},{"@type":"BreadcrumbList","@id":"https:\/\/www.eascarpenterstech.edu\/apprentice-resources\/carpenters-tool-list\/#breadcrumb","itemListElement":[{"@type":"ListItem","position":1,"name":"Home","item":"https:\/\/www.eascarpenterstech.edu\/"},{"@type":"ListItem","position":2,"name":"Apprentice Resources","item":"https:\/\/www.eascarpenterstech.edu\/?page_id=47"},{"@type":"ListItem","position":3,"name":"Carpenters Tool List"}]},{"@type":"WebSite","@id":"https:\/\/www.eascarpenterstech.edu\/#website","url":"https:\/\/www.eascarpenterstech.edu\/","name":"Centros t\u00e9cnicos de carpinteros de los estados del Atl\u00e1ntico oriental","description":"Capacitando a los mejores carpinteros de la regi\u00f3n Nordeste","publisher":{"@id":"https:\/\/www.eascarpenterstech.edu\/#organization"},"potentialAction":[{"@type":"SearchAction","target":{"@type":"EntryPoint","urlTemplate":"https:\/\/www.eascarpenterstech.edu\/?s={search_term_string}"},"query-input":{"@type":"PropertyValueSpecification","valueRequired":true,"valueName":"search_term_string"}}],"inLanguage":"es"},{"@type":"Organization","@id":"https:\/\/www.eascarpenterstech.edu\/#organization","name":"Centro t\u00e9cnico de carpinteros de los estados del Atl\u00e1ntico oriental","url":"https:\/\/www.eascarpenterstech.edu\/","logo":{"@type":"ImageObject","inLanguage":"es","@id":"https:\/\/www.eascarpenterstech.edu\/#\/schema\/logo\/image\/","url":"https:\/\/www.eascarpenterstech.edu\/wp-content\/uploads\/2022\/07\/YOAST-Facebook-WebshareImage.jpg","contentUrl":"https:\/\/www.eascarpenterstech.edu\/wp-content\/uploads\/2022\/07\/YOAST-Facebook-WebshareImage.jpg","width":600,"height":315,"caption":"Eastern Atlantic States Carpenters Technical Center"},"image":{"@id":"https:\/\/www.eascarpenterstech.edu\/#\/schema\/logo\/image\/"}}]}},"publishpress_future_action":{"enabled":false,"date":"2026-04-22 01:09:21","action":"change-status","newStatus":"draft","terms":[],"taxonomy":"","extraData":[]},"publishpress_future_workflow_manual_trigger":{"enabledWorkflows":[]},"_links":{"self":[{"href":"https:\/\/www.eascarpenterstech.edu\/es\/wp-json\/wp\/v2\/pages\/49","targetHints":{"allow":["GET"]}}],"collection":[{"href":"https:\/\/www.eascarpenterstech.edu\/es\/wp-json\/wp\/v2\/pages"}],"about":[{"href":"https:\/\/www.eascarpenterstech.edu\/es\/wp-json\/wp\/v2\/types\/page"}],"author":[{"embeddable":true,"href":"https:\/\/www.eascarpenterstech.edu\/es\/wp-json\/wp\/v2\/users\/35"}],"replies":[{"embeddable":true,"href":"https:\/\/www.eascarpenterstech.edu\/es\/wp-json\/wp\/v2\/comments?post=49"}],"version-history":[{"count":0,"href":"https:\/\/www.eascarpenterstech.edu\/es\/wp-json\/wp\/v2\/pages\/49\/revisions"}],"up":[{"embeddable":true,"href":"https:\/\/www.eascarpenterstech.edu\/es\/wp-json\/wp\/v2\/pages\/47"}],"wp:attachment":[{"href":"https:\/\/www.eascarpenterstech.edu\/es\/wp-json\/wp\/v2\/media?parent=49"}],"curies":[{"name":"gracias","href":"https:\/\/api.w.org\/{rel}","templated":true}]}}