{"id":236784,"date":"2024-09-26T07:52:24","date_gmt":"2024-09-26T11:52:24","guid":{"rendered":"https:\/\/www.eascarpenterstech.edu\/?page_id=236784"},"modified":"2026-01-16T13:49:23","modified_gmt":"2026-01-16T18:49:23","slug":"partner-colleges","status":"publish","type":"page","link":"https:\/\/www.eascarpenterstech.edu\/es\/partner-colleges\/","title":{"rendered":"Colegios asociados"},"content":{"rendered":"<p>[et_pb_section fb_built=&#8221;1&#8243; _builder_version=&#8221;4.27.5&#8243; _module_preset=&#8221;default&#8221; custom_margin=&#8221;0px||-15px||false|false&#8221; custom_padding=&#8221;||0px||false|false&#8221; global_colors_info=&#8221;{}&#8221;][et_pb_row column_structure=&#8221;1_3,1_3,1_3&#8243; _builder_version=&#8221;4.27.0&#8243; _module_preset=&#8221;default&#8221; custom_padding=&#8221;||0px||false|false&#8221; global_colors_info=&#8221;{}&#8221;][et_pb_column type=&#8221;1_3&#8243; _builder_version=&#8221;4.27.0&#8243; _module_preset=&#8221;default&#8221; global_colors_info=&#8221;{}&#8221;][et_pb_image src=&#8221;https:\/\/www.eascarpenterstech.edu\/wp-content\/uploads\/2022\/07\/rowan_university.jpg&#8221; title_text=&#8221;rowan_university&#8221; url=&#8221;https:\/\/www.rowan.edu\/&#8221; url_new_window=&#8221;on&#8221; _builder_version=&#8221;4.27.0&#8243; _module_preset=&#8221;default&#8221; global_colors_info=&#8221;{}&#8221;][\/et_pb_image][et_pb_image src=&#8221;https:\/\/www.eascarpenterstech.edu\/wp-content\/uploads\/2022\/07\/RowanLogo.png&#8221; title_text=&#8221;RowanLogo&#8221; url=&#8221;https:\/\/www.rowan.edu\/&#8221; url_new_window=&#8221;on&#8221; _builder_version=&#8221;4.27.0&#8243; _module_preset=&#8221;default&#8221; global_colors_info=&#8221;{}&#8221;][\/et_pb_image][et_pb_text _builder_version=&#8221;4.27.4&#8243; _module_preset=&#8221;default&#8221; global_colors_info=&#8221;{}&#8221;]<\/p>\n<p><strong>Rowan University<\/strong><br \/>201 Mullica Hill Road<br \/>Glassboro, New Jersey 08028<br \/>Construction & Engineering Management Admissions Counselors<br \/><a href=\"mailto:online@admissions.rowan.edu\" target=\"_blank\" rel=\"noopener\">online@admissions.rowan.edu<\/a><\/p>\n<p>[\/et_pb_text][et_pb_text _builder_version=&#8221;4.27.4&#8243; _module_preset=&#8221;default&#8221; global_colors_info=&#8221;{}&#8221;]<\/p>\n<p>Our partnership with Rowan permits union members, who have successfully completed training for the EASCTC, expedited access and entry to Rowan University\u2019s Bachelor of Arts in Construction Management online degree program. Students can transfer up to 73 equivalent college credits depending on their trade program. <strong>Click on the links below for more information.<\/strong><\/p>\n<p>[\/et_pb_text][et_pb_text _builder_version=&#8221;4.27.4&#8243; _module_preset=&#8221;default&#8221; global_colors_info=&#8221;{}&#8221;]<\/p>\n<ul>\n<li><a href=\"https:\/\/engineering.rowan.edu\/divisions\/constructionengineeringmanagement\/baconstructionmanagement\/\">B.A. in Construction Management<\/a><\/li>\n<li><a href=\"https:\/\/apply.rowan.edu\/apply\/\">Rowan University Application and Status Page<\/a><\/li>\n<\/ul>\n<p>[\/et_pb_text][\/et_pb_column][et_pb_column type=&#8221;1_3&#8243; _builder_version=&#8221;4.27.0&#8243; _module_preset=&#8221;default&#8221; global_colors_info=&#8221;{}&#8221;][et_pb_image src=&#8221;https:\/\/www.eascarpenterstech.edu\/wp-content\/uploads\/2022\/07\/2097152-1.jpg&#8221; title_text=&#8221;TESU&#8221; url=&#8221;https:\/\/www.tesu.edu\/&#8221; url_new_window=&#8221;on&#8221; _builder_version=&#8221;4.27.0&#8243; _module_preset=&#8221;default&#8221; global_colors_info=&#8221;{}&#8221;][\/et_pb_image][et_pb_text _builder_version=&#8221;4.27.2&#8243; _module_preset=&#8221;default&#8221; global_colors_info=&#8221;{}&#8221;]<\/p>\n<p><strong>Thomas Edison State University<\/strong><br \/>111 W. State St.<br \/>Trenton, NJ 08608<br \/>(609) 777-5680<br \/>Jeffrey Harmon, <a href=\"mailto:jharmon@tesu.edu\">jharmon@tesu.edu<\/a>\u00a0<\/p>\n<p>[\/et_pb_text][et_pb_text _builder_version=&#8221;4.27.0&#8243; _module_preset=&#8221;default&#8221; global_colors_info=&#8221;{}&#8221;]<\/p>\n<p>Our partnership with TESU permits union members, who have successfully completed training for the EASCTC, to transfer up to 74 credits into their Bachelor of Science in Construction or Bachelor of Science in Technical Studies.<strong> Click on the links below for more information.\u00a0<\/strong><\/p>\n<p>[\/et_pb_text][et_pb_text _builder_version=&#8221;4.27.4&#8243; _module_preset=&#8221;default&#8221; global_colors_info=&#8221;{}&#8221;]<\/p>\n<ul>\n<li><span style=\"color: #d31245;\"><a href=\"https:\/\/www.tesu.edu\/degrees-programs\/bachelors\/bs-construction.php\" style=\"color: #d31245;\">TESU &#8211; Bachelor of Science (B.S.) in Construction<\/a><\/span><\/li>\n<li><span style=\"color: #d31245;\"><a href=\"https:\/\/www.tesu.edu\/degrees-programs\/bachelors\/bs-technical-studies.php?_gl=1*1alrcfo*_gcl_au*MTU3MjIwODkwMy4xNzYyNTI5OTUw*_ga*MTcwNzYzNzIxMS4xNzYyNTI5OTUx*_ga_DSG60VSL1E*czE3NjI1Mjk5NTAkbzEkZzEkdDE3NjI1MzIwNTckajYwJGwwJGgzOTY2MTc5ODA.&_ga=2.7521399.494567367.1762529951-1707637211.1762529951\" style=\"color: #d31245;\">TESU &#8211; Bachelor of Science (B.S.) in Technical Studies<\/a><\/span><\/li>\n<li><span style=\"color: #d31245;\"><a href=\"https:\/\/www.tesu.edu\/degrees-programs\/associates\/aas-construction-facilities-support.php?_gl=1*1tp6csr*_gcl_au*MTU3MjIwODkwMy4xNzYyNTI5OTUw*_ga*MTcwNzYzNzIxMS4xNzYyNTI5OTUx*_ga_DSG60VSL1E*czE3NjI1MzM5NjYkbzIkZzEkdDE3NjI1MzQwMDQkajIyJGwwJGgxNzM0MDM0OTY0&_ga=2.7521399.494567367.1762529951-1707637211.1762529951\" style=\"color: #d31245;\">TESU &#8211; Associate in Applied Science (AAS) in Construction and Facilities Support<\/a><\/span><span style=\"color: #d31245;\"><\/span><\/li>\n<li><span style=\"color: #d31245;\"><a href=\"https:\/\/www2.tesu.edu\/oplr\/client.php?client=EASCTC&_gl=1*34jf7f*_gcl_au*MTU3MjIwODkwMy4xNzYyNTI5OTUw*_ga*MTcwNzYzNzIxMS4xNzYyNTI5OTUx*_ga_DSG60VSL1E*czE3NjI1Mjk5NTAkbzEkZzEkdDE3NjI1MzEzNTAkajMyJGwwJGgzOTY2MTc5ODA.&_ga=2.105169606.494567367.1762529951-1707637211.1762529951#howstart\" style=\"color: #d31245;\">How to Get Started<\/a><\/span><span style=\"color: #d31245;\"><\/span><\/li>\n<\/ul>\n<p>[\/et_pb_text][\/et_pb_column][et_pb_column type=&#8221;1_3&#8243; _builder_version=&#8221;4.27.0&#8243; _module_preset=&#8221;default&#8221; global_colors_info=&#8221;{}&#8221;][et_pb_image src=&#8221;https:\/\/www.eascarpenterstech.edu\/wp-content\/uploads\/2022\/07\/college_unbound.png&#8221; title_text=&#8221;college_unbound&#8221; url=&#8221;https:\/\/www.collegeunbound.edu\/&#8221; url_new_window=&#8221;on&#8221; _builder_version=&#8221;4.27.0&#8243; _module_preset=&#8221;default&#8221; global_colors_info=&#8221;{}&#8221;][\/et_pb_image][et_pb_text _builder_version=&#8221;4.27.2&#8243; _module_preset=&#8221;default&#8221; global_colors_info=&#8221;{}&#8221;]<\/p>\n<p><strong>College Unbound<\/strong><br \/>325 Public Street<br \/>Providence, RI 02905<br \/>(401) 414-7536<br \/>Jessica Crawley, <a href=\"mailto:jessica.crawley@collegeunbound.edu\">jessica.crawley@collegeunbound.edu<\/a>\u00a0<\/p>\n<p>[\/et_pb_text][et_pb_text _builder_version=&#8221;4.27.0&#8243; _module_preset=&#8221;default&#8221; global_colors_info=&#8221;{}&#8221;]<\/p>\n<p>If you are interested in an alternative method of achieving your bachelor's degree, CU offers personalized bachelor's programs geared toward working adults. CU's price per credit is about $437 and carpenters can transfer up to 73 credits from their completed apprenticeship.<\/p>\n<p>Additionally, College Unbound offers free &#8220;life experience credits&#8221; which are credits you can add to your degree from work experience outside the classroom.<strong><span style=\"color: #231f20;\"> Click on the links below for more information.<\/span>\u00a0<\/strong><\/p>\n<p>[\/et_pb_text][et_pb_text _builder_version=&#8221;4.27.0&#8243; _module_preset=&#8221;default&#8221; global_colors_info=&#8221;{}&#8221;]<\/p>\n<ul>\n<li><a href=\"https:\/\/www.collegeunbound.edu\/\">College Unbound<\/a><\/li>\n<\/ul>\n<p>[\/et_pb_text][\/et_pb_column][\/et_pb_row][\/et_pb_section][et_pb_section fb_built=&#8221;1&#8243; _builder_version=&#8221;4.27.5&#8243; _module_preset=&#8221;default&#8221; custom_margin=&#8221;0px||0px||false|false&#8221; custom_padding=&#8221;1px||1px||false|false&#8221; global_colors_info=&#8221;{}&#8221;][et_pb_row _builder_version=&#8221;4.27.5&#8243; _module_preset=&#8221;default&#8221; custom_margin=&#8221;0px||0px||false|false&#8221; custom_padding=&#8221;0px||0px||false|false&#8221; global_colors_info=&#8221;{}&#8221;][et_pb_column type=&#8221;4_4&#8243; _builder_version=&#8221;4.27.5&#8243; _module_preset=&#8221;default&#8221; global_colors_info=&#8221;{}&#8221;][et_pb_text _builder_version=&#8221;4.27.5&#8243; _module_preset=&#8221;default&#8221; inline_fonts=&#8221;Allerta&#8221; global_colors_info=&#8221;{}&#8221;]<\/p>\n<blockquote><\/blockquote>\n<h1><span style=\"color: #000000; font-size: xx-large; font-family: inherit; font-weight: normal;\">Considering non-credit Professional Development Certificates or other College Opportunities? See below for more information.\u00a0<\/span><\/h1>\n<blockquote><\/blockquote>\n<p>[\/et_pb_text][\/et_pb_column][\/et_pb_row][\/et_pb_section][et_pb_section fb_built=&#8221;1&#8243; disabled_on=&#8221;off|off|off&#8221; _builder_version=&#8221;4.27.5&#8243; _module_preset=&#8221;default&#8221; custom_margin=&#8221;-46px||0px||false|false&#8221; custom_padding=&#8221;0px||0px||false|false&#8221; global_colors_info=&#8221;{}&#8221;][et_pb_row column_structure=&#8221;1_3,1_3,1_3&#8243; _builder_version=&#8221;4.27.0&#8243; _module_preset=&#8221;default&#8221; global_colors_info=&#8221;{}&#8221;][et_pb_column type=&#8221;1_3&#8243; _builder_version=&#8221;4.27.0&#8243; _module_preset=&#8221;default&#8221; global_colors_info=&#8221;{}&#8221;][et_pb_image src=&#8221;https:\/\/www.eascarpenterstech.edu\/wp-content\/uploads\/2022\/07\/UniversityofDelaware.jpg&#8221; title_text=&#8221;RowanLogo&#8221; url=&#8221;https:\/\/www.udel.edu\/&#8221; url_new_window=&#8221;on&#8221; _builder_version=&#8221;4.27.5&#8243; _module_preset=&#8221;default&#8221; global_colors_info=&#8221;{}&#8221;][\/et_pb_image][et_pb_text _builder_version=&#8221;4.27.5&#8243; _module_preset=&#8221;default&#8221; global_colors_info=&#8221;{}&#8221;]<\/p>\n<p><strong>University of Delaware<\/strong><br \/>501 South College Avenue<br \/>Newark, Delaware 19716<br \/>302-831-2792<br \/>Non-Credit Programs, <a href=\"mailto:continuing-ed@udel.edu\" target=\"_blank\" rel=\"noopener\">continuing-ed@udel.edu<\/a>\u00a0 \u00a0 \u00a0 \u00a0 \u00a0 \u00a0 Graduate Programs, <a href=\"mailto:udonline-programs@udel.edu\" target=\"_blank\" rel=\"noopener\">udonline-programs@udel.edu<\/a><\/p>\n<p>[\/et_pb_text][et_pb_text _builder_version=&#8221;4.27.5&#8243; _module_preset=&#8221;default&#8221; hover_enabled=&#8221;0&#8243; global_colors_info=&#8221;{}&#8221; sticky_enabled=&#8221;0&#8243;]<\/p>\n<p>The Eastern Atlantic States Carpenters Technical Centers (EASCTC) is now a member of the <a href=\"https:\/\/www.eascarpenterstech.edu\/wp-content\/uploads\/2022\/07\/EASCTCAllianceFlyer.pdf\" target=\"_blank\" rel=\"noopener\">University of Delaware Education Alliance!<\/a> The University of Delaware provides flexible education pathways for every stage of your career, offering exclusive savings for Education Alliance members. <strong>Click on the links below for more information.<\/strong><\/p>\n<p>[\/et_pb_text][et_pb_text _builder_version=&#8221;4.27.4&#8243; _module_preset=&#8221;default&#8221; global_colors_info=&#8221;{}&#8221;]<\/p>\n<ul>\n<li>For non credit program, visit <a href=\"http:\/\/www.pcs.udel.edu\/\">www.pcs.udel.edu<\/a><\/li>\n<li>For graduate programs, please visit <a href=\"http:\/\/www.udel.edu\/academics\/online\">www.udel.edu\/academics\/online<\/a>\u00a0\u00a0<\/li>\n<\/ul>\n<p>[\/et_pb_text][\/et_pb_column][et_pb_column type=&#8221;1_3&#8243; _builder_version=&#8221;4.27.0&#8243; _module_preset=&#8221;default&#8221; global_colors_info=&#8221;{}&#8221;][\/et_pb_column][et_pb_column type=&#8221;1_3&#8243; _builder_version=&#8221;4.27.0&#8243; _module_preset=&#8221;default&#8221; global_colors_info=&#8221;{}&#8221;][\/et_pb_column][\/et_pb_row][\/et_pb_section]<\/p>\n","protected":false},"excerpt":{"rendered":"<p>Rowan University201 Mullica Hill RoadGlassboro, New Jersey 08028Construction &amp; Engineering Management Admissions Counselorsonline@admissions.rowan.eduOur partnership with Rowan permits union members, who have successfully completed training for the EASCTC, expedited access and entry to Rowan University\u2019s Bachelor of Arts in Construction Management online degree program. Students can transfer up to 73 equivalent college credits depending on their trade program. Click on the links below for more information. B.A. in Construction Management Rowan University Application and Status Page Thomas Edison State University111 W. State St.Trenton, NJ 08608(609) 777-5680Jeffrey Harmon, jharmon@tesu.edu\u00a0Our partnership with TESU permits union members, who have successfully completed training for the EASCTC, to transfer up to 74 credits into their Bachelor of Science in Construction or Bachelor of Science in Technical Studies. Click on the links below for more information.\u00a0 TESU &#8211; Bachelor of Science (B.S.) in Construction TESU &#8211; Bachelor of Science (B.S.) in Technical Studies TESU &#8211; Associate in Applied Science (AAS) in Construction and Facilities Support How to Get Started College Unbound325 Public StreetProvidence, RI 02905(401) 414-7536Jessica Crawley, jessica.crawley@collegeunbound.edu\u00a0If you are interested in an alternative method of achieving your bachelor&#8217;s degree, CU offers personalized bachelor&#8217;s programs geared toward working adults. CU&#8217;s price per credit is about $437 and [&hellip;]<\/p>\n","protected":false},"author":39,"featured_media":0,"parent":0,"menu_order":0,"comment_status":"closed","ping_status":"closed","template":"","meta":{"_acf_changed":false,"_et_pb_use_builder":"on","_et_pb_old_content":"","_et_gb_content_width":"","footnotes":""},"class_list":["post-236784","page","type-page","status-publish","hentry"],"acf":[],"yoast_head":"<!-- This site is optimized with the Yoast SEO plugin v27.4 - https:\/\/yoast.com\/product\/yoast-seo-wordpress\/ -->\n<title>Partner Colleges - Eastern Atlantic States Carpenters Technical Center<\/title>\n<meta name=\"robots\" content=\"index, follow, max-snippet:-1, max-image-preview:large, max-video-preview:-1\" \/>\n<link rel=\"canonical\" href=\"https:\/\/www.eascarpenterstech.edu\/es\/partner-colleges\/\" \/>\n<meta property=\"og:locale\" content=\"es_ES\" \/>\n<meta property=\"og:type\" content=\"article\" \/>\n<meta property=\"og:title\" content=\"Partner Colleges - Eastern Atlantic States Carpenters Technical Center\" \/>\n<meta property=\"og:url\" content=\"https:\/\/www.eascarpenterstech.edu\/es\/partner-colleges\/\" \/>\n<meta property=\"og:site_name\" content=\"Eastern Atlantic States Carpenters Technical Center\" \/>\n<meta property=\"article:modified_time\" content=\"2026-01-16T18:49:23+00:00\" \/>\n<meta property=\"og:image\" content=\"https:\/\/www.eascarpenterstech.edu\/wp-content\/uploads\/2022\/07\/YOAST-Facebook-WebshareImage-2.jpg\" \/>\n\t<meta property=\"og:image:width\" content=\"600\" \/>\n\t<meta property=\"og:image:height\" content=\"315\" \/>\n\t<meta property=\"og:image:type\" content=\"image\/jpeg\" \/>\n<meta name=\"twitter:card\" content=\"summary_large_image\" \/>\n<meta name=\"twitter:label1\" content=\"Est. reading time\" \/>\n\t<meta name=\"twitter:data1\" content=\"2 minutos\" \/>\n<script type=\"application\/ld+json\" class=\"yoast-schema-graph\">{\"@context\":\"https:\\\/\\\/schema.org\",\"@graph\":[{\"@type\":\"WebPage\",\"@id\":\"https:\\\/\\\/www.eascarpenterstech.edu\\\/partner-colleges\\\/\",\"url\":\"https:\\\/\\\/www.eascarpenterstech.edu\\\/partner-colleges\\\/\",\"name\":\"Partner Colleges - Eastern Atlantic States Carpenters Technical Center\",\"isPartOf\":{\"@id\":\"https:\\\/\\\/www.eascarpenterstech.edu\\\/#website\"},\"datePublished\":\"2024-09-26T11:52:24+00:00\",\"dateModified\":\"2026-01-16T18:49:23+00:00\",\"breadcrumb\":{\"@id\":\"https:\\\/\\\/www.eascarpenterstech.edu\\\/partner-colleges\\\/#breadcrumb\"},\"inLanguage\":\"es\",\"potentialAction\":[{\"@type\":\"ReadAction\",\"target\":[\"https:\\\/\\\/www.eascarpenterstech.edu\\\/partner-colleges\\\/\"]}]},{\"@type\":\"BreadcrumbList\",\"@id\":\"https:\\\/\\\/www.eascarpenterstech.edu\\\/partner-colleges\\\/#breadcrumb\",\"itemListElement\":[{\"@type\":\"ListItem\",\"position\":1,\"name\":\"Home\",\"item\":\"https:\\\/\\\/www.eascarpenterstech.edu\\\/\"},{\"@type\":\"ListItem\",\"position\":2,\"name\":\"Partner Colleges\"}]},{\"@type\":\"WebSite\",\"@id\":\"https:\\\/\\\/www.eascarpenterstech.edu\\\/#website\",\"url\":\"https:\\\/\\\/www.eascarpenterstech.edu\\\/\",\"name\":\"Eastern Atlantic States Carpenters Technical Centers\",\"description\":\"Training The Best Carpenters in the Northeast Region\",\"publisher\":{\"@id\":\"https:\\\/\\\/www.eascarpenterstech.edu\\\/#organization\"},\"potentialAction\":[{\"@type\":\"SearchAction\",\"target\":{\"@type\":\"EntryPoint\",\"urlTemplate\":\"https:\\\/\\\/www.eascarpenterstech.edu\\\/?s={search_term_string}\"},\"query-input\":{\"@type\":\"PropertyValueSpecification\",\"valueRequired\":true,\"valueName\":\"search_term_string\"}}],\"inLanguage\":\"es\"},{\"@type\":\"Organization\",\"@id\":\"https:\\\/\\\/www.eascarpenterstech.edu\\\/#organization\",\"name\":\"Eastern Atlantic States Carpenters Technical Center\",\"url\":\"https:\\\/\\\/www.eascarpenterstech.edu\\\/\",\"logo\":{\"@type\":\"ImageObject\",\"inLanguage\":\"es\",\"@id\":\"https:\\\/\\\/www.eascarpenterstech.edu\\\/#\\\/schema\\\/logo\\\/image\\\/\",\"url\":\"https:\\\/\\\/www.eascarpenterstech.edu\\\/wp-content\\\/uploads\\\/2022\\\/07\\\/YOAST-Facebook-WebshareImage.jpg\",\"contentUrl\":\"https:\\\/\\\/www.eascarpenterstech.edu\\\/wp-content\\\/uploads\\\/2022\\\/07\\\/YOAST-Facebook-WebshareImage.jpg\",\"width\":600,\"height\":315,\"caption\":\"Eastern Atlantic States Carpenters Technical Center\"},\"image\":{\"@id\":\"https:\\\/\\\/www.eascarpenterstech.edu\\\/#\\\/schema\\\/logo\\\/image\\\/\"}}]}<\/script>\n<!-- \/ Yoast SEO plugin. -->","yoast_head_json":{"title":"Colegios asociados - Centro T\u00e9cnico de Carpinteros de los Estados del Atl\u00e1ntico Oriental","robots":{"index":"index","follow":"follow","max-snippet":"max-snippet:-1","max-image-preview":"max-image-preview:large","max-video-preview":"max-video-preview:-1"},"canonical":"https:\/\/www.eascarpenterstech.edu\/es\/partner-colleges\/","og_locale":"es_ES","og_type":"article","og_title":"Partner Colleges - Eastern Atlantic States Carpenters Technical Center","og_url":"https:\/\/www.eascarpenterstech.edu\/es\/partner-colleges\/","og_site_name":"Eastern Atlantic States Carpenters Technical Center","article_modified_time":"2026-01-16T18:49:23+00:00","og_image":[{"width":600,"height":315,"url":"https:\/\/www.eascarpenterstech.edu\/wp-content\/uploads\/2022\/07\/YOAST-Facebook-WebshareImage-2.jpg","type":"image\/jpeg"}],"twitter_card":"summary_large_image","twitter_misc":{"Est. reading time":"2 minutos"},"schema":{"@context":"https:\/\/schema.org","@graph":[{"@type":"WebPage","@id":"https:\/\/www.eascarpenterstech.edu\/partner-colleges\/","url":"https:\/\/www.eascarpenterstech.edu\/partner-colleges\/","name":"Colegios asociados - Centro T\u00e9cnico de Carpinteros de los Estados del Atl\u00e1ntico Oriental","isPartOf":{"@id":"https:\/\/www.eascarpenterstech.edu\/#website"},"datePublished":"2024-09-26T11:52:24+00:00","dateModified":"2026-01-16T18:49:23+00:00","breadcrumb":{"@id":"https:\/\/www.eascarpenterstech.edu\/partner-colleges\/#breadcrumb"},"inLanguage":"es","potentialAction":[{"@type":"ReadAction","target":["https:\/\/www.eascarpenterstech.edu\/partner-colleges\/"]}]},{"@type":"BreadcrumbList","@id":"https:\/\/www.eascarpenterstech.edu\/partner-colleges\/#breadcrumb","itemListElement":[{"@type":"ListItem","position":1,"name":"Home","item":"https:\/\/www.eascarpenterstech.edu\/"},{"@type":"ListItem","position":2,"name":"Partner Colleges"}]},{"@type":"WebSite","@id":"https:\/\/www.eascarpenterstech.edu\/#website","url":"https:\/\/www.eascarpenterstech.edu\/","name":"Centros t\u00e9cnicos de carpinteros de los estados del Atl\u00e1ntico oriental","description":"Capacitando a los mejores carpinteros de la regi\u00f3n Nordeste","publisher":{"@id":"https:\/\/www.eascarpenterstech.edu\/#organization"},"potentialAction":[{"@type":"SearchAction","target":{"@type":"EntryPoint","urlTemplate":"https:\/\/www.eascarpenterstech.edu\/?s={search_term_string}"},"query-input":{"@type":"PropertyValueSpecification","valueRequired":true,"valueName":"search_term_string"}}],"inLanguage":"es"},{"@type":"Organization","@id":"https:\/\/www.eascarpenterstech.edu\/#organization","name":"Centro t\u00e9cnico de carpinteros de los estados del Atl\u00e1ntico oriental","url":"https:\/\/www.eascarpenterstech.edu\/","logo":{"@type":"ImageObject","inLanguage":"es","@id":"https:\/\/www.eascarpenterstech.edu\/#\/schema\/logo\/image\/","url":"https:\/\/www.eascarpenterstech.edu\/wp-content\/uploads\/2022\/07\/YOAST-Facebook-WebshareImage.jpg","contentUrl":"https:\/\/www.eascarpenterstech.edu\/wp-content\/uploads\/2022\/07\/YOAST-Facebook-WebshareImage.jpg","width":600,"height":315,"caption":"Eastern Atlantic States Carpenters Technical Center"},"image":{"@id":"https:\/\/www.eascarpenterstech.edu\/#\/schema\/logo\/image\/"}}]}},"publishpress_future_action":{"enabled":false,"date":"2026-05-03 15:36:04","action":"change-status","newStatus":"draft","terms":[],"taxonomy":"","extraData":[]},"publishpress_future_workflow_manual_trigger":{"enabledWorkflows":[]},"_links":{"self":[{"href":"https:\/\/www.eascarpenterstech.edu\/es\/wp-json\/wp\/v2\/pages\/236784","targetHints":{"allow":["GET"]}}],"collection":[{"href":"https:\/\/www.eascarpenterstech.edu\/es\/wp-json\/wp\/v2\/pages"}],"about":[{"href":"https:\/\/www.eascarpenterstech.edu\/es\/wp-json\/wp\/v2\/types\/page"}],"author":[{"embeddable":true,"href":"https:\/\/www.eascarpenterstech.edu\/es\/wp-json\/wp\/v2\/users\/39"}],"replies":[{"embeddable":true,"href":"https:\/\/www.eascarpenterstech.edu\/es\/wp-json\/wp\/v2\/comments?post=236784"}],"version-history":[{"count":35,"href":"https:\/\/www.eascarpenterstech.edu\/es\/wp-json\/wp\/v2\/pages\/236784\/revisions"}],"predecessor-version":[{"id":237812,"href":"https:\/\/www.eascarpenterstech.edu\/es\/wp-json\/wp\/v2\/pages\/236784\/revisions\/237812"}],"wp:attachment":[{"href":"https:\/\/www.eascarpenterstech.edu\/es\/wp-json\/wp\/v2\/media?parent=236784"}],"curies":[{"name":"gracias","href":"https:\/\/api.w.org\/{rel}","templated":true}]}}