{"id":236737,"date":"2024-09-25T11:19:29","date_gmt":"2024-09-25T15:19:29","guid":{"rendered":"https:\/\/www.eascarpenterstech.edu\/?page_id=236737"},"modified":"2026-01-09T09:47:39","modified_gmt":"2026-01-09T14:47:39","slug":"college-credits-info","status":"publish","type":"page","link":"https:\/\/www.eascarpenterstech.edu\/es\/college-credits-info\/","title":{"rendered":"Cr\u00e9ditos universitarios"},"content":{"rendered":"<p>[et_pb_section fb_built=&#8221;1&#8243; _builder_version=&#8221;4.27.0&#8243; _module_preset=&#8221;default&#8221; use_background_color_gradient=&#8221;on&#8221; background_color_gradient_stops=&#8221;rgba(0,32,91,0.5) 0%|rgba(0,32,91,0.5) 100%&#8221; background_color_gradient_overlays_image=&#8221;on&#8221; background_image=&#8221;https:\/\/www.eascarpenterstech.edu\/wp-content\/uploads\/2022\/07\/iStock-1158020159.jpg&#8221; background_position=&#8221;top_center&#8221; custom_padding=&#8221;100px||100px||true|false&#8221; locked=&#8221;off&#8221; global_colors_info=&#8221;{}&#8221;][et_pb_row _builder_version=&#8221;4.19.5&#8243; _module_preset=&#8221;default&#8221; global_colors_info=&#8221;{}&#8221;][et_pb_column type=&#8221;4_4&#8243; _builder_version=&#8221;4.19.5&#8243; _module_preset=&#8221;default&#8221; global_colors_info=&#8221;{}&#8221;][et_pb_text quote_border_color=&#8221;#d31245&#8243; _builder_version=&#8221;4.27.0&#8243; _module_preset=&#8221;default&#8221; quote_text_color=&#8221;RGBA(255,255,255,0)&#8221; header_font=&#8221;Open Sans|700|||||||&#8221; header_text_color=&#8221;#FFFFFF&#8221; header_font_size=&#8221;72px&#8221; width=&#8221;80%&#8221; width_tablet=&#8221;50%&#8221; width_phone=&#8221;100%&#8221; width_last_edited=&#8221;on|phone&#8221; header_text_align_tablet=&#8221;&#8221; header_text_align_phone=&#8221;center&#8221; header_text_align_last_edited=&#8221;on|phone&#8221; header_font_size_tablet=&#8221;72px&#8221; header_font_size_phone=&#8221;40px&#8221; header_font_size_last_edited=&#8221;on|phone&#8221; global_colors_info=&#8221;{}&#8221;]<\/p>\n<blockquote>\n<h1>Degree<\/h1>\n<h1>Pathways<\/h1>\n<\/blockquote>\n<p>[\/et_pb_text][et_pb_text _builder_version=&#8221;4.27.0&#8243; _module_preset=&#8221;default&#8221; text_text_color=&#8221;#FFFFFF&#8221; width=&#8221;50%&#8221; width_tablet=&#8221;50%&#8221; width_phone=&#8221;100%&#8221; width_last_edited=&#8221;on|phone&#8221; text_orientation_tablet=&#8221;&#8221; text_orientation_phone=&#8221;center&#8221; text_orientation_last_edited=&#8221;on|phone&#8221; global_colors_info=&#8221;{}&#8221;]<\/p>\n<p>EASCTC takes pride in its commitment to providing a top-notch education and preparing students for rewarding careers in the UBC. Accredited by the Council on Occupational Education (COE), our apprenticeship programs offer numerous advantages to students, both during their time at EASCTC and beyond.<\/p>\n<p>[\/et_pb_text][\/et_pb_column][\/et_pb_row][\/et_pb_section][et_pb_section fb_built=&#8221;1&#8243; _builder_version=&#8221;4.27.4&#8243; _module_preset=&#8221;default&#8221; custom_padding=&#8221;0px||0px||false|false&#8221; global_colors_info=&#8221;{}&#8221;][et_pb_row _builder_version=&#8221;4.27.4&#8243; _module_preset=&#8221;default&#8221; global_colors_info=&#8221;{}&#8221;][et_pb_column type=&#8221;4_4&#8243; _builder_version=&#8221;4.27.4&#8243; _module_preset=&#8221;default&#8221; global_colors_info=&#8221;{}&#8221;][et_pb_text _builder_version=&#8221;4.27.4&#8243; _module_preset=&#8221;default&#8221; custom_margin=&#8221;0px||0px||false|false&#8221; custom_padding=&#8221;0px||0px||false|false&#8221; global_colors_info=&#8221;{}&#8221;]<\/p>\n<p><strong>*The following EASCTC locations are accredited by the COE: Philadelphia, Allentown, New Jersey and Delaware. However, please contact your training center regarding additional credit programs.<\/strong><\/p>\n<p>[\/et_pb_text][\/et_pb_column][\/et_pb_row][\/et_pb_section][et_pb_section fb_built=&#8221;1&#8243; admin_label=&#8221;section&#8221; _builder_version=&#8221;4.22.0&#8243; global_colors_info=&#8221;{}&#8221;][et_pb_row column_structure=&#8221;1_2,1_2&#8243; _builder_version=&#8221;4.27.0&#8243; _module_preset=&#8221;default&#8221; custom_padding=&#8221;||0px||false|false&#8221; locked=&#8221;off&#8221; global_colors_info=&#8221;{}&#8221;][et_pb_column type=&#8221;1_2&#8243; _builder_version=&#8221;4.16&#8243; _module_preset=&#8221;default&#8221; global_colors_info=&#8221;{}&#8221;][et_pb_text admin_label=&#8221;benefits info&#8221; _builder_version=&#8221;4.27.4&#8243; _module_preset=&#8221;default&#8221; custom_padding=&#8221;||0px|||&#8221; global_colors_info=&#8221;{}&#8221;]<\/p>\n<h2><span style=\"color: #0c71c3;\"><strong>Benefits for EASCTC Students<\/strong><\/span><\/h2>\n<ul>\n<li style=\"text-align: left;\"><strong>Industry-Recognized Excellence:<\/strong> COE accreditation assures students that EASCTC adheres to rigorous quality standards, ensuring a comprehensive and up-to-date curriculum. This recognition enhances the reputation of our graduates in the job market, setting them apart from their peers.<\/li>\n<li style=\"text-align: left;\"><strong>Enhanced Career Opportunities<\/strong>: By completing an accredited apprenticeship program, EASCTC students gain a competitive edge when entering the job market. Employers value the hands-on experience and industry-specific training our apprentices receive, leading to enhanced career prospects and higher earning potential.<\/li>\n<li style=\"text-align: left;\"><strong>Transferable College Credits<\/strong>: Accreditation by COE allows EASCTC students to earn college credits during their apprenticeship. These credits can be transferred to affiliated\/ partnered universities, accelerating their progress towards a bachelor's degree and saving both time and money. EASCTC's Memorandum of Understanding (MOU) with partnered universities ensures a smooth transfer of credit process.<\/li>\n<li style=\"text-align: left;\"><strong>Credit Award for Program Completion<\/strong>: EASCTC Apprentices can expect to receive credit for their apprenticeship. Transferable credit totals will vary based on the level of university partnership with EASCTC. These partnerships are available upon request. Individual credit award will be at the discretion of partner university admissions officials and year of apprenticeship completion of the UBC member.<\/li>\n<\/ul>\n<p>[\/et_pb_text][\/et_pb_column][et_pb_column type=&#8221;1_2&#8243; _builder_version=&#8221;4.16&#8243; _module_preset=&#8221;default&#8221; global_colors_info=&#8221;{}&#8221;][et_pb_image src=&#8221;https:\/\/www.eascarpenterstech.edu\/wp-content\/uploads\/2022\/07\/iStock-1181045363.jpg&#8221; _builder_version=&#8221;4.27.4&#8243; _module_preset=&#8221;default&#8221; box_shadow_style=&#8221;preset1&#8243; global_colors_info=&#8221;{}&#8221;][\/et_pb_image][et_pb_text _builder_version=&#8221;4.27.0&#8243; _module_preset=&#8221;default&#8221; global_colors_info=&#8221;{}&#8221;]<\/p>\n<p><em>Students who wish to pursue a bachelor's degree in a related field can seamlessly transition to a partnered university without losing credits, allowing for a streamlined academic progression.<\/em><\/p>\n<p>[\/et_pb_text][\/et_pb_column][\/et_pb_row][et_pb_row column_structure=&#8221;1_2,1_2&#8243; _builder_version=&#8221;4.27.0&#8243; _module_preset=&#8221;default&#8221; global_colors_info=&#8221;{}&#8221;][et_pb_column type=&#8221;1_2&#8243; _builder_version=&#8221;4.27.0&#8243; _module_preset=&#8221;default&#8221; global_colors_info=&#8221;{}&#8221;][et_pb_text _builder_version=&#8221;4.27.0&#8243; _module_preset=&#8221;default&#8221; global_colors_info=&#8221;{}&#8221;]<\/p>\n<p style=\"text-align: center;\">For more inquiries about Accreditation and Degree pathways, please contact Student Services Department:<\/p>\n<p style=\"text-align: center;\"><strong> <span style=\"text-decoration: underline;\"><span style=\"color: #0c71c3; text-decoration: underline;\"><a href=\"mailto:Studentservices@eascarpenterstech.edu\" style=\"color: #0c71c3; text-decoration: underline;\">Studentservices@eascarpenterstech.edu<\/a><\/span><\/span><\/strong><\/p>\n<p>[\/et_pb_text][\/et_pb_column][et_pb_column type=&#8221;1_2&#8243; _builder_version=&#8221;4.27.0&#8243; _module_preset=&#8221;default&#8221; global_colors_info=&#8221;{}&#8221;][et_pb_text _builder_version=&#8221;4.27.0&#8243; _module_preset=&#8221;default&#8221; global_colors_info=&#8221;{}&#8221;]<\/p>\n<p style=\"text-align: center;\">To apply or request more information, please visit our partner universities page.<\/p>\n<p>[\/et_pb_text][et_pb_button button_url=&#8221;https:\/\/www.eascarpenterstech.edu\/partner-colleges\/&#8221; url_new_window=&#8221;on&#8221; button_text=&#8221;Partner Universities&#8221; button_alignment=&#8221;center&#8221; _builder_version=&#8221;4.27.0&#8243; _module_preset=&#8221;default&#8221; custom_button=&#8221;on&#8221; button_text_size=&#8221;17px&#8221; button_text_color=&#8221;#FFFFFF&#8221; button_bg_color=&#8221;#AA0F3F&#8221; button_border_width=&#8221;0px&#8221; button_border_color=&#8221;#000000&#8243; button_border_radius=&#8221;14px&#8221; button_letter_spacing=&#8221;1px&#8221; button_font=&#8221;||||||||&#8221; button_icon=&#8221;&#x3a;||divi||400&#8243; button_icon_color=&#8221;#FFFFFF&#8221; button_text_shadow_style=&#8221;preset1&#8243; box_shadow_style=&#8221;preset3&#8243; global_colors_info=&#8221;{}&#8221;][\/et_pb_button][\/et_pb_column][\/et_pb_row][et_pb_row _builder_version=&#8221;4.16&#8243; _module_preset=&#8221;default&#8221; custom_padding=&#8221;||0px||false|false&#8221; locked=&#8221;off&#8221; global_colors_info=&#8221;{}&#8221;][et_pb_column type=&#8221;4_4&#8243; saved_specialty_column_type=&#8221;2_3&#8243; _builder_version=&#8221;4.16&#8243; _module_preset=&#8221;default&#8221; global_colors_info=&#8221;{}&#8221;][et_pb_text _builder_version=&#8221;4.27.0&#8243; _module_preset=&#8221;default&#8221; custom_padding=&#8221;||0px|||&#8221; global_colors_info=&#8221;{}&#8221;]<\/p>\n<h2><span style=\"color: #0c71c3;\"><strong>Frequently Asked Questions<\/strong><\/span><\/h2>\n<p>[\/et_pb_text][et_pb_accordion icon_color=&#8221;#0C71C3&#8243; admin_label=&#8221;FAQS accordion&#8221; _builder_version=&#8221;4.27.4&#8243; _module_preset=&#8221;default&#8221; toggle_font=&#8221;Open Sans||||||||&#8221; toggle_font_size=&#8221;18px&#8221; closed_toggle_font_size=&#8221;18px&#8221; global_colors_info=&#8221;{}&#8221;][et_pb_accordion_item title=&#8221;1.\tHow many credits could I receive for my apprenticeship?&#8221; open=&#8221;on&#8221; _builder_version=&#8221;4.27.4&#8243; _module_preset=&#8221;default&#8221; global_colors_info=&#8221;{}&#8221; toggle_font_size=&#8221;18px&#8221;]<\/p>\n<p>If you graduated from a training center in Philadelphia, Allentown, New Jersey or Delaware, then you can expect to receive up to 65-credits for Mill\/Cabinet program, 54-credits Carpenter program, 54-credits Floor Layer program, and 74-credits Millwright program. Totals will vary based on the level of university partnership with EASCTC.<\/p>\n<p>[\/et_pb_accordion_item][et_pb_accordion_item title=&#8221;2.\tDoes the EASCTC give out associates degrees?&#8221; _builder_version=&#8221;4.27.4&#8243; _module_preset=&#8221;default&#8221; global_colors_info=&#8221;{}&#8221; toggle_font_size=&#8221;18px&#8221;]<\/p>\n<p>The EASCTC does not confer associates degrees. However, upon request, we can provide you with a transcript to give the college admissions department of your chosen school, and they will decide the number of credits that can be put towards your chosen degree.<\/p>\n<p>[\/et_pb_accordion_item][et_pb_accordion_item title=&#8221;3.\tI want to pursue an associate or bachelors degree. Where should I transfer my apprenticeship credits to?&#8221; _builder_version=&#8221;4.27.4&#8243; _module_preset=&#8221;default&#8221; global_colors_info=&#8221;{}&#8221; toggle_font_size=&#8221;18px&#8221;]<\/p>\n<p>To receive the maximum number of credits for your apprenticeship, we recommend applying to the schools featured on this page. However, you can take your EASCTC transcript to any university\/college of your choice.<\/p>\n<p>[\/et_pb_accordion_item][et_pb_accordion_item title=&#8221;4.\tWhat financial aid options are open to me?&#8221; _builder_version=&#8221;4.27.4&#8243; _module_preset=&#8221;default&#8221; global_colors_info=&#8221;{}&#8221; toggle_font_size=&#8221;18px&#8221;]<\/p>\n<p>The EASCTC does not offer financial aid for higher education, but there are other resources available to you<br \/>i. FAFSA &#8211; <span style=\"text-decoration: underline;\"><span style=\"color: #0c71c3; text-decoration: underline;\"><a href=\"https:\/\/studentaid.gov\/apply-for-aid\/fafsa\/filling-out\" style=\"color: #0c71c3; text-decoration: underline;\">Filling Out the FAFSA\u00ae Form | Federal Student Aid<\/a><\/span><\/span><br \/>ii. Tuition reimbursement (see below)<\/p>\n<p>[\/et_pb_accordion_item][et_pb_accordion_item title=&#8221;5.\tCan I participate in tuition reimbursement?&#8221; _builder_version=&#8221;4.27.4&#8243; _module_preset=&#8221;default&#8221; global_colors_info=&#8221;{}&#8221; toggle_font_size=&#8221;18px&#8221;]<\/p>\n<p>Contact your council representative to find out what contractor's association your employer is affiliated with. Once you know it, you can reach out to Student Services. Organizations like GBCA and ACCNJ have tuition reimbursement programs you may be eligible for!<\/p>\n<p>[\/et_pb_accordion_item][et_pb_accordion_item title=&#8221;6.\tCan I have my loans deferred?&#8221; _builder_version=&#8221;4.27.4&#8243; _module_preset=&#8221;default&#8221; global_colors_info=&#8221;{}&#8221; toggle_font_size=&#8221;18px&#8221;]<\/p>\n<p>You must first consult your loan provider to learn more about their deferment options and discuss what would best suit your needs. If you qualify, ask them for a loan deferment form and forward it to us as a PDF. We will complete the sections pertaining to the EASCTC and send it back to you. Even with our signature, it is up to your loan provider to decide if you qualify for loan deferment.<\/p>\n<p>[\/et_pb_accordion_item][\/et_pb_accordion][\/et_pb_column][\/et_pb_row][\/et_pb_section]<\/p>\n","protected":false},"excerpt":{"rendered":"<p>Degree Pathways EASCTC takes pride in its commitment to providing a top-notch education and preparing students for rewarding careers in the UBC. Accredited by the Council on Occupational Education (COE), our apprenticeship programs offer numerous advantages to students, both during their time at EASCTC and beyond.*The following EASCTC locations are accredited by the COE: Philadelphia, Allentown, New Jersey and Delaware. However, please contact your training center regarding additional credit programs.Benefits for EASCTC Students Industry-Recognized Excellence: COE accreditation assures students that EASCTC adheres to rigorous quality standards, ensuring a comprehensive and up-to-date curriculum. This recognition enhances the reputation of our graduates in the job market, setting them apart from their peers. Enhanced Career Opportunities: By completing an accredited apprenticeship program, EASCTC students gain a competitive edge when entering the job market. Employers value the hands-on experience and industry-specific training our apprentices receive, leading to enhanced career prospects and higher earning potential. Transferable College Credits: Accreditation by COE allows EASCTC students to earn college credits during their apprenticeship. These credits can be transferred to affiliated\/ partnered universities, accelerating their progress towards a bachelor&#8217;s degree and saving both time and money. EASCTC&#8217;s Memorandum of Understanding (MOU) with partnered universities ensures a smooth transfer [&hellip;]<\/p>\n","protected":false},"author":39,"featured_media":0,"parent":0,"menu_order":0,"comment_status":"closed","ping_status":"closed","template":"","meta":{"_acf_changed":false,"_et_pb_use_builder":"on","_et_pb_old_content":"","_et_gb_content_width":"","footnotes":""},"class_list":["post-236737","page","type-page","status-publish","hentry"],"acf":[],"yoast_head":"<!-- This site is optimized with the Yoast SEO plugin v27.4 - https:\/\/yoast.com\/product\/yoast-seo-wordpress\/ -->\n<title>College Credits - Eastern Atlantic States Carpenters Technical Center<\/title>\n<meta name=\"robots\" content=\"index, follow, max-snippet:-1, max-image-preview:large, max-video-preview:-1\" \/>\n<link rel=\"canonical\" href=\"https:\/\/www.eascarpenterstech.edu\/es\/college-credits-info\/\" \/>\n<meta property=\"og:locale\" content=\"es_ES\" \/>\n<meta property=\"og:type\" content=\"article\" \/>\n<meta property=\"og:title\" content=\"College Credits - Eastern Atlantic States Carpenters Technical Center\" \/>\n<meta property=\"og:url\" content=\"https:\/\/www.eascarpenterstech.edu\/es\/college-credits-info\/\" \/>\n<meta property=\"og:site_name\" content=\"Eastern Atlantic States Carpenters Technical Center\" \/>\n<meta property=\"article:modified_time\" content=\"2026-01-09T14:47:39+00:00\" \/>\n<meta property=\"og:image\" content=\"https:\/\/www.eascarpenterstech.edu\/wp-content\/uploads\/2022\/07\/YOAST-Facebook-WebshareImage-2.jpg\" \/>\n\t<meta property=\"og:image:width\" content=\"600\" \/>\n\t<meta property=\"og:image:height\" content=\"315\" \/>\n\t<meta property=\"og:image:type\" content=\"image\/jpeg\" \/>\n<meta name=\"twitter:card\" content=\"summary_large_image\" \/>\n<meta name=\"twitter:label1\" content=\"Est. reading time\" \/>\n\t<meta name=\"twitter:data1\" content=\"4 minutos\" \/>\n<script type=\"application\/ld+json\" class=\"yoast-schema-graph\">{\"@context\":\"https:\\\/\\\/schema.org\",\"@graph\":[{\"@type\":\"WebPage\",\"@id\":\"https:\\\/\\\/www.eascarpenterstech.edu\\\/college-credits-info\\\/\",\"url\":\"https:\\\/\\\/www.eascarpenterstech.edu\\\/college-credits-info\\\/\",\"name\":\"College Credits - Eastern Atlantic States Carpenters Technical Center\",\"isPartOf\":{\"@id\":\"https:\\\/\\\/www.eascarpenterstech.edu\\\/#website\"},\"datePublished\":\"2024-09-25T15:19:29+00:00\",\"dateModified\":\"2026-01-09T14:47:39+00:00\",\"breadcrumb\":{\"@id\":\"https:\\\/\\\/www.eascarpenterstech.edu\\\/college-credits-info\\\/#breadcrumb\"},\"inLanguage\":\"es\",\"potentialAction\":[{\"@type\":\"ReadAction\",\"target\":[\"https:\\\/\\\/www.eascarpenterstech.edu\\\/college-credits-info\\\/\"]}]},{\"@type\":\"BreadcrumbList\",\"@id\":\"https:\\\/\\\/www.eascarpenterstech.edu\\\/college-credits-info\\\/#breadcrumb\",\"itemListElement\":[{\"@type\":\"ListItem\",\"position\":1,\"name\":\"Home\",\"item\":\"https:\\\/\\\/www.eascarpenterstech.edu\\\/\"},{\"@type\":\"ListItem\",\"position\":2,\"name\":\"College Credits\"}]},{\"@type\":\"WebSite\",\"@id\":\"https:\\\/\\\/www.eascarpenterstech.edu\\\/#website\",\"url\":\"https:\\\/\\\/www.eascarpenterstech.edu\\\/\",\"name\":\"Eastern Atlantic States Carpenters Technical Centers\",\"description\":\"Training The Best Carpenters in the Northeast Region\",\"publisher\":{\"@id\":\"https:\\\/\\\/www.eascarpenterstech.edu\\\/#organization\"},\"potentialAction\":[{\"@type\":\"SearchAction\",\"target\":{\"@type\":\"EntryPoint\",\"urlTemplate\":\"https:\\\/\\\/www.eascarpenterstech.edu\\\/?s={search_term_string}\"},\"query-input\":{\"@type\":\"PropertyValueSpecification\",\"valueRequired\":true,\"valueName\":\"search_term_string\"}}],\"inLanguage\":\"es\"},{\"@type\":\"Organization\",\"@id\":\"https:\\\/\\\/www.eascarpenterstech.edu\\\/#organization\",\"name\":\"Eastern Atlantic States Carpenters Technical Center\",\"url\":\"https:\\\/\\\/www.eascarpenterstech.edu\\\/\",\"logo\":{\"@type\":\"ImageObject\",\"inLanguage\":\"es\",\"@id\":\"https:\\\/\\\/www.eascarpenterstech.edu\\\/#\\\/schema\\\/logo\\\/image\\\/\",\"url\":\"https:\\\/\\\/www.eascarpenterstech.edu\\\/wp-content\\\/uploads\\\/2022\\\/07\\\/YOAST-Facebook-WebshareImage.jpg\",\"contentUrl\":\"https:\\\/\\\/www.eascarpenterstech.edu\\\/wp-content\\\/uploads\\\/2022\\\/07\\\/YOAST-Facebook-WebshareImage.jpg\",\"width\":600,\"height\":315,\"caption\":\"Eastern Atlantic States Carpenters Technical Center\"},\"image\":{\"@id\":\"https:\\\/\\\/www.eascarpenterstech.edu\\\/#\\\/schema\\\/logo\\\/image\\\/\"}}]}<\/script>\n<!-- \/ Yoast SEO plugin. -->","yoast_head_json":{"title":"Cr\u00e9ditos universitarios - Centro T\u00e9cnico de Carpinteros de los Estados del Atl\u00e1ntico Oriental","robots":{"index":"index","follow":"follow","max-snippet":"max-snippet:-1","max-image-preview":"max-image-preview:large","max-video-preview":"max-video-preview:-1"},"canonical":"https:\/\/www.eascarpenterstech.edu\/es\/college-credits-info\/","og_locale":"es_ES","og_type":"article","og_title":"College Credits - Eastern Atlantic States Carpenters Technical Center","og_url":"https:\/\/www.eascarpenterstech.edu\/es\/college-credits-info\/","og_site_name":"Eastern Atlantic States Carpenters Technical Center","article_modified_time":"2026-01-09T14:47:39+00:00","og_image":[{"width":600,"height":315,"url":"https:\/\/www.eascarpenterstech.edu\/wp-content\/uploads\/2022\/07\/YOAST-Facebook-WebshareImage-2.jpg","type":"image\/jpeg"}],"twitter_card":"summary_large_image","twitter_misc":{"Est. reading time":"4 minutos"},"schema":{"@context":"https:\/\/schema.org","@graph":[{"@type":"WebPage","@id":"https:\/\/www.eascarpenterstech.edu\/college-credits-info\/","url":"https:\/\/www.eascarpenterstech.edu\/college-credits-info\/","name":"Cr\u00e9ditos universitarios - Centro T\u00e9cnico de Carpinteros de los Estados del Atl\u00e1ntico Oriental","isPartOf":{"@id":"https:\/\/www.eascarpenterstech.edu\/#website"},"datePublished":"2024-09-25T15:19:29+00:00","dateModified":"2026-01-09T14:47:39+00:00","breadcrumb":{"@id":"https:\/\/www.eascarpenterstech.edu\/college-credits-info\/#breadcrumb"},"inLanguage":"es","potentialAction":[{"@type":"ReadAction","target":["https:\/\/www.eascarpenterstech.edu\/college-credits-info\/"]}]},{"@type":"BreadcrumbList","@id":"https:\/\/www.eascarpenterstech.edu\/college-credits-info\/#breadcrumb","itemListElement":[{"@type":"ListItem","position":1,"name":"Home","item":"https:\/\/www.eascarpenterstech.edu\/"},{"@type":"ListItem","position":2,"name":"College Credits"}]},{"@type":"WebSite","@id":"https:\/\/www.eascarpenterstech.edu\/#website","url":"https:\/\/www.eascarpenterstech.edu\/","name":"Centros t\u00e9cnicos de carpinteros de los estados del Atl\u00e1ntico oriental","description":"Capacitando a los mejores carpinteros de la regi\u00f3n Nordeste","publisher":{"@id":"https:\/\/www.eascarpenterstech.edu\/#organization"},"potentialAction":[{"@type":"SearchAction","target":{"@type":"EntryPoint","urlTemplate":"https:\/\/www.eascarpenterstech.edu\/?s={search_term_string}"},"query-input":{"@type":"PropertyValueSpecification","valueRequired":true,"valueName":"search_term_string"}}],"inLanguage":"es"},{"@type":"Organization","@id":"https:\/\/www.eascarpenterstech.edu\/#organization","name":"Centro t\u00e9cnico de carpinteros de los estados del Atl\u00e1ntico oriental","url":"https:\/\/www.eascarpenterstech.edu\/","logo":{"@type":"ImageObject","inLanguage":"es","@id":"https:\/\/www.eascarpenterstech.edu\/#\/schema\/logo\/image\/","url":"https:\/\/www.eascarpenterstech.edu\/wp-content\/uploads\/2022\/07\/YOAST-Facebook-WebshareImage.jpg","contentUrl":"https:\/\/www.eascarpenterstech.edu\/wp-content\/uploads\/2022\/07\/YOAST-Facebook-WebshareImage.jpg","width":600,"height":315,"caption":"Eastern Atlantic States Carpenters Technical Center"},"image":{"@id":"https:\/\/www.eascarpenterstech.edu\/#\/schema\/logo\/image\/"}}]}},"publishpress_future_action":{"enabled":false,"date":"2026-05-03 13:47:25","action":"change-status","newStatus":"draft","terms":[],"taxonomy":"","extraData":[]},"publishpress_future_workflow_manual_trigger":{"enabledWorkflows":[]},"_links":{"self":[{"href":"https:\/\/www.eascarpenterstech.edu\/es\/wp-json\/wp\/v2\/pages\/236737","targetHints":{"allow":["GET"]}}],"collection":[{"href":"https:\/\/www.eascarpenterstech.edu\/es\/wp-json\/wp\/v2\/pages"}],"about":[{"href":"https:\/\/www.eascarpenterstech.edu\/es\/wp-json\/wp\/v2\/types\/page"}],"author":[{"embeddable":true,"href":"https:\/\/www.eascarpenterstech.edu\/es\/wp-json\/wp\/v2\/users\/39"}],"replies":[{"embeddable":true,"href":"https:\/\/www.eascarpenterstech.edu\/es\/wp-json\/wp\/v2\/comments?post=236737"}],"version-history":[{"count":49,"href":"https:\/\/www.eascarpenterstech.edu\/es\/wp-json\/wp\/v2\/pages\/236737\/revisions"}],"predecessor-version":[{"id":237790,"href":"https:\/\/www.eascarpenterstech.edu\/es\/wp-json\/wp\/v2\/pages\/236737\/revisions\/237790"}],"wp:attachment":[{"href":"https:\/\/www.eascarpenterstech.edu\/es\/wp-json\/wp\/v2\/media?parent=236737"}],"curies":[{"name":"gracias","href":"https:\/\/api.w.org\/{rel}","templated":true}]}}