{"id":235729,"date":"2023-08-18T16:17:26","date_gmt":"2023-08-18T20:17:26","guid":{"rendered":"https:\/\/www.eascarpenterstech.edu\/?page_id=235729"},"modified":"2026-02-11T11:26:52","modified_gmt":"2026-02-11T16:26:52","slug":"frequently-asked-questions","status":"publish","type":"page","link":"https:\/\/www.eascarpenterstech.edu\/es\/frequently-asked-questions\/","title":{"rendered":"Preguntas frecuentes"},"content":{"rendered":"<p>[et_pb_section fb_built=&#8221;1&#8243; _builder_version=&#8221;4.22.0&#8243; _module_preset=&#8221;default&#8221; use_background_color_gradient=&#8221;on&#8221; background_color_gradient_stops=&#8221;rgba(0,32,91,0.5) 0%|rgba(0,32,91,0.5) 100%&#8221; background_color_gradient_overlays_image=&#8221;on&#8221; background_image=&#8221;https:\/\/www.eascarpenterstech.edu\/wp-content\/uploads\/2022\/07\/IMG_8512-scaled.jpg&#8221; custom_padding=&#8221;100px||100px||true|false&#8221; locked=&#8221;off&#8221; global_colors_info=&#8221;{}&#8221;][et_pb_row _builder_version=&#8221;4.19.5&#8243; _module_preset=&#8221;default&#8221; global_colors_info=&#8221;{}&#8221;][et_pb_column type=&#8221;4_4&#8243; _builder_version=&#8221;4.19.5&#8243; _module_preset=&#8221;default&#8221; global_colors_info=&#8221;{}&#8221;][et_pb_text quote_border_color=&#8221;#d31245&#8243; _builder_version=&#8221;4.19.5&#8243; _module_preset=&#8221;default&#8221; quote_text_color=&#8221;RGBA(255,255,255,0)&#8221; header_font=&#8221;Open Sans|700|||||||&#8221; header_text_color=&#8221;#FFFFFF&#8221; header_font_size=&#8221;72px&#8221; width=&#8221;80%&#8221; width_tablet=&#8221;50%&#8221; width_phone=&#8221;100%&#8221; width_last_edited=&#8221;on|phone&#8221; header_text_align_tablet=&#8221;&#8221; header_text_align_phone=&#8221;center&#8221; header_text_align_last_edited=&#8221;on|phone&#8221; header_font_size_tablet=&#8221;72px&#8221; header_font_size_phone=&#8221;40px&#8221; header_font_size_last_edited=&#8221;on|phone&#8221; global_colors_info=&#8221;{}&#8221;]<\/p>\n<blockquote>\n<h1>FREQUENTLY ASKED QUESTIONS<\/h1>\n<\/blockquote>\n<p>[\/et_pb_text][et_pb_text _builder_version=&#8221;4.19.5&#8243; _module_preset=&#8221;default&#8221; text_text_color=&#8221;#FFFFFF&#8221; width=&#8221;50%&#8221; width_tablet=&#8221;50%&#8221; width_phone=&#8221;100%&#8221; width_last_edited=&#8221;on|phone&#8221; text_orientation_tablet=&#8221;&#8221; text_orientation_phone=&#8221;center&#8221; text_orientation_last_edited=&#8221;on|phone&#8221; global_colors_info=&#8221;{}&#8221;]<\/p>\n<p>At Eastern Atlantic States Technical College, we have compiled a list of frequently asked questions to address common inquiries about our programs and qualifications. Our FAQs provide comprehensive answers to help students make informed decisions about their education.<\/p>\n<p>[\/et_pb_text][\/et_pb_column][\/et_pb_row][\/et_pb_section][et_pb_section fb_built=&#8221;1&#8243; admin_label=&#8221;section&#8221; _builder_version=&#8221;4.22.0&#8243; global_colors_info=&#8221;{}&#8221;][et_pb_row _builder_version=&#8221;4.16&#8243; _module_preset=&#8221;default&#8221; custom_padding=&#8221;||0px||false|false&#8221; locked=&#8221;off&#8221; global_colors_info=&#8221;{}&#8221;][et_pb_column type=&#8221;4_4&#8243; saved_specialty_column_type=&#8221;2_3&#8243; _builder_version=&#8221;4.16&#8243; _module_preset=&#8221;default&#8221; global_colors_info=&#8221;{}&#8221;][et_pb_accordion icon_color=&#8221;#d31245&#8243; _builder_version=&#8221;4.27.5&#8243; _module_preset=&#8221;default&#8221; toggle_font=&#8221;Open Sans||||||||&#8221; toggle_font_size=&#8221;18px&#8221; closed_toggle_font_size=&#8221;18px&#8221; global_colors_info=&#8221;{}&#8221;][et_pb_accordion_item title=&#8221;How can I apply for a SWAC card?&#8221; open=&#8221;on&#8221; _builder_version=&#8221;4.23&#8243; _module_preset=&#8221;default&#8221; global_colors_info=&#8221;{}&#8221; toggle_font_size=&#8221;18px&#8221;]<\/p>\n<p>To apply for a SWAC card you must complete the enrollment process online, for more information<a href=\"http:\/\/secureworker.com\/membership.asp\" target=\"_blank\" rel=\"noopener\"> click here<\/a>. The individual member application is $504 for a 3-Year term, the Training Center does not reimburse for the SWAC card. If you have any questions regarding the application process, please contact their Customer Service center <a href=\"http:\/\/secureworker.com\/contact.asp\" target=\"_blank\" rel=\"noopener\">here<\/a>.<\/p>\n<p>[\/et_pb_accordion_item][et_pb_accordion_item title=&#8221;How can I get a copy of my OSHA 30 card?&#8221; _builder_version=&#8221;4.19.5&#8243; _module_preset=&#8221;default&#8221; global_colors_info=&#8221;{}&#8221; toggle_font_size=&#8221;18px&#8221; open=&#8221;off&#8221;]To get a copy of your OSHA card, please contact your Home training center. If they have a copy of your card on file, they can email it to you. If your training center does not have a copy of the card, they can email you an OSHA card replacement form. You can use this form to request a new card.<\/p>\n<p>Please note, OSHA cards will not be issued if the training took place more than five (5) years ago. If your training took place more than 5 years ago, you must retake the OSHA 30 course again. In addition, OSHA cards can only be replace ONCE.[\/et_pb_accordion_item][et_pb_accordion_item title=&#8221;How can I renew my OSHA 30 card?&#8221; _builder_version=&#8221;4.27.2&#8243; _module_preset=&#8221;default&#8221; global_colors_info=&#8221;{}&#8221; toggle_font_size=&#8221;18px&#8221; open=&#8221;off&#8221;]<\/p>\n<p>Although the OSHA 30 card does not expire, many employers require you to renew every 5 years. To renew your OSHA 30 card, you must retake the OSHA 30 course again. Go to the &#8220;Classes&#8221;\u00a0 under the Student Resources tab on the homepage to view classes being offered in our training centers.<\/p>\n<p>[\/et_pb_accordion_item][et_pb_accordion_item title=&#8221;How can I get the Site Safety Training Card (SST card) that's required in NYC?&#8221; _builder_version=&#8221;4.27.5&#8243; _module_preset=&#8221;default&#8221; global_colors_info=&#8221;{}&#8221; toggle_font_size=&#8221;18px&#8221; open=&#8221;off&#8221;]<\/p>\n<p><strong>What is an SST Card?<\/strong><\/p>\n<p>SST card stands for Site Safety Training Card. These cards provide proof that workers and supervisors have completed specific training required by the NYC Department of Buildings (DOB). NYC Local Law 196 increased the amount of training required by construction workers, specifically those who work on job sites that require a superintendent.<\/p>\n<p>&nbsp;<\/p>\n<p><strong>Obtaining an SST Card<\/strong>\u00a0\u2013 If you work in New York City and would like to obtain an SST card, you must complete the required training with a\u00a0<strong><a href=\"https:\/\/www.nyc.gov\/site\/buildings\/safety\/dob-approved-course-provider-list.page\">NYC DOB approved provider.<\/a><\/strong> SST cards are obtained by completing a specified amount of training. Each card has its own set of training courses that must be completed before the card can be issued.<\/p>\n<p>&nbsp;<\/p>\n<p><strong>NYC WORKER SST Card &#8211; 40 Hours of required training, which includes:<\/strong><\/p>\n<ul>\n<li>OSHA 30 Construction <em>(<u>MUST<\/u> be in-person, online with voice authentication or Virtual in-person)<\/em><\/li>\n<li>8 Hour Fall Prevention<\/li>\n<li>2 Hour Drug and Alcohol Awareness<\/li>\n<\/ul>\n<p><strong>*Get the required 40-Hour Worker courses and SST card here \u25ba <a href=\"https:\/\/www.ablesafety.com\/course\/40-hour-sst-full-worker-package\">40-Hour SST Worker Package<\/a><\/strong><\/p>\n<p>If you have OSHA and only need the 10-Hour courses, click here \u25ba<a href=\"https:\/\/www.ablesafety.com\/course\/10-hour-sst-worker-package-online\">10-Hour Worker Package<\/a><\/p>\n<p><strong>\u00a0<\/strong><\/p>\n<p><strong>NYC SUPERVISOR SST Card<\/strong> &#8211; <strong>62 Hours\u00a0of required training), which includes<\/strong>:<\/p>\n<ul>\n<li>OSHA 30 Construction <em>(MUST be in-person, online with voice authentication or Virtual in-person)<\/em><\/li>\n<li>8 Hour Chapter 33<\/li>\n<li>4 Hour Supported Scaffold User<\/li>\n<li>2 Hour Drug and Alcohol Awareness<\/li>\n<li>2 Hour Site Safety Plans<\/li>\n<li>2 Hour Pre-Task Meetings<\/li>\n<li>2 Hour Toolbox Talks<\/li>\n<li>2 Hours of Specialized Electives<\/li>\n<li>2 Hours General Electives<\/li>\n<\/ul>\n<p><strong>*Get the required 62-hour Supervisor courses and SST card here <\/strong><strong>\u25ba<\/strong><strong> <a href=\"https:\/\/www.ablesafety.com\/course\/62-hour-supervisor-full-package-online\">62 Hour Supervisor SST Package<\/a><\/strong><\/p>\n<p>If you have OSHA and only need the 32-Hour courses, click here \u25ba<a href=\"https:\/\/www.ablesafety.com\/course\/32-supervisor-sst-package\">32-Hour Worker Package<\/a><\/p>\n<p><strong>\u00a0<\/strong><\/p>\n<p><strong>IMPORTANT<\/strong>: <strong>Once you complete the courses, your provider will issue you the SST card. <\/strong>Our training centers do not offer Site Safety Training classes; these are specific to NYC and must be taken by an NYC DOB authorized provider. In addition, our training center <strong><u>does not reimburse<\/u><\/strong> for any SST courses. Our training centers do however offer the OSHA 30 training in person, please visit \u00a0<strong><a href=\"https:\/\/www.eascarpenterstech.edu\/\">https:\/\/www.eascarpenterstech.edu\/<\/a><\/strong> to check class availability and to register. If you do not see any OSHA 30 classes posted, please check the website monthly and the beginning of the month for the next available session.<\/p>\n<p>[\/et_pb_accordion_item][et_pb_accordion_item title=&#8221;How can I get a Supported Scaffold User Card?&#8221; _builder_version=&#8221;4.19.5&#8243; _module_preset=&#8221;default&#8221; global_colors_info=&#8221;{}&#8221; toggle_font_size=&#8221;18px&#8221; open=&#8221;off&#8221;]<\/p>\n<p>If working in New York City, Local Law 52 requires that all workers using supported scaffold on construction sites in New York City must have a Supported Scaffold User Card. This card must be renewed every 4 years.<\/p>\n<p>If you are interested in obtaining the Supported Scaffold User Card, you must complete the<span>\u00a0<\/span><a href=\"https:\/\/www.ablesafety.com\/course\/4-hour-supported-scaffold-user-and-refresher\" rel=\"noopener noreferrer\" onclick=\"javascript:window.open('https:\/\/www.ablesafety.com\/course\/4-hour-supported-scaffold-user-and-refresher', '_blank', 'noopener'); return false;\" target=\"_blank\">4-Hour Supported Scaffold User<\/a><span>\u00a0<\/span>course<span>\u00a0<\/span><strong>in-person.<span>\u00a0<\/span><\/strong>Once you successfully complete the course, you will be issued the Scaffold User card. Check<span>\u00a0<\/span><a href=\"https:\/\/www.ablesafety.com\/register\/4-hour-supported-scaffold-user-and-refresher\/show-schedule\" rel=\"noopener noreferrer\" onclick=\"javascript:window.open('https:\/\/www.ablesafety.com\/register\/4-hour-supported-scaffold-user-and-refresher\/show-schedule', '_blank', 'noopener'); return false;\" target=\"_blank\">schedule here<\/a>. Please note, this course is not offered at our Training Center and we do not reimburse for this training.<\/p>\n<p><strong>*IMPORTANT<\/strong>: When registering, please make sure to register for the In-Person class NOT the online version.<\/p>\n<p>[\/et_pb_accordion_item][et_pb_accordion_item title=&#8221;How can I renew my INSTALL Carpet and\/or Resilient Certifications?&#8221; _builder_version=&#8221;4.19.5&#8243; _module_preset=&#8221;default&#8221; global_colors_info=&#8221;{}&#8221; toggle_font_size=&#8221;18px&#8221; open=&#8221;off&#8221;]<\/p>\n<p>To renew your INSTALL certification\/s, you will need to complete 8 hours of craft related training. See below for a list of CITF classes that meet the 8 hours requirement:<\/p>\n<ul>\n<li>CPR<\/li>\n<li>Construction Fall Protection<\/li>\n<li>Ergonomics<\/li>\n<li>Firestop Installation<\/li>\n<li>First Aid<\/li>\n<li>Green Building Awareness<\/li>\n<li>Human Performance<\/li>\n<li>ICRA: Best Practices in Health-Care<\/li>\n<li>OSHA 10<\/li>\n<li>OSHA 30<\/li>\n<li>Powered Industrial Truck Operator-Industrial<\/li>\n<li>Powered Industrial Truck Operator-Rough Terrain<\/li>\n<li>Scaffold Erector Qualification<\/li>\n<\/ul>\n<p>Please note: Members MUST successfully complete 8 hours of craft related training PRIOR to their Certifications\u2019 expiration date or within the 1-year grace period. If you have both the INSTALL Carpet and INSTALL Resilient certifications, 8 hours our training will refresh both certifications. Certifications will update once the INSTALL certification reaches the expiration date.<\/p>\n<p>[\/et_pb_accordion_item][et_pb_accordion_item title=&#8221;Where can I get more information on my benefits?&#8221; _builder_version=&#8221;4.19.5&#8243; _module_preset=&#8221;default&#8221; global_colors_info=&#8221;{}&#8221; toggle_font_size=&#8221;18px&#8221; open=&#8221;off&#8221;]<\/p>\n<p>For more information about your Health Benefits, Pension, etc. Please visit the <a href=\"https:\/\/members.carpenters.fund\/\" target=\"_blank\" rel=\"noopener\">Eastern Atlantic States Carpenters Benefit Funds<\/a> website.<\/p>\n<p>[\/et_pb_accordion_item][\/et_pb_accordion][\/et_pb_column][\/et_pb_row][\/et_pb_section]<\/p>\n","protected":false},"excerpt":{"rendered":"<p>FREQUENTLY ASKED QUESTIONS At Eastern Atlantic States Technical College, we have compiled a list of frequently asked questions to address common inquiries about our programs and qualifications. Our FAQs provide comprehensive answers to help students make informed decisions about their education.To apply for a SWAC card you must complete the enrollment process online, for more information click here. The individual member application is $504 for a 3-Year term, the Training Center does not reimburse for the SWAC card. If you have any questions regarding the application process, please contact their Customer Service center here.To get a copy of your OSHA card, please contact your Home training center. If they have a copy of your card on file, they can email it to you. If your training center does not have a copy of the card, they can email you an OSHA card replacement form. You can use this form to request a new card. Please note, OSHA cards will not be issued if the training took place more than five (5) years ago. If your training took place more than 5 years ago, you must retake the OSHA 30 course again. In addition, OSHA cards can only be replace ONCE.Although [&hellip;]<\/p>\n","protected":false},"author":35,"featured_media":0,"parent":0,"menu_order":0,"comment_status":"closed","ping_status":"closed","template":"","meta":{"_acf_changed":false,"_et_pb_use_builder":"on","_et_pb_old_content":"","_et_gb_content_width":"","footnotes":""},"class_list":["post-235729","page","type-page","status-publish","hentry"],"acf":[],"yoast_head":"<!-- This site is optimized with the Yoast SEO plugin v27.3 - https:\/\/yoast.com\/product\/yoast-seo-wordpress\/ -->\n<title>Frequently Asked Questions - Eastern Atlantic States Carpenters Technical Center<\/title>\n<meta name=\"robots\" content=\"index, follow, max-snippet:-1, max-image-preview:large, max-video-preview:-1\" \/>\n<link rel=\"canonical\" href=\"https:\/\/www.eascarpenterstech.edu\/es\/frequently-asked-questions\/\" \/>\n<meta property=\"og:locale\" content=\"es_ES\" \/>\n<meta property=\"og:type\" content=\"article\" \/>\n<meta property=\"og:title\" content=\"Frequently Asked Questions - Eastern Atlantic States Carpenters Technical Center\" \/>\n<meta property=\"og:url\" content=\"https:\/\/www.eascarpenterstech.edu\/es\/frequently-asked-questions\/\" \/>\n<meta property=\"og:site_name\" content=\"Eastern Atlantic States Carpenters Technical Center\" \/>\n<meta property=\"article:modified_time\" content=\"2026-02-11T16:26:52+00:00\" \/>\n<meta property=\"og:image\" content=\"https:\/\/www.eascarpenterstech.edu\/wp-content\/uploads\/2022\/07\/YOAST-Facebook-WebshareImage-2.jpg\" \/>\n\t<meta property=\"og:image:width\" content=\"600\" \/>\n\t<meta property=\"og:image:height\" content=\"315\" \/>\n\t<meta property=\"og:image:type\" content=\"image\/jpeg\" \/>\n<meta name=\"twitter:card\" content=\"summary_large_image\" \/>\n<meta name=\"twitter:label1\" content=\"Est. reading time\" \/>\n\t<meta name=\"twitter:data1\" content=\"5 minutos\" \/>\n<script type=\"application\/ld+json\" class=\"yoast-schema-graph\">{\"@context\":\"https:\\\/\\\/schema.org\",\"@graph\":[{\"@type\":\"WebPage\",\"@id\":\"https:\\\/\\\/www.eascarpenterstech.edu\\\/frequently-asked-questions\\\/\",\"url\":\"https:\\\/\\\/www.eascarpenterstech.edu\\\/frequently-asked-questions\\\/\",\"name\":\"Frequently Asked Questions - Eastern Atlantic States Carpenters Technical Center\",\"isPartOf\":{\"@id\":\"https:\\\/\\\/www.eascarpenterstech.edu\\\/#website\"},\"datePublished\":\"2023-08-18T20:17:26+00:00\",\"dateModified\":\"2026-02-11T16:26:52+00:00\",\"breadcrumb\":{\"@id\":\"https:\\\/\\\/www.eascarpenterstech.edu\\\/frequently-asked-questions\\\/#breadcrumb\"},\"inLanguage\":\"es\",\"potentialAction\":[{\"@type\":\"ReadAction\",\"target\":[\"https:\\\/\\\/www.eascarpenterstech.edu\\\/frequently-asked-questions\\\/\"]}]},{\"@type\":\"BreadcrumbList\",\"@id\":\"https:\\\/\\\/www.eascarpenterstech.edu\\\/frequently-asked-questions\\\/#breadcrumb\",\"itemListElement\":[{\"@type\":\"ListItem\",\"position\":1,\"name\":\"Home\",\"item\":\"https:\\\/\\\/www.eascarpenterstech.edu\\\/\"},{\"@type\":\"ListItem\",\"position\":2,\"name\":\"Frequently Asked Questions\"}]},{\"@type\":\"WebSite\",\"@id\":\"https:\\\/\\\/www.eascarpenterstech.edu\\\/#website\",\"url\":\"https:\\\/\\\/www.eascarpenterstech.edu\\\/\",\"name\":\"Eastern Atlantic States Carpenters Technical Centers\",\"description\":\"Training The Best Carpenters in the Northeast Region\",\"publisher\":{\"@id\":\"https:\\\/\\\/www.eascarpenterstech.edu\\\/#organization\"},\"potentialAction\":[{\"@type\":\"SearchAction\",\"target\":{\"@type\":\"EntryPoint\",\"urlTemplate\":\"https:\\\/\\\/www.eascarpenterstech.edu\\\/?s={search_term_string}\"},\"query-input\":{\"@type\":\"PropertyValueSpecification\",\"valueRequired\":true,\"valueName\":\"search_term_string\"}}],\"inLanguage\":\"es\"},{\"@type\":\"Organization\",\"@id\":\"https:\\\/\\\/www.eascarpenterstech.edu\\\/#organization\",\"name\":\"Eastern Atlantic States Carpenters Technical Center\",\"url\":\"https:\\\/\\\/www.eascarpenterstech.edu\\\/\",\"logo\":{\"@type\":\"ImageObject\",\"inLanguage\":\"es\",\"@id\":\"https:\\\/\\\/www.eascarpenterstech.edu\\\/#\\\/schema\\\/logo\\\/image\\\/\",\"url\":\"https:\\\/\\\/www.eascarpenterstech.edu\\\/wp-content\\\/uploads\\\/2022\\\/07\\\/YOAST-Facebook-WebshareImage.jpg\",\"contentUrl\":\"https:\\\/\\\/www.eascarpenterstech.edu\\\/wp-content\\\/uploads\\\/2022\\\/07\\\/YOAST-Facebook-WebshareImage.jpg\",\"width\":600,\"height\":315,\"caption\":\"Eastern Atlantic States Carpenters Technical Center\"},\"image\":{\"@id\":\"https:\\\/\\\/www.eascarpenterstech.edu\\\/#\\\/schema\\\/logo\\\/image\\\/\"}}]}<\/script>\n<!-- \/ Yoast SEO plugin. -->","yoast_head_json":{"title":"Preguntas frecuentes - Centro T\u00e9cnico de Carpinteros de los Estados del Atl\u00e1ntico Oriental","robots":{"index":"index","follow":"follow","max-snippet":"max-snippet:-1","max-image-preview":"max-image-preview:large","max-video-preview":"max-video-preview:-1"},"canonical":"https:\/\/www.eascarpenterstech.edu\/es\/frequently-asked-questions\/","og_locale":"es_ES","og_type":"article","og_title":"Frequently Asked Questions - Eastern Atlantic States Carpenters Technical Center","og_url":"https:\/\/www.eascarpenterstech.edu\/es\/frequently-asked-questions\/","og_site_name":"Eastern Atlantic States Carpenters Technical Center","article_modified_time":"2026-02-11T16:26:52+00:00","og_image":[{"width":600,"height":315,"url":"https:\/\/www.eascarpenterstech.edu\/wp-content\/uploads\/2022\/07\/YOAST-Facebook-WebshareImage-2.jpg","type":"image\/jpeg"}],"twitter_card":"summary_large_image","twitter_misc":{"Est. reading time":"5 minutos"},"schema":{"@context":"https:\/\/schema.org","@graph":[{"@type":"WebPage","@id":"https:\/\/www.eascarpenterstech.edu\/frequently-asked-questions\/","url":"https:\/\/www.eascarpenterstech.edu\/frequently-asked-questions\/","name":"Preguntas frecuentes - Centro T\u00e9cnico de Carpinteros de los Estados del Atl\u00e1ntico Oriental","isPartOf":{"@id":"https:\/\/www.eascarpenterstech.edu\/#website"},"datePublished":"2023-08-18T20:17:26+00:00","dateModified":"2026-02-11T16:26:52+00:00","breadcrumb":{"@id":"https:\/\/www.eascarpenterstech.edu\/frequently-asked-questions\/#breadcrumb"},"inLanguage":"es","potentialAction":[{"@type":"ReadAction","target":["https:\/\/www.eascarpenterstech.edu\/frequently-asked-questions\/"]}]},{"@type":"BreadcrumbList","@id":"https:\/\/www.eascarpenterstech.edu\/frequently-asked-questions\/#breadcrumb","itemListElement":[{"@type":"ListItem","position":1,"name":"Home","item":"https:\/\/www.eascarpenterstech.edu\/"},{"@type":"ListItem","position":2,"name":"Frequently Asked Questions"}]},{"@type":"WebSite","@id":"https:\/\/www.eascarpenterstech.edu\/#website","url":"https:\/\/www.eascarpenterstech.edu\/","name":"Centros t\u00e9cnicos de carpinteros de los estados del Atl\u00e1ntico oriental","description":"Capacitando a los mejores carpinteros de la regi\u00f3n Nordeste","publisher":{"@id":"https:\/\/www.eascarpenterstech.edu\/#organization"},"potentialAction":[{"@type":"SearchAction","target":{"@type":"EntryPoint","urlTemplate":"https:\/\/www.eascarpenterstech.edu\/?s={search_term_string}"},"query-input":{"@type":"PropertyValueSpecification","valueRequired":true,"valueName":"search_term_string"}}],"inLanguage":"es"},{"@type":"Organization","@id":"https:\/\/www.eascarpenterstech.edu\/#organization","name":"Centro t\u00e9cnico de carpinteros de los estados del Atl\u00e1ntico oriental","url":"https:\/\/www.eascarpenterstech.edu\/","logo":{"@type":"ImageObject","inLanguage":"es","@id":"https:\/\/www.eascarpenterstech.edu\/#\/schema\/logo\/image\/","url":"https:\/\/www.eascarpenterstech.edu\/wp-content\/uploads\/2022\/07\/YOAST-Facebook-WebshareImage.jpg","contentUrl":"https:\/\/www.eascarpenterstech.edu\/wp-content\/uploads\/2022\/07\/YOAST-Facebook-WebshareImage.jpg","width":600,"height":315,"caption":"Eastern Atlantic States Carpenters Technical Center"},"image":{"@id":"https:\/\/www.eascarpenterstech.edu\/#\/schema\/logo\/image\/"}}]}},"publishpress_future_action":{"enabled":false,"date":"2026-04-21 21:24:26","action":"change-status","newStatus":"draft","terms":[],"taxonomy":"","extraData":[]},"publishpress_future_workflow_manual_trigger":{"enabledWorkflows":[]},"_links":{"self":[{"href":"https:\/\/www.eascarpenterstech.edu\/es\/wp-json\/wp\/v2\/pages\/235729","targetHints":{"allow":["GET"]}}],"collection":[{"href":"https:\/\/www.eascarpenterstech.edu\/es\/wp-json\/wp\/v2\/pages"}],"about":[{"href":"https:\/\/www.eascarpenterstech.edu\/es\/wp-json\/wp\/v2\/types\/page"}],"author":[{"embeddable":true,"href":"https:\/\/www.eascarpenterstech.edu\/es\/wp-json\/wp\/v2\/users\/35"}],"replies":[{"embeddable":true,"href":"https:\/\/www.eascarpenterstech.edu\/es\/wp-json\/wp\/v2\/comments?post=235729"}],"version-history":[{"count":16,"href":"https:\/\/www.eascarpenterstech.edu\/es\/wp-json\/wp\/v2\/pages\/235729\/revisions"}],"predecessor-version":[{"id":237840,"href":"https:\/\/www.eascarpenterstech.edu\/es\/wp-json\/wp\/v2\/pages\/235729\/revisions\/237840"}],"wp:attachment":[{"href":"https:\/\/www.eascarpenterstech.edu\/es\/wp-json\/wp\/v2\/media?parent=235729"}],"curies":[{"name":"gracias","href":"https:\/\/api.w.org\/{rel}","templated":true}]}}