{"id":235649,"date":"2023-08-16T15:54:40","date_gmt":"2023-08-16T15:54:40","guid":{"rendered":"https:\/\/www.eascarpenterstech.edu\/edison\/?page_id=235649"},"modified":"2026-03-03T07:46:08","modified_gmt":"2026-03-03T12:46:08","slug":"staff-directory","status":"publish","type":"page","link":"https:\/\/www.eascarpenterstech.edu\/edison\/es\/staff-directory\/","title":{"rendered":"Directorio de Personal"},"content":{"rendered":"<p>[et_pb_section fb_built=&#8221;1&#8243; _builder_version=&#8221;4.22.0&#8243; _module_preset=&#8221;default&#8221; use_background_color_gradient=&#8221;on&#8221; background_color_gradient_stops=&#8221;rgba(0,32,91,0.5) 0%|rgba(0,32,91,0.5) 100%&#8221; background_color_gradient_overlays_image=&#8221;on&#8221; background_image=&#8221;https:\/\/www.eascarpenterstech.edu\/philadelphia\/wp-content\/uploads\/sites\/4\/2023\/08\/iStock-1327008120.jpg&#8221; background_position=&#8221;bottom_center&#8221; background_vertical_offset=&#8221;26%&#8221; custom_padding=&#8221;100px||100px||true|false&#8221; locked=&#8221;off&#8221; global_colors_info=&#8221;{}&#8221;][et_pb_row _builder_version=&#8221;4.19.5&#8243; _module_preset=&#8221;default&#8221; global_colors_info=&#8221;{}&#8221;][et_pb_column type=&#8221;4_4&#8243; _builder_version=&#8221;4.19.5&#8243; _module_preset=&#8221;default&#8221; global_colors_info=&#8221;{}&#8221;][et_pb_text quote_border_color=&#8221;#d31245&#8243; _builder_version=&#8221;4.22.0&#8243; _module_preset=&#8221;default&#8221; quote_text_color=&#8221;RGBA(255,255,255,0)&#8221; header_font=&#8221;Open Sans|700||on|||||&#8221; header_text_align=&#8221;left&#8221; header_text_color=&#8221;#FFFFFF&#8221; header_font_size=&#8221;72px&#8221; width=&#8221;80%&#8221; width_tablet=&#8221;50%&#8221; width_phone=&#8221;100%&#8221; width_last_edited=&#8221;on|phone&#8221; header_text_align_tablet=&#8221;&#8221; header_text_align_phone=&#8221;center&#8221; header_text_align_last_edited=&#8221;on|phone&#8221; header_font_size_tablet=&#8221;72px&#8221; header_font_size_phone=&#8221;55px&#8221; header_font_size_last_edited=&#8221;on|phone&#8221; global_colors_info=&#8221;{}&#8221;]<\/p>\n<blockquote>\n<h1>Staff Directory<\/h1>\n<\/blockquote>\n<p>[\/et_pb_text][et_pb_text _builder_version=&#8221;4.23&#8243; _module_preset=&#8221;default&#8221; text_text_color=&#8221;#FFFFFF&#8221; width=&#8221;50%&#8221; width_tablet=&#8221;50%&#8221; width_phone=&#8221;100%&#8221; width_last_edited=&#8221;on|phone&#8221; text_orientation_tablet=&#8221;&#8221; text_orientation_phone=&#8221;center&#8221; text_orientation_last_edited=&#8221;on|phone&#8221; global_colors_info=&#8221;{}&#8221;]<\/p>\n<p>The administrative staff at Eastern Atlantic States Carpenters Technical Center ensures the efficient operation of the institution by managing various tasks, ranging from student services and scheduling to financial operations and training center resources.<\/p>\n<p>[\/et_pb_text][et_pb_button button_url=&#8221;#directory&#8221; button_text=&#8221;view directory&#8221; button_alignment=&#8221;left&#8221; button_alignment_tablet=&#8221;left&#8221; button_alignment_phone=&#8221;center&#8221; button_alignment_last_edited=&#8221;on|phone&#8221; _builder_version=&#8221;4.22.0&#8243; _module_preset=&#8221;default&#8221; custom_button=&#8221;on&#8221; button_text_size=&#8221;16px&#8221; button_font=&#8221;|600||on|||||&#8221; custom_padding=&#8221;8px|20px|8px|20px|true|true&#8221; locked=&#8221;off&#8221; global_colors_info=&#8221;{}&#8221;][\/et_pb_button][\/et_pb_column][\/et_pb_row][\/et_pb_section][et_pb_section fb_built=&#8221;1&#8243; admin_label=&#8221;Services&#8221; module_id=&#8221;plan&#8221; _builder_version=&#8221;4.19.5&#8243; custom_padding=&#8221;||||false|false&#8221; locked=&#8221;off&#8221; global_colors_info=&#8221;{}&#8221;][et_pb_row module_id=&#8221;directory&#8221; _builder_version=&#8221;4.22.0&#8243; _module_preset=&#8221;default&#8221; custom_padding=&#8221;0px||0px||true|false&#8221; hover_enabled=&#8221;0&#8243; global_colors_info=&#8221;{}&#8221; sticky_enabled=&#8221;0&#8243;][et_pb_column type=&#8221;4_4&#8243; _builder_version=&#8221;4.19.5&#8243; _module_preset=&#8221;default&#8221; global_colors_info=&#8221;{}&#8221;][et_pb_code _builder_version=&#8221;4.22.0&#8243; _module_preset=&#8221;default&#8221; hover_enabled=&#8221;0&#8243; global_colors_info=&#8221;{}&#8221; sticky_enabled=&#8221;0&#8243; custom_padding=&#8221;||3px|||&#8221;]<div class=\"wptb-container-legacy\" data-table-id=\"235763\">\n    <table class=\"wptb-preview-table wptb-element-main-table_setting-235763\" style=\"border-spacing: 3px 3px; border-collapse: collapse !important; min-width: 100%; \" data-border-spacing-columns=\"3\" data-border-spacing-rows=\"3\" data-reconstraction=\"1\" data-wptb-table-directives=\"eyJpbm5lckJvcmRlcnMiOnsiYWN0aXZlIjoiYWxsIiwiYm9yZGVyV2lkdGgiOjAsImJvcmRlclJhZGl1c2VzIjp7ImFsbCI6MCwicm93IjowLCJjb2x1bW4iOjB9fX0=\" data-wptb-responsive-directives=\"eyJyZXNwb25zaXZlRW5hYmxlZCI6dHJ1ZSwicmVzcG9uc2l2ZU1vZGUiOiJhdXRvIiwicmVsYXRpdmVXaWR0aCI6IndpbmRvdyIsInByZXNlcnZlUm93Q29sb3IiOmZhbHNlLCJoZWFkZXJGdWxseU1lcmdlZCI6ZmFsc2UsImJyZWFrcG9pbnRzIjp7ImRlc2t0b3AiOnsibmFtZSI6ImRlc2t0b3AiLCJ3aWR0aCI6MTAyNH0sInRhYmxldCI6eyJuYW1lIjoidGFibGV0Iiwid2lkdGgiOjcwMH0sIm1vYmlsZSI6eyJuYW1lIjoibW9iaWxlIiwid2lkdGgiOjM3NX19LCJtb2RlT3B0aW9ucyI6eyJhdXRvIjp7ImRpc2FibGVkIjp7ImRlc2t0b3AiOmZhbHNlLCJ0YWJsZXQiOmZhbHNlLCJtb2JpbGUiOmZhbHNlfSwidG9wUm93QXNIZWFkZXIiOnsiZGVza3RvcCI6ZmFsc2UsInRhYmxldCI6dHJ1ZSwibW9iaWxlIjp0cnVlfSwicmVwZWF0TWVyZ2VkSGVhZGVyIjp7ImRlc2t0b3AiOnRydWUsInRhYmxldCI6dHJ1ZSwibW9iaWxlIjp0cnVlfSwic3RhdGljVG9wUm93Ijp7ImRlc2t0b3AiOmZhbHNlLCJ0YWJsZXQiOmZhbHNlLCJtb2JpbGUiOmZhbHNlfSwiY2VsbFN0YWNrRGlyZWN0aW9uIjp7ImRlc2t0b3AiOiJyb3ciLCJ0YWJsZXQiOiJyb3ciLCJtb2JpbGUiOiJyb3cifSwiY2VsbHNQZXJSb3ciOnsiZGVza3RvcCI6MSwidGFibGV0IjoyLCJtb2JpbGUiOjF9fX19\" data-wptb-cells-width-auto-count=\"5\" data-wptb-sortable-table-vertical=\"1\" data-wptb-horizontal-scroll-status=\"1\" data-wptb-extra-styles=\"LyogRW50ZXIgeW91ciBjdXN0b20gQ1NTIHJ1bGVzIGhlcmUgKi8=\" data-wptb-pro-pagination-top-row-header=\"true\" data-wptb-rows-per-page=\"3\" data-wptb-pro-search-top-row-header=\"true\" data-wptb-searchbar-position=\"left\" role=\"table\" data-table-columns=\"5\" data-wptb-table-alignment=\"center\" data-wptb-td-width-auto=\"120\" data-wptb-table-tds-sum-max-width=\"680\" data-wptb-header-background-color=\"#D31245FF\" data-wptb-even-row-background-color=\"#FAFAFAFF\" data-wptb-odd-row-background-color=\"#FEFEFEFF\" ><tbody data-global-font-color=\"#000000\" data-global-link-color=\"#000000\" data-global-font-size=\"15\" ><tr  class=\"wptb-row \" style=\"background-color: #d31245; \"><td class=\"wptb-cell \" colspan=\"1\" rowspan=\"1\" style=\"padding: 8px; background-color: rgba(0, 0, 0, 0); border-radius: 0px; \" data-y-index=\"0\" data-x-index=\"0\" data-wptb-css-td-auto-width=\"true\" data-wptb-css-td-auto-height=\"true\" data-wptb-cell-vertical-alignment=\"center\" ><div class=\"wptb-text-container wptb-ph-element wptb-element-text-597\" style=\"color: #ffffff; font-size: 15px; \"><div style=\"position: relative;\"><p><strong>Name<\/strong><\/p><\/div><\/div><\/td><td class=\"wptb-cell \" colspan=\"1\" rowspan=\"1\" style=\"padding: 8px; background-color: rgba(0, 0, 0, 0); border-radius: 0px; \" data-y-index=\"0\" data-x-index=\"1\" data-wptb-css-td-auto-width=\"true\" data-wptb-css-td-auto-height=\"true\" data-wptb-cell-vertical-alignment=\"center\" ><div class=\"wptb-text-container wptb-ph-element wptb-element-text-598\" style=\"color: #ffffff; font-size: 15px; \"><div style=\"position: relative;\"><p><strong>Position<\/strong><\/p><\/div><\/div><\/td><td class=\"wptb-cell \" colspan=\"1\" rowspan=\"1\" style=\"padding: 8px; background-color: rgba(0, 0, 0, 0); border-radius: 0px; \" data-y-index=\"0\" data-x-index=\"2\" data-wptb-css-td-auto-width=\"true\" data-wptb-css-td-auto-height=\"true\" data-wptb-cell-vertical-alignment=\"center\" ><div class=\"wptb-text-container wptb-ph-element wptb-element-text-599\" style=\"color: #ffffff; font-size: 15px; padding: 0px; margin: 0px; \"><div style=\"position: relative;\"><p><strong>Phone<\/strong><\/p><\/div><\/div><\/td><td class=\"wptb-cell \" colspan=\"1\" rowspan=\"1\" style=\"padding: 8px; background-color: rgba(0, 0, 0, 0); border-radius: 0px; \" data-y-index=\"0\" data-x-index=\"3\" data-wptb-css-td-auto-width=\"true\" data-wptb-css-td-auto-height=\"true\" data-wptb-cell-vertical-alignment=\"center\" ><div class=\"wptb-text-container wptb-ph-element wptb-element-text-600\" style=\"color: #ffffff; font-size: 15px; padding: 0px; margin: 0px; \"><div style=\"position: relative;\"><p><strong>Email<\/strong><\/p><\/div><\/div><\/td><td class=\"wptb-cell \" colspan=\"1\" rowspan=\"1\" style=\"padding: 8px; background-color: rgba(0, 0, 0, 0); border-radius: 0px; \" data-y-index=\"0\" data-x-index=\"4\" data-wptb-css-td-auto-width=\"true\" data-wptb-css-td-auto-height=\"true\" data-wptb-cell-vertical-alignment=\"center\" ><div class=\"wptb-text-container wptb-ph-element wptb-element-text-601\" style=\"color: #ffffff; font-size: 15px; padding: 0px; margin: 0px; \"><div style=\"position: relative;\"><p><strong>Areas<\/strong><\/p><\/div><\/div><\/td><\/tr><tr  class=\"wptb-row \" style=\"background-color: #fafafa; \"><td class=\"wptb-cell \" colspan=\"1\" rowspan=\"1\" style=\"padding: 8px; background-color: rgba(0, 0, 0, 0); border-radius: 0px; \" data-y-index=\"1\" data-x-index=\"0\" data-wptb-css-td-auto-width=\"true\" data-wptb-css-td-auto-height=\"true\" data-wptb-cell-vertical-alignment=\"center\" ><div class=\"wptb-text-container wptb-ph-element wptb-element-text-602\" style=\"color: #000000; font-size: 15px; padding: 0px; margin: 0px; \"><div style=\"position: relative;\"><p>Gianna Luna<\/p><\/div><\/div><\/td><td class=\"wptb-cell \" colspan=\"1\" rowspan=\"1\" style=\"padding: 8px; background-color: rgba(0, 0, 0, 0); border-radius: 0px; \" data-y-index=\"1\" data-x-index=\"1\" data-wptb-css-td-auto-width=\"true\" data-wptb-css-td-auto-height=\"true\" data-wptb-cell-vertical-alignment=\"center\" ><div class=\"wptb-text-container wptb-ph-element wptb-element-text-603\" style=\"color: #000000; font-size: 15px; padding: 0px; margin: 0px; \"><div style=\"position: relative;\"><p>Administrative Assistant<\/p><\/div><\/div><\/td><td class=\"wptb-cell \" colspan=\"1\" rowspan=\"1\" style=\"padding: 8px; background-color: rgba(0, 0, 0, 0); border-radius: 0px; \" data-y-index=\"1\" data-x-index=\"2\" data-wptb-css-td-auto-width=\"true\" data-wptb-css-td-auto-height=\"true\" data-wptb-cell-vertical-alignment=\"center\" ><div class=\"wptb-text-container wptb-ph-element wptb-element-text-604\" style=\"color: #000000; font-size: 15px; padding: 0px; margin: 0px; \"><div style=\"position: relative;\"><p><a href=\"tel:7323726020\">732-372-6020<\/a> x 1053<\/p><\/div><\/div><\/td><td class=\"wptb-cell \" colspan=\"1\" rowspan=\"1\" style=\"padding: 8px; background-color: rgba(0, 0, 0, 0); border-radius: 0px; \" data-y-index=\"1\" data-x-index=\"3\" data-wptb-css-td-auto-width=\"true\" data-wptb-css-td-auto-height=\"true\" data-wptb-cell-vertical-alignment=\"center\" ><div class=\"wptb-text-container wptb-ph-element wptb-element-text-605\" style=\"color: #000000; font-size: 15px; padding: 0px; margin: 0px; \"><div style=\"position: relative;\"><p><a href=\"mailto:gluna@eascarpenterstech.edu\">Click to Email<\/a><\/p><\/div><\/div><\/td><td class=\"wptb-cell \" colspan=\"1\" rowspan=\"1\" style=\"padding: 8px; background-color: rgba(0, 0, 0, 0); border-radius: 0px; \" data-y-index=\"1\" data-x-index=\"4\" data-wptb-css-td-auto-width=\"true\" data-wptb-css-td-auto-height=\"true\" data-wptb-cell-vertical-alignment=\"center\" ><div class=\"wptb-text-container wptb-ph-element wptb-element-text-606\" style=\"color: #000000; font-size: 15px; padding: 0px; margin: 0px; \"><div style=\"position: relative;\"><p>New Intake, Events, Tours<\/p><\/div><\/div><\/td><\/tr><tr  class=\"wptb-row \" style=\"background-color: #fefefe; \"><td class=\"wptb-cell \" colspan=\"1\" rowspan=\"1\" style=\"padding: 8px; background-color: rgba(0, 0, 0, 0); border-radius: 0px; \" data-y-index=\"2\" data-x-index=\"0\" data-wptb-css-td-auto-width=\"true\" data-wptb-css-td-auto-height=\"true\" data-wptb-cell-vertical-alignment=\"center\" ><div class=\"wptb-text-container wptb-ph-element wptb-element-text-607\" style=\"color: #000000; font-size: 15px; padding: 0px; margin: 0px; \"><div style=\"position: relative;\"><p>Alessandra Gatto<\/p><\/div><\/div><\/td><td class=\"wptb-cell \" colspan=\"1\" rowspan=\"1\" style=\"padding: 8px; background-color: rgba(0, 0, 0, 0); border-radius: 0px; \" data-y-index=\"2\" data-x-index=\"1\" data-wptb-css-td-auto-width=\"true\" data-wptb-css-td-auto-height=\"true\" data-wptb-cell-vertical-alignment=\"center\" ><div class=\"wptb-text-container wptb-ph-element wptb-element-text-608\" style=\"color: #000000; font-size: 15px; padding: 0px; margin: 0px; \"><div style=\"position: relative;\"><p>Administrative Assistant<\/p><\/div><\/div><\/td><td class=\"wptb-cell \" colspan=\"1\" rowspan=\"1\" style=\"padding: 8px; background-color: rgba(0, 0, 0, 0); border-radius: 0px; \" data-y-index=\"2\" data-x-index=\"2\" data-wptb-css-td-auto-width=\"true\" data-wptb-css-td-auto-height=\"true\" data-wptb-cell-vertical-alignment=\"center\" ><div class=\"wptb-text-container wptb-ph-element wptb-element-text-609\" style=\"color: #000000; font-size: 15px; padding: 0px; margin: 0px; \"><div style=\"position: relative;\"><p><a href=\"tel:7323726020\">732-372-6020<\/a> x 1030<\/p><\/div><\/div><\/td><td class=\"wptb-cell \" colspan=\"1\" rowspan=\"1\" style=\"padding: 8px; background-color: rgba(0, 0, 0, 0); border-radius: 0px; \" data-y-index=\"2\" data-x-index=\"3\" data-wptb-css-td-auto-width=\"true\" data-wptb-css-td-auto-height=\"true\" data-wptb-cell-vertical-alignment=\"center\" ><div class=\"wptb-text-container wptb-ph-element wptb-element-text-610\" style=\"color: #000000; font-size: 15px; padding: 0px; margin: 0px; \"><div style=\"position: relative;\"><p><a href=\"mailto:%20Agatto@eascarpenterstech.edu\">Click to Email<\/a><\/p><\/div><\/div><\/td><td class=\"wptb-cell \" colspan=\"1\" rowspan=\"1\" style=\"padding: 8px; background-color: rgba(0, 0, 0, 0); border-radius: 0px; \" data-y-index=\"2\" data-x-index=\"4\" data-wptb-css-td-auto-width=\"true\" data-wptb-css-td-auto-height=\"true\" data-wptb-cell-vertical-alignment=\"center\" ><div class=\"wptb-text-container wptb-ph-element wptb-element-text-611\" style=\"color: #000000; font-size: 15px; padding: 0px; margin: 0px; \"><div style=\"position: relative;\"><p>Apprentice Schedule, Student Records<\/p><\/div><\/div><\/td><\/tr><tr  class=\"wptb-row \" style=\"background-color: #fafafa; \"><td class=\"wptb-cell \" colspan=\"1\" rowspan=\"1\" style=\"padding: 8px; background-color: rgba(0, 0, 0, 0); border-radius: 0px; \" data-y-index=\"3\" data-x-index=\"0\" data-wptb-css-td-auto-width=\"true\" data-wptb-css-td-auto-height=\"true\" data-wptb-cell-vertical-alignment=\"center\" ><div class=\"wptb-text-container wptb-ph-element wptb-element-text-612\" style=\"color: #000000; font-size: 15px; padding: 0px; margin: 0px; \"><div style=\"position: relative;\"><p>Milena Taranto<br \/><\/p><\/div><\/div><\/td><td class=\"wptb-cell \" colspan=\"1\" rowspan=\"1\" style=\"padding: 8px; background-color: rgba(0, 0, 0, 0); border-radius: 0px; \" data-y-index=\"3\" data-x-index=\"1\" data-wptb-css-td-auto-width=\"true\" data-wptb-css-td-auto-height=\"true\" data-wptb-cell-vertical-alignment=\"center\" ><div class=\"wptb-text-container wptb-ph-element wptb-element-text-613\" style=\"color: #000000; font-size: 15px; padding: 0px; margin: 0px; \"><div style=\"position: relative;\"><p>Program and Website Administrator<\/p><\/div><\/div><\/td><td class=\"wptb-cell \" colspan=\"1\" rowspan=\"1\" style=\"padding: 8px; background-color: rgba(0, 0, 0, 0); border-radius: 0px; \" data-y-index=\"3\" data-x-index=\"2\" data-wptb-css-td-auto-width=\"true\" data-wptb-css-td-auto-height=\"true\" data-wptb-cell-vertical-alignment=\"center\" ><div class=\"wptb-text-container wptb-ph-element wptb-element-text-614\" style=\"color: #000000; font-size: 15px; padding: 0px; margin: 0px; \"><div style=\"position: relative;\"><p><a href=\"tel:7323726020\">732-372-6020<\/a> x 1049<\/p><\/div><\/div><\/td><td class=\"wptb-cell \" colspan=\"1\" rowspan=\"1\" style=\"padding: 8px; background-color: rgba(0, 0, 0, 0); border-radius: 0px; \" data-y-index=\"3\" data-x-index=\"3\" data-wptb-css-td-auto-width=\"true\" data-wptb-css-td-auto-height=\"true\" data-wptb-cell-vertical-alignment=\"center\" ><div class=\"wptb-text-container wptb-ph-element wptb-element-text-615\" style=\"color: #000000; font-size: 15px; padding: 0px; margin: 0px; \"><div style=\"position: relative;\"><p><a href=\"mailto:%20Mtaranto@eascarpenterstech.edu\">Click to Email<\/a><\/p><\/div><\/div><\/td><td class=\"wptb-cell \" colspan=\"1\" rowspan=\"1\" style=\"padding: 8px; background-color: rgba(0, 0, 0, 0); border-radius: 0px; \" data-y-index=\"3\" data-x-index=\"4\" data-wptb-css-td-auto-width=\"true\" data-wptb-css-td-auto-height=\"true\" data-wptb-cell-vertical-alignment=\"center\" ><div class=\"wptb-text-container wptb-ph-element wptb-element-text-616\" style=\"color: #000000; font-size: 15px; padding: 0px; margin: 0px; \"><div style=\"position: relative;\"><p>Continuing Education, Website Development<\/p><\/div><\/div><\/td><\/tr><\/tbody><\/table>\n<\/div>\n       [\/et_pb_code][\/et_pb_column][\/et_pb_row][\/et_pb_section]<\/p>\n","protected":false},"excerpt":{"rendered":"<p>El personal administrativo del Centro T\u00e9cnico de Carpinteros de los Estados del Atl\u00e1ntico Oriental garantiza el funcionamiento eficiente de la instituci\u00f3n mediante la gesti\u00f3n de diversas tareas, que van desde los servicios y la programaci\u00f3n para los estudiantes hasta las operaciones financieras y los recursos del centro de capacitaci\u00f3n.<\/p>","protected":false},"author":35,"featured_media":0,"parent":0,"menu_order":0,"comment_status":"closed","ping_status":"closed","template":"","meta":{"_acf_changed":false,"_et_pb_use_builder":"on","_et_pb_old_content":"","_et_gb_content_width":"","footnotes":""},"class_list":["post-235649","page","type-page","status-publish","hentry"],"acf":[],"yoast_head":"<!-- This site is optimized with the Yoast SEO plugin v27.2 - https:\/\/yoast.com\/product\/yoast-seo-wordpress\/ -->\n<title>Staff Directory - Edison (NJ) Training Center<\/title>\n<meta name=\"description\" content=\"The administrative staff at Eastern Atlantic States Carpenters Technical Center ensures the efficient operation of the institution by managing various tasks, ranging from student services and scheduling to financial operations and training center resources.\" \/>\n<meta name=\"robots\" content=\"index, follow, max-snippet:-1, max-image-preview:large, max-video-preview:-1\" \/>\n<link rel=\"canonical\" href=\"https:\/\/www.eascarpenterstech.edu\/edison\/es\/staff-directory\/\" \/>\n<meta property=\"og:locale\" content=\"es_ES\" \/>\n<meta property=\"og:type\" content=\"article\" \/>\n<meta property=\"og:title\" content=\"Staff Directory - Edison (NJ) Training Center\" \/>\n<meta property=\"og:description\" content=\"The administrative staff at Eastern Atlantic States Carpenters Technical Center ensures the efficient operation of the institution by managing various tasks, ranging from student services and scheduling to financial operations and training center resources.\" \/>\n<meta property=\"og:url\" content=\"https:\/\/www.eascarpenterstech.edu\/edison\/es\/staff-directory\/\" \/>\n<meta property=\"og:site_name\" content=\"Edison (NJ) Training Center\" \/>\n<meta property=\"article:modified_time\" content=\"2026-03-03T12:46:08+00:00\" \/>\n<meta property=\"og:image\" content=\"https:\/\/www.eascarpenterstech.edu\/edison\/wp-content\/uploads\/sites\/3\/2024\/03\/YOAST-Facebook-WebshareImage-1.jpg\" \/>\n\t<meta property=\"og:image:width\" content=\"600\" \/>\n\t<meta property=\"og:image:height\" content=\"315\" \/>\n\t<meta property=\"og:image:type\" content=\"image\/jpeg\" \/>\n<meta name=\"twitter:card\" content=\"summary_large_image\" \/>\n<meta name=\"twitter:label1\" content=\"Est. reading time\" \/>\n\t<meta name=\"twitter:data1\" content=\"1 minuto\" \/>\n<script type=\"application\/ld+json\" class=\"yoast-schema-graph\">{\"@context\":\"https:\/\/schema.org\",\"@graph\":[{\"@type\":\"WebPage\",\"@id\":\"https:\/\/www.eascarpenterstech.edu\/edison\/staff-directory\/\",\"url\":\"https:\/\/www.eascarpenterstech.edu\/edison\/staff-directory\/\",\"name\":\"Staff Directory - Edison (NJ) Training Center\",\"isPartOf\":{\"@id\":\"https:\/\/www.eascarpenterstech.edu\/edison\/#website\"},\"datePublished\":\"2023-08-16T15:54:40+00:00\",\"dateModified\":\"2026-03-03T12:46:08+00:00\",\"description\":\"The administrative staff at Eastern Atlantic States Carpenters Technical Center ensures the efficient operation of the institution by managing various tasks, ranging from student services and scheduling to financial operations and training center resources.\",\"breadcrumb\":{\"@id\":\"https:\/\/www.eascarpenterstech.edu\/edison\/staff-directory\/#breadcrumb\"},\"inLanguage\":\"es\",\"potentialAction\":[{\"@type\":\"ReadAction\",\"target\":[\"https:\/\/www.eascarpenterstech.edu\/edison\/staff-directory\/\"]}]},{\"@type\":\"BreadcrumbList\",\"@id\":\"https:\/\/www.eascarpenterstech.edu\/edison\/staff-directory\/#breadcrumb\",\"itemListElement\":[{\"@type\":\"ListItem\",\"position\":1,\"name\":\"Home\",\"item\":\"https:\/\/www.eascarpenterstech.edu\/edison\/\"},{\"@type\":\"ListItem\",\"position\":2,\"name\":\"Staff Directory\"}]},{\"@type\":\"WebSite\",\"@id\":\"https:\/\/www.eascarpenterstech.edu\/edison\/#website\",\"url\":\"https:\/\/www.eascarpenterstech.edu\/edison\/\",\"name\":\"Edison (NJ) Training Center\",\"description\":\"\",\"potentialAction\":[{\"@type\":\"SearchAction\",\"target\":{\"@type\":\"EntryPoint\",\"urlTemplate\":\"https:\/\/www.eascarpenterstech.edu\/edison\/?s={search_term_string}\"},\"query-input\":{\"@type\":\"PropertyValueSpecification\",\"valueRequired\":true,\"valueName\":\"search_term_string\"}}],\"inLanguage\":\"es\"}]}<\/script>\n<!-- \/ Yoast SEO plugin. -->","yoast_head_json":{"title":"Staff Directory - Edison (NJ) Training Center","description":"El personal administrativo del Centro T\u00e9cnico de Carpinteros de los Estados del Atl\u00e1ntico Oriental garantiza el funcionamiento eficiente de la instituci\u00f3n mediante la gesti\u00f3n de diversas tareas, que van desde los servicios y la programaci\u00f3n para los estudiantes hasta las operaciones financieras y los recursos del centro de capacitaci\u00f3n.","robots":{"index":"index","follow":"follow","max-snippet":"max-snippet:-1","max-image-preview":"max-image-preview:large","max-video-preview":"max-video-preview:-1"},"canonical":"https:\/\/www.eascarpenterstech.edu\/edison\/es\/staff-directory\/","og_locale":"es_ES","og_type":"article","og_title":"Staff Directory - Edison (NJ) Training Center","og_description":"The administrative staff at Eastern Atlantic States Carpenters Technical Center ensures the efficient operation of the institution by managing various tasks, ranging from student services and scheduling to financial operations and training center resources.","og_url":"https:\/\/www.eascarpenterstech.edu\/edison\/es\/staff-directory\/","og_site_name":"Edison (NJ) Training Center","article_modified_time":"2026-03-03T12:46:08+00:00","og_image":[{"width":600,"height":315,"url":"https:\/\/www.eascarpenterstech.edu\/edison\/wp-content\/uploads\/sites\/3\/2024\/03\/YOAST-Facebook-WebshareImage-1.jpg","type":"image\/jpeg"}],"twitter_card":"summary_large_image","twitter_misc":{"Est. reading time":"1 minuto"},"schema":{"@context":"https:\/\/schema.org","@graph":[{"@type":"WebPage","@id":"https:\/\/www.eascarpenterstech.edu\/edison\/staff-directory\/","url":"https:\/\/www.eascarpenterstech.edu\/edison\/staff-directory\/","name":"Staff Directory - Edison (NJ) Training Center","isPartOf":{"@id":"https:\/\/www.eascarpenterstech.edu\/edison\/#website"},"datePublished":"2023-08-16T15:54:40+00:00","dateModified":"2026-03-03T12:46:08+00:00","description":"El personal administrativo del Centro T\u00e9cnico de Carpinteros de los Estados del Atl\u00e1ntico Oriental garantiza el funcionamiento eficiente de la instituci\u00f3n mediante la gesti\u00f3n de diversas tareas, que van desde los servicios y la programaci\u00f3n para los estudiantes hasta las operaciones financieras y los recursos del centro de capacitaci\u00f3n.","breadcrumb":{"@id":"https:\/\/www.eascarpenterstech.edu\/edison\/staff-directory\/#breadcrumb"},"inLanguage":"es","potentialAction":[{"@type":"ReadAction","target":["https:\/\/www.eascarpenterstech.edu\/edison\/staff-directory\/"]}]},{"@type":"BreadcrumbList","@id":"https:\/\/www.eascarpenterstech.edu\/edison\/staff-directory\/#breadcrumb","itemListElement":[{"@type":"ListItem","position":1,"name":"Home","item":"https:\/\/www.eascarpenterstech.edu\/edison\/"},{"@type":"ListItem","position":2,"name":"Staff Directory"}]},{"@type":"WebSite","@id":"https:\/\/www.eascarpenterstech.edu\/edison\/#website","url":"https:\/\/www.eascarpenterstech.edu\/edison\/","name":"Centro de Capacitaci\u00f3n Edison (NJ)","description":"","potentialAction":[{"@type":"SearchAction","target":{"@type":"EntryPoint","urlTemplate":"https:\/\/www.eascarpenterstech.edu\/edison\/?s={search_term_string}"},"query-input":{"@type":"PropertyValueSpecification","valueRequired":true,"valueName":"search_term_string"}}],"inLanguage":"es"}]}},"publishpress_future_action":{"enabled":false,"date":"2026-04-12 13:53:53","action":"change-status","newStatus":"draft","terms":[],"taxonomy":"","extraData":[]},"publishpress_future_workflow_manual_trigger":{"enabledWorkflows":[]},"_links":{"self":[{"href":"https:\/\/www.eascarpenterstech.edu\/edison\/es\/wp-json\/wp\/v2\/pages\/235649","targetHints":{"allow":["GET"]}}],"collection":[{"href":"https:\/\/www.eascarpenterstech.edu\/edison\/es\/wp-json\/wp\/v2\/pages"}],"about":[{"href":"https:\/\/www.eascarpenterstech.edu\/edison\/es\/wp-json\/wp\/v2\/types\/page"}],"author":[{"embeddable":true,"href":"https:\/\/www.eascarpenterstech.edu\/edison\/es\/wp-json\/wp\/v2\/users\/35"}],"replies":[{"embeddable":true,"href":"https:\/\/www.eascarpenterstech.edu\/edison\/es\/wp-json\/wp\/v2\/comments?post=235649"}],"version-history":[{"count":13,"href":"https:\/\/www.eascarpenterstech.edu\/edison\/es\/wp-json\/wp\/v2\/pages\/235649\/revisions"}],"predecessor-version":[{"id":236979,"href":"https:\/\/www.eascarpenterstech.edu\/edison\/es\/wp-json\/wp\/v2\/pages\/235649\/revisions\/236979"}],"wp:attachment":[{"href":"https:\/\/www.eascarpenterstech.edu\/edison\/es\/wp-json\/wp\/v2\/media?parent=235649"}],"curies":[{"name":"gracias","href":"https:\/\/api.w.org\/{rel}","templated":true}]}}