{"id":235527,"date":"2023-07-13T18:30:55","date_gmt":"2023-07-13T18:30:55","guid":{"rendered":"https:\/\/www.eascarpenterstech.edu\/edison\/?page_id=235527"},"modified":"2024-09-30T11:04:24","modified_gmt":"2024-09-30T15:04:24","slug":"test-prep","status":"publish","type":"page","link":"https:\/\/www.eascarpenterstech.edu\/edison\/es\/test-prep\/","title":{"rendered":"Preparaci\u00f3n para el examen"},"content":{"rendered":"<p>[et_pb_section fb_built=&#8221;1&#8243; _builder_version=&#8221;4.19.5&#8243; _module_preset=&#8221;default&#8221; use_background_color_gradient=&#8221;on&#8221; background_color_gradient_stops=&#8221;rgba(0,32,91,0.5) 0%|rgba(0,32,91,0.5) 100%&#8221; background_color_gradient_overlays_image=&#8221;on&#8221; background_image=&#8221;https:\/\/www.eascarpenterstech.edu\/edison\/wp-content\/uploads\/sites\/3\/2023\/07\/iStock-945467306-scaled.jpg&#8221; custom_padding=&#8221;100px||100px||true|false&#8221; locked=&#8221;off&#8221; global_colors_info=&#8221;{}&#8221;][et_pb_row _builder_version=&#8221;4.19.5&#8243; _module_preset=&#8221;default&#8221; global_colors_info=&#8221;{}&#8221;][et_pb_column type=&#8221;4_4&#8243; _builder_version=&#8221;4.19.5&#8243; _module_preset=&#8221;default&#8221; global_colors_info=&#8221;{}&#8221;][et_pb_text quote_border_color=&#8221;#d31245&#8243; _builder_version=&#8221;4.19.5&#8243; _module_preset=&#8221;default&#8221; quote_text_color=&#8221;RGBA(255,255,255,0)&#8221; header_font=&#8221;Open Sans|700|||||||&#8221; header_text_color=&#8221;#FFFFFF&#8221; header_font_size=&#8221;72px&#8221; width=&#8221;50%&#8221; width_tablet=&#8221;50%&#8221; width_phone=&#8221;100%&#8221; width_last_edited=&#8221;on|phone&#8221; header_text_align_tablet=&#8221;&#8221; header_text_align_phone=&#8221;center&#8221; header_text_align_last_edited=&#8221;on|phone&#8221; header_font_size_tablet=&#8221;72px&#8221; header_font_size_phone=&#8221;55px&#8221; header_font_size_last_edited=&#8221;on|phone&#8221; global_colors_info=&#8221;{}&#8221;]<\/p>\n<blockquote>\n<h1>TEST PREP<\/h1>\n<\/blockquote>\n<p>[\/et_pb_text][et_pb_text _builder_version=&#8221;4.19.5&#8243; _module_preset=&#8221;default&#8221; text_text_color=&#8221;#FFFFFF&#8221; width=&#8221;50%&#8221; width_tablet=&#8221;50%&#8221; width_phone=&#8221;100%&#8221; width_last_edited=&#8221;on|phone&#8221; text_orientation_tablet=&#8221;&#8221; text_orientation_phone=&#8221;center&#8221; text_orientation_last_edited=&#8221;on|phone&#8221; global_colors_info=&#8221;{}&#8221;]To support the skill development of our Apprentices and Journeymen, the United Brotherhood of Carpenters offers free Math for the Trades instruction. [\/et_pb_text][\/et_pb_column][\/et_pb_row][\/et_pb_section][et_pb_section fb_built=&#8221;1&#8243; admin_label=&#8221;Services&#8221; _builder_version=&#8221;4.19.5&#8243; custom_padding=&#8221;||||false|false&#8221; global_colors_info=&#8221;{}&#8221;][et_pb_row column_structure=&#8221;1_2,1_2&#8243; make_equal=&#8221;on&#8221; admin_label=&#8221;About&#8221; _builder_version=&#8221;4.19.5&#8243; background_size=&#8221;initial&#8221; background_position=&#8221;top_left&#8221; background_repeat=&#8221;repeat&#8221; custom_padding=&#8221;||||false|false&#8221; custom_css_main_element=&#8221;align-items:center&#8221; use_custom_width=&#8221;on&#8221; custom_width_px=&#8221;900px&#8221; global_colors_info=&#8221;{}&#8221;][et_pb_column type=&#8221;1_2&#8243; _builder_version=&#8221;4.16&#8243; custom_padding=&#8221;|||&#8221; global_colors_info=&#8221;{}&#8221; custom_padding__hover=&#8221;|||&#8221;][et_pb_text admin_label=&#8221;Statistics Section Title&#8221; _builder_version=&#8221;4.19.5&#8243; header_font=&#8221;Open Sans||||||||&#8221; header_text_align=&#8221;left&#8221; header_text_color=&#8221;#3f3f3f&#8221; header_font_size=&#8221;36px&#8221; header_line_height=&#8221;1.2em&#8221; text_orientation=&#8221;center&#8221; module_alignment=&#8221;center&#8221; custom_padding=&#8221;||||false|false&#8221; animation_style=&#8221;fold&#8221; animation_direction=&#8221;bottom&#8221; animation_intensity_fold=&#8221;20%&#8221; header_text_align_tablet=&#8221;left&#8221; header_text_align_phone=&#8221;center&#8221; header_text_align_last_edited=&#8221;on|desktop&#8221; locked=&#8221;off&#8221; global_colors_info=&#8221;{}&#8221;]<\/p>\n<h1>Math Skills and Evaluation<\/h1>\n<p>[\/et_pb_text][et_pb_text admin_label=&#8221;About Section Text&#8221; _builder_version=&#8221;4.19.5&#8243; background_size=&#8221;initial&#8221; background_position=&#8221;top_left&#8221; background_repeat=&#8221;repeat&#8221; text_orientation_tablet=&#8221;&#8221; text_orientation_phone=&#8221;center&#8221; text_orientation_last_edited=&#8221;on|phone&#8221; global_colors_info=&#8221;{}&#8221;]A functional understanding of general math, including fractions, decimals, measurement, measurement tools, area measure, and volume measure, is essential for carpenters. Apprentice applicants are required to complete a Math Evaluation, which assists in assessing their math comprehension. This page provides a study guide for Apprentice Applicant Math Evaluation, as well as a study guide for Apprentices and Journeymen enrolled in Construction Trades courses.[\/et_pb_text][et_pb_button button_url=&#8221;#mathsupport&#8221; button_text=&#8221;VIEW MATH MATERIALS&#8221; button_alignment=&#8221;left&#8221; button_alignment_tablet=&#8221;left&#8221; button_alignment_phone=&#8221;center&#8221; button_alignment_last_edited=&#8221;on|phone&#8221; _builder_version=&#8221;4.19.5&#8243; _module_preset=&#8221;default&#8221; custom_button=&#8221;on&#8221; button_text_size=&#8221;16px&#8221; button_font=&#8221;|600||on|||||&#8221; custom_padding=&#8221;8px|20px|8px|20px|true|true&#8221; locked=&#8221;off&#8221; global_colors_info=&#8221;{}&#8221;][\/et_pb_button][\/et_pb_column][et_pb_column type=&#8221;1_2&#8243; _builder_version=&#8221;4.16&#8243; custom_padding=&#8221;|||&#8221; global_colors_info=&#8221;{}&#8221; custom_padding__hover=&#8221;|||&#8221;][et_pb_image src=&#8221;https:\/\/www.eascarpenterstech.edu\/edison\/wp-content\/uploads\/sites\/3\/2023\/07\/iStock-1142818934-scaled.jpg&#8221; title_text=&#8221;Accuracy and quality. Construction worker in protective yellow helmet checking the level of a plank of wood. Measurement concept&#8221; _builder_version=&#8221;4.19.5&#8243; _module_preset=&#8221;default&#8221; global_colors_info=&#8221;{}&#8221;][\/et_pb_image][\/et_pb_column][\/et_pb_row][\/et_pb_section][et_pb_section fb_built=&#8221;1&#8243; admin_label=&#8221;Split Section&#8221; _builder_version=&#8221;4.16&#8243; custom_padding=&#8221;0px||0px|&#8221; animation_style=&#8221;fold&#8221; animation_direction=&#8221;bottom&#8221; animation_intensity_fold=&#8221;4%&#8221; global_colors_info=&#8221;{}&#8221;][et_pb_row column_structure=&#8221;1_2,1_2&#8243; use_custom_gutter=&#8221;on&#8221; gutter_width=&#8221;1&#8243; make_equal=&#8221;on&#8221; module_class=&#8221; et_pb_row_fullwidth&#8221; _builder_version=&#8221;4.19.5&#8243; background_size=&#8221;initial&#8221; background_position=&#8221;top_left&#8221; background_repeat=&#8221;repeat&#8221; width=&#8221;100%&#8221; width_tablet=&#8221;100%&#8221; width_phone=&#8221;100%&#8221; width_last_edited=&#8221;on|desktop&#8221; max_width=&#8221;100%&#8221; max_width_tablet=&#8221;100%&#8221; max_width_phone=&#8221;100%&#8221; max_width_last_edited=&#8221;on|desktop&#8221; custom_margin=&#8221;0px||0px|&#8221; custom_padding=&#8221;0px||0px|&#8221; make_fullwidth=&#8221;on&#8221; global_colors_info=&#8221;{}&#8221;][et_pb_column type=&#8221;1_2&#8243; _builder_version=&#8221;4.19.5&#8243; use_background_color_gradient=&#8221;on&#8221; background_image=&#8221;https:\/\/www.eascarpenterstech.edu\/edison\/wp-content\/uploads\/sites\/3\/2023\/07\/iStock-134574941-scaled.jpg&#8221; background_position=&#8221;top_left&#8221; custom_padding=&#8221;|||&#8221; custom_padding_tablet=&#8221;|||&#8221; custom_padding_phone=&#8221;150px||150px||true|false&#8221; custom_padding_last_edited=&#8221;on|phone&#8221; global_colors_info=&#8221;{}&#8221; custom_padding__hover=&#8221;|||&#8221;][\/et_pb_column][et_pb_column type=&#8221;1_2&#8243; _builder_version=&#8221;4.19.5&#8243; background_color=&#8221;#fafafa&#8221; background_position=&#8221;top_left&#8221; custom_padding=&#8221;5%|6%|5%|6%|true|false&#8221; custom_padding_tablet=&#8221;5%|6%|5%|6%|true|false&#8221; custom_padding_phone=&#8221;15%|6%|15%|6%|true|false&#8221; custom_padding_last_edited=&#8221;on|phone&#8221; global_colors_info=&#8221;{}&#8221; custom_padding__hover=&#8221;|||&#8221;][et_pb_divider color=&#8221;#d31245&#8243; divider_weight=&#8221;3px&#8221; disabled_on=&#8221;off|off|off&#8221; _builder_version=&#8221;4.19.5&#8243; background_color_gradient_direction=&#8221;90deg&#8221; max_width=&#8221;100px&#8221; module_alignment=&#8221;left&#8221; height=&#8221;5px&#8221; custom_margin=&#8221;||20px|&#8221; custom_padding=&#8221;||20px|&#8221; animation_style=&#8221;slide&#8221; animation_direction=&#8221;bottom&#8221; module_alignment_tablet=&#8221;left&#8221; module_alignment_phone=&#8221;center&#8221; module_alignment_last_edited=&#8221;on|phone&#8221; saved_tabs=&#8221;all&#8221; locked=&#8221;off&#8221; global_colors_info=&#8221;{}&#8221;][\/et_pb_divider][et_pb_cta title=&#8221;Test Prep Resources&#8221; button_text=&#8221;Read More&#8221; admin_label=&#8221;Feature 01&#8243; _builder_version=&#8221;4.19.5&#8243; header_font=&#8221;Open Sans||||||||&#8221; header_text_color=&#8221;#3f3f3f&#8221; header_font_size=&#8221;36&#8243; header_line_height=&#8221;1.2em&#8221; body_font_size=&#8221;16&#8243; use_background_color=&#8221;off&#8221; custom_button=&#8221;on&#8221; button_text_size=&#8221;18&#8243; button_text_color=&#8221;#ffffff&#8221; button_bg_color=&#8221;#6eba01&#8243; button_border_color=&#8221;#6eba01&#8243; button_letter_spacing=&#8221;2&#8243; button_font=&#8221;Montserrat|||on|&#8221; button_use_icon=&#8221;off&#8221; text_orientation=&#8221;left&#8221; background_layout=&#8221;light&#8221; max_width=&#8221;500px&#8221; module_alignment=&#8221;left&#8221; custom_margin=&#8221;|||&#8221; custom_padding=&#8221;|||&#8221; animation_style=&#8221;fold&#8221; animation_direction=&#8221;bottom&#8221; animation_intensity_fold=&#8221;15%&#8221; header_text_align_tablet=&#8221;&#8221; header_text_align_phone=&#8221;center&#8221; header_text_align_last_edited=&#8221;on|phone&#8221; body_text_align_tablet=&#8221;&#8221; body_text_align_phone=&#8221;center&#8221; body_text_align_last_edited=&#8221;on|phone&#8221; button_text_color_hover=&#8221;#6eba01&#8243; button_border_color_hover=&#8221;#6eba01&#8243; button_border_radius_hover=&#8221;0&#8243; button_letter_spacing_hover=&#8221;2&#8243; button_bg_color_hover=&#8221;rgba(0,0,0,0)&#8221; saved_tabs=&#8221;all&#8221; locked=&#8221;off&#8221; global_colors_info=&#8221;{}&#8221; button_text_size__hover_enabled=&#8221;off&#8221; button_one_text_size__hover_enabled=&#8221;off&#8221; button_two_text_size__hover_enabled=&#8221;off&#8221; button_text_color__hover_enabled=&#8221;on&#8221; button_text_color__hover=&#8221;#6eba01&#8243; button_one_text_color__hover_enabled=&#8221;off&#8221; button_two_text_color__hover_enabled=&#8221;off&#8221; button_border_width__hover_enabled=&#8221;off&#8221; button_one_border_width__hover_enabled=&#8221;off&#8221; button_two_border_width__hover_enabled=&#8221;off&#8221; button_border_color__hover_enabled=&#8221;on&#8221; button_border_color__hover=&#8221;#6eba01&#8243; button_one_border_color__hover_enabled=&#8221;off&#8221; button_two_border_color__hover_enabled=&#8221;off&#8221; button_border_radius__hover_enabled=&#8221;on&#8221; button_border_radius__hover=&#8221;0&#8243; button_one_border_radius__hover_enabled=&#8221;off&#8221; button_two_border_radius__hover_enabled=&#8221;off&#8221; button_letter_spacing__hover_enabled=&#8221;on&#8221; button_letter_spacing__hover=&#8221;2&#8243; button_one_letter_spacing__hover_enabled=&#8221;off&#8221; button_two_letter_spacing__hover_enabled=&#8221;off&#8221; button_bg_color__hover_enabled=&#8221;on&#8221; button_bg_color__hover=&#8221;rgba(0,0,0,0)&#8221; button_one_bg_color__hover_enabled=&#8221;off&#8221; button_two_bg_color__hover_enabled=&#8221;off&#8221;]<\/p>\n<p>Stay tuned for updates as we will be providing additional resources, such as websites and videos, to assist you in reviewing essential topics like general math, fractions, decimals, measurement, measurement tools, area measure, and volume measure. We highly recommend considering online courses or refreshing your knowledge of basic mathematics to strengthen your skills in these areas.<\/p>\n<p>[\/et_pb_cta][et_pb_accordion module_id=&#8221;mathsupport&#8221; _builder_version=&#8221;4.27.0&#8243; _module_preset=&#8221;default&#8221; toggle_font=&#8221;Open Sans||||||||&#8221; toggle_font_size=&#8221;18px&#8221; closed_toggle_font_size=&#8221;18px&#8221; hover_enabled=&#8221;0&#8243; locked=&#8221;off&#8221; global_colors_info=&#8221;{}&#8221; sticky_enabled=&#8221;0&#8243;][et_pb_accordion_item title=&#8221;Basic Mathematics&#8221; _builder_version=&#8221;4.19.5&#8243; _module_preset=&#8221;default&#8221; global_colors_info=&#8221;{}&#8221; toggle_font_size=&#8221;18px&#8221; open=&#8221;on&#8221;]<\/p>\n<ul>\n<li>Whole Number:<span>\u00a0<\/span><a href=\"http:\/\/www.khanacademy.org\/math\/arithmetic\/#addition-subtraction\" rel=\"noopener noreferrer\" onclick=\"javascript:window.open('http:\/\/www.khanacademy.org\/math\/arithmetic\/#addition-subtraction', '_blank', 'noopener'); return false;\">addition, subtraction<\/a>,<span>\u00a0<\/span><a href=\"http:\/\/www.khanacademy.org\/math\/arithmetic\/#multiplication-division\" rel=\"noopener noreferrer\" onclick=\"javascript:window.open('http:\/\/www.khanacademy.org\/math\/arithmetic\/#multiplication-division', '_blank', 'noopener'); return false;\">multiplication and division<\/a><\/li>\n<li><a href=\"http:\/\/www.khanacademy.org\/math\/arithmetic\/#fractions\" rel=\"noopener noreferrer\" onclick=\"javascript:window.open('http:\/\/www.khanacademy.org\/math\/arithmetic\/#fractions', '_blank', 'noopener'); return false;\">Fractions<\/a>: defining, adding, subtracting, multiplying and dividing<\/li>\n<li><a href=\"http:\/\/www.khanacademy.org\/math\/arithmetic\/#decimals\" rel=\"noopener noreferrer\" onclick=\"javascript:window.open('http:\/\/www.khanacademy.org\/math\/arithmetic\/#decimals', '_blank', 'noopener'); return false;\">Decimals<\/a>: adding and subtracting, multiplying and dividing, converting to fractions and converting fractions to decimals<\/li>\n<li><a href=\"http:\/\/www.khanacademy.org\/math\/arithmetic\/#percents\" rel=\"noopener noreferrer\" onclick=\"javascript:window.open('http:\/\/www.khanacademy.org\/math\/arithmetic\/#percents', '_blank', 'noopener'); return false;\">Percentages<\/a>: calculating, adding, dividing, converting to decimal, converting decimals to percentages<\/li>\n<\/ul>\n<p>[\/et_pb_accordion_item][et_pb_accordion_item title=&#8221;Independent Math Support&#8221; open=&#8221;off&#8221; _builder_version=&#8221;4.27.0&#8243; _module_preset=&#8221;default&#8221; hover_enabled=&#8221;0&#8243; global_colors_info=&#8221;{}&#8221; toggle_font_size=&#8221;18px&#8221; sticky_enabled=&#8221;0&#8243;]<\/p>\n<ul>\n<li><a href=\"https:\/\/www.eascarpenterstech.edu\/edison\/wp-content\/uploads\/sites\/3\/2024\/09\/Math-Skills-Assessment-Sample.pdf\">Apprentice Applicant Math Evaluation Study Guide: Math for the Trades I<\/a><\/li>\n<li><a href=\"https:\/\/www.khanacademy.org\/math\">Khan Academy<\/a><\/li>\n<li><a href=\"https:\/\/www.ixl.com\/math\/\">IXL<\/a><\/li>\n<\/ul>\n<p>[\/et_pb_accordion_item][\/et_pb_accordion][\/et_pb_column][\/et_pb_row][\/et_pb_section]<\/p>\n","protected":false},"excerpt":{"rendered":"<p>PREPARACI\u00d3N PARA EX\u00c1MENES Para apoyar el desarrollo de habilidades de nuestros aprendices y oficiales, la Hermandad Unida de Carpinteros ofrece instrucci\u00f3n gratuita de Matem\u00e1ticas para los Oficios. Habilidades matem\u00e1ticas y evaluaci\u00f3n Una comprensi\u00f3n funcional de las matem\u00e1ticas generales, incluidas las fracciones, los decimales, la medici\u00f3n, las herramientas de medici\u00f3n, la medici\u00f3n de \u00e1reas y la medici\u00f3n de vol\u00famenes, es esencial para los carpinteros. Los solicitantes de aprendices deben completar una evaluaci\u00f3n de matem\u00e1ticas, que ayuda a evaluar su comprensi\u00f3n matem\u00e1tica. Esta p\u00e1gina proporciona una gu\u00eda de estudio para la evaluaci\u00f3n de matem\u00e1ticas del solicitante de aprendiz, as\u00ed como una gu\u00eda de estudio para aprendices y oficiales inscritos en cursos de oficios de construcci\u00f3n. Mant\u00e9ngase atento a las actualizaciones, ya que brindaremos recursos adicionales, como sitios web y videos, para ayudarlo a revisar temas esenciales como matem\u00e1ticas generales, fracciones, decimales, medici\u00f3n, herramientas de medici\u00f3n, medici\u00f3n de \u00e1reas y medici\u00f3n de vol\u00famenes. Recomendamos encarecidamente considerar cursos en l\u00ednea o actualizar su conocimiento de matem\u00e1ticas b\u00e1sicas para fortalecer sus habilidades en estas \u00e1reas. N\u00fameros enteros: suma, resta, multiplicaci\u00f3n y divisi\u00f3n Fracciones: definici\u00f3n, suma, resta, multiplicaci\u00f3n y divisi\u00f3n Decimales: suma y resta, multiplicaci\u00f3n y divisi\u00f3n, conversi\u00f3n a fracciones y conversi\u00f3n de fracciones a decimales Porcentajes: c\u00e1lculo, suma, divisi\u00f3n, conversi\u00f3n a decimal, conversi\u00f3n de decimales a porcentajes Gu\u00eda de estudio para la evaluaci\u00f3n de matem\u00e1ticas del solicitante de aprendizaje: Matem\u00e1ticas para los oficios I Khan Academy IXL<\/p>","protected":false},"author":35,"featured_media":0,"parent":0,"menu_order":0,"comment_status":"closed","ping_status":"closed","template":"","meta":{"_acf_changed":false,"_et_pb_use_builder":"on","_et_pb_old_content":"","_et_gb_content_width":"","footnotes":""},"class_list":["post-235527","page","type-page","status-publish","hentry"],"acf":[],"yoast_head":"<!-- This site is optimized with the Yoast SEO plugin v27.3 - https:\/\/yoast.com\/product\/yoast-seo-wordpress\/ -->\n<title>Test Prep - Edison (NJ) Training Center<\/title>\n<meta name=\"robots\" content=\"index, follow, max-snippet:-1, max-image-preview:large, max-video-preview:-1\" \/>\n<link rel=\"canonical\" href=\"https:\/\/www.eascarpenterstech.edu\/edison\/es\/test-prep\/\" \/>\n<meta property=\"og:locale\" content=\"es_ES\" \/>\n<meta property=\"og:type\" content=\"article\" \/>\n<meta property=\"og:title\" content=\"Test Prep - Edison (NJ) Training Center\" \/>\n<meta property=\"og:url\" content=\"https:\/\/www.eascarpenterstech.edu\/edison\/es\/test-prep\/\" \/>\n<meta property=\"og:site_name\" content=\"Edison (NJ) Training Center\" \/>\n<meta property=\"article:modified_time\" content=\"2024-09-30T15:04:24+00:00\" \/>\n<meta property=\"og:image\" content=\"https:\/\/www.eascarpenterstech.edu\/edison\/wp-content\/uploads\/sites\/3\/2024\/03\/YOAST-Facebook-WebshareImage-1.jpg\" \/>\n\t<meta property=\"og:image:width\" content=\"600\" \/>\n\t<meta property=\"og:image:height\" content=\"315\" \/>\n\t<meta property=\"og:image:type\" content=\"image\/jpeg\" \/>\n<meta name=\"twitter:card\" content=\"summary_large_image\" \/>\n<meta name=\"twitter:label1\" content=\"Est. reading time\" \/>\n\t<meta name=\"twitter:data1\" content=\"2 minutos\" \/>\n<script type=\"application\/ld+json\" class=\"yoast-schema-graph\">{\"@context\":\"https:\\\/\\\/schema.org\",\"@graph\":[{\"@type\":\"WebPage\",\"@id\":\"https:\\\/\\\/www.eascarpenterstech.edu\\\/edison\\\/test-prep\\\/\",\"url\":\"https:\\\/\\\/www.eascarpenterstech.edu\\\/edison\\\/test-prep\\\/\",\"name\":\"Test Prep - Edison (NJ) Training Center\",\"isPartOf\":{\"@id\":\"https:\\\/\\\/www.eascarpenterstech.edu\\\/edison\\\/#website\"},\"datePublished\":\"2023-07-13T18:30:55+00:00\",\"dateModified\":\"2024-09-30T15:04:24+00:00\",\"breadcrumb\":{\"@id\":\"https:\\\/\\\/www.eascarpenterstech.edu\\\/edison\\\/test-prep\\\/#breadcrumb\"},\"inLanguage\":\"es\",\"potentialAction\":[{\"@type\":\"ReadAction\",\"target\":[\"https:\\\/\\\/www.eascarpenterstech.edu\\\/edison\\\/test-prep\\\/\"]}]},{\"@type\":\"BreadcrumbList\",\"@id\":\"https:\\\/\\\/www.eascarpenterstech.edu\\\/edison\\\/test-prep\\\/#breadcrumb\",\"itemListElement\":[{\"@type\":\"ListItem\",\"position\":1,\"name\":\"Home\",\"item\":\"https:\\\/\\\/www.eascarpenterstech.edu\\\/edison\\\/\"},{\"@type\":\"ListItem\",\"position\":2,\"name\":\"Test Prep\"}]},{\"@type\":\"WebSite\",\"@id\":\"https:\\\/\\\/www.eascarpenterstech.edu\\\/edison\\\/#website\",\"url\":\"https:\\\/\\\/www.eascarpenterstech.edu\\\/edison\\\/\",\"name\":\"Edison (NJ) Training Center\",\"description\":\"\",\"potentialAction\":[{\"@type\":\"SearchAction\",\"target\":{\"@type\":\"EntryPoint\",\"urlTemplate\":\"https:\\\/\\\/www.eascarpenterstech.edu\\\/edison\\\/?s={search_term_string}\"},\"query-input\":{\"@type\":\"PropertyValueSpecification\",\"valueRequired\":true,\"valueName\":\"search_term_string\"}}],\"inLanguage\":\"es\"}]}<\/script>\n<!-- \/ Yoast SEO plugin. -->","yoast_head_json":{"title":"Test Prep - Edison (NJ) Training Center","robots":{"index":"index","follow":"follow","max-snippet":"max-snippet:-1","max-image-preview":"max-image-preview:large","max-video-preview":"max-video-preview:-1"},"canonical":"https:\/\/www.eascarpenterstech.edu\/edison\/es\/test-prep\/","og_locale":"es_ES","og_type":"article","og_title":"Test Prep - Edison (NJ) Training Center","og_url":"https:\/\/www.eascarpenterstech.edu\/edison\/es\/test-prep\/","og_site_name":"Edison (NJ) Training Center","article_modified_time":"2024-09-30T15:04:24+00:00","og_image":[{"width":600,"height":315,"url":"https:\/\/www.eascarpenterstech.edu\/edison\/wp-content\/uploads\/sites\/3\/2024\/03\/YOAST-Facebook-WebshareImage-1.jpg","type":"image\/jpeg"}],"twitter_card":"summary_large_image","twitter_misc":{"Est. reading time":"2 minutos"},"schema":{"@context":"https:\/\/schema.org","@graph":[{"@type":"WebPage","@id":"https:\/\/www.eascarpenterstech.edu\/edison\/test-prep\/","url":"https:\/\/www.eascarpenterstech.edu\/edison\/test-prep\/","name":"Test Prep - Edison (NJ) Training Center","isPartOf":{"@id":"https:\/\/www.eascarpenterstech.edu\/edison\/#website"},"datePublished":"2023-07-13T18:30:55+00:00","dateModified":"2024-09-30T15:04:24+00:00","breadcrumb":{"@id":"https:\/\/www.eascarpenterstech.edu\/edison\/test-prep\/#breadcrumb"},"inLanguage":"es","potentialAction":[{"@type":"ReadAction","target":["https:\/\/www.eascarpenterstech.edu\/edison\/test-prep\/"]}]},{"@type":"BreadcrumbList","@id":"https:\/\/www.eascarpenterstech.edu\/edison\/test-prep\/#breadcrumb","itemListElement":[{"@type":"ListItem","position":1,"name":"Home","item":"https:\/\/www.eascarpenterstech.edu\/edison\/"},{"@type":"ListItem","position":2,"name":"Test Prep"}]},{"@type":"WebSite","@id":"https:\/\/www.eascarpenterstech.edu\/edison\/#website","url":"https:\/\/www.eascarpenterstech.edu\/edison\/","name":"Centro de Capacitaci\u00f3n Edison (NJ)","description":"","potentialAction":[{"@type":"SearchAction","target":{"@type":"EntryPoint","urlTemplate":"https:\/\/www.eascarpenterstech.edu\/edison\/?s={search_term_string}"},"query-input":{"@type":"PropertyValueSpecification","valueRequired":true,"valueName":"search_term_string"}}],"inLanguage":"es"}]}},"publishpress_future_action":{"enabled":false,"date":"2026-04-22 01:43:17","action":"change-status","newStatus":"draft","terms":[],"taxonomy":"","extraData":[]},"publishpress_future_workflow_manual_trigger":{"enabledWorkflows":[]},"_links":{"self":[{"href":"https:\/\/www.eascarpenterstech.edu\/edison\/es\/wp-json\/wp\/v2\/pages\/235527","targetHints":{"allow":["GET"]}}],"collection":[{"href":"https:\/\/www.eascarpenterstech.edu\/edison\/es\/wp-json\/wp\/v2\/pages"}],"about":[{"href":"https:\/\/www.eascarpenterstech.edu\/edison\/es\/wp-json\/wp\/v2\/types\/page"}],"author":[{"embeddable":true,"href":"https:\/\/www.eascarpenterstech.edu\/edison\/es\/wp-json\/wp\/v2\/users\/35"}],"replies":[{"embeddable":true,"href":"https:\/\/www.eascarpenterstech.edu\/edison\/es\/wp-json\/wp\/v2\/comments?post=235527"}],"version-history":[{"count":9,"href":"https:\/\/www.eascarpenterstech.edu\/edison\/es\/wp-json\/wp\/v2\/pages\/235527\/revisions"}],"predecessor-version":[{"id":236629,"href":"https:\/\/www.eascarpenterstech.edu\/edison\/es\/wp-json\/wp\/v2\/pages\/235527\/revisions\/236629"}],"wp:attachment":[{"href":"https:\/\/www.eascarpenterstech.edu\/edison\/es\/wp-json\/wp\/v2\/media?parent=235527"}],"curies":[{"name":"gracias","href":"https:\/\/api.w.org\/{rel}","templated":true}]}}