{"id":236877,"date":"2025-01-30T15:28:49","date_gmt":"2025-01-30T20:28:49","guid":{"rendered":"https:\/\/www.eascarpenterstech.edu\/duncansville\/?page_id=236877"},"modified":"2025-01-30T15:37:59","modified_gmt":"2025-01-30T20:37:59","slug":"course-calendar","status":"publish","type":"page","link":"https:\/\/www.eascarpenterstech.edu\/duncansville\/es\/course-calendar\/","title":{"rendered":"Calendario de cursos"},"content":{"rendered":"<p>[et_pb_section fb_built=&#8221;1&#8243; _builder_version=&#8221;4.22.0&#8243; _module_preset=&#8221;default&#8221; use_background_color_gradient=&#8221;on&#8221; background_color_gradient_stops=&#8221;rgba(0,32,91,0.5) 0%|rgba(0,32,91,0.5) 100%&#8221; background_color_gradient_overlays_image=&#8221;on&#8221; background_image=&#8221;https:\/\/www.eascarpenterstech.edu\/duncansville\/wp-content\/uploads\/sites\/19\/2023\/08\/IMG_5102.jpg&#8221; custom_padding=&#8221;100px||100px||true|false&#8221; locked=&#8221;off&#8221; global_colors_info=&#8221;{}&#8221;][et_pb_row _builder_version=&#8221;4.19.5&#8243; _module_preset=&#8221;default&#8221; global_colors_info=&#8221;{}&#8221;][et_pb_column type=&#8221;4_4&#8243; _builder_version=&#8221;4.19.5&#8243; _module_preset=&#8221;default&#8221; global_colors_info=&#8221;{}&#8221;][et_pb_text quote_border_color=&#8221;#d31245&#8243; _builder_version=&#8221;4.27.4&#8243; _module_preset=&#8221;default&#8221; quote_text_color=&#8221;RGBA(255,255,255,0)&#8221; header_font=&#8221;Open Sans|700||on|||||&#8221; header_text_color=&#8221;#FFFFFF&#8221; header_font_size=&#8221;72px&#8221; width=&#8221;80%&#8221; width_tablet=&#8221;50%&#8221; width_phone=&#8221;100%&#8221; width_last_edited=&#8221;on|phone&#8221; header_text_align_tablet=&#8221;&#8221; header_text_align_phone=&#8221;center&#8221; header_text_align_last_edited=&#8221;on|phone&#8221; header_font_size_tablet=&#8221;72px&#8221; header_font_size_phone=&#8221;42px&#8221; header_font_size_last_edited=&#8221;on|phone&#8221; locked=&#8221;off&#8221; global_colors_info=&#8221;{}&#8221;]<\/p>\n<blockquote>\n<h1>DUNCANSVILLE COURSE CALENDAR<\/h1>\n<\/blockquote>\n<p>[\/et_pb_text][et_pb_button button_url=&#8221;#class&#8221; button_text=&#8221;Find a Class&#8221; button_alignment=&#8221;left&#8221; button_alignment_tablet=&#8221;left&#8221; button_alignment_phone=&#8221;center&#8221; button_alignment_last_edited=&#8221;on|phone&#8221; _builder_version=&#8221;4.19.5&#8243; _module_preset=&#8221;default&#8221; custom_button=&#8221;on&#8221; button_text_size=&#8221;16px&#8221; button_font=&#8221;|600||on|||||&#8221; custom_padding=&#8221;8px|20px|8px|20px|true|true&#8221; locked=&#8221;off&#8221; global_colors_info=&#8221;{}&#8221;][\/et_pb_button][\/et_pb_column][\/et_pb_row][\/et_pb_section][et_pb_section fb_built=&#8221;1&#8243; _builder_version=&#8221;4.19.5&#8243; _module_preset=&#8221;default&#8221; background_color=&#8221;#d31245&#8243; custom_padding=&#8221;0px||0px||true|false&#8221; locked=&#8221;off&#8221; global_colors_info=&#8221;{}&#8221;][et_pb_row _builder_version=&#8221;4.19.5&#8243; _module_preset=&#8221;default&#8221; global_colors_info=&#8221;{}&#8221;][et_pb_column type=&#8221;4_4&#8243; _builder_version=&#8221;4.19.5&#8243; _module_preset=&#8221;default&#8221; global_colors_info=&#8221;{}&#8221;][et_pb_text _builder_version=&#8221;4.19.5&#8243; text_font=&#8221;|700|on||||||&#8221; text_text_color=&#8221;#FFFFFF&#8221; link_font=&#8221;||||||||&#8221; link_text_color=&#8221;#3550a0&#8243; header_font=&#8221;||||||||&#8221; header_2_font=&#8221;||||||||&#8221; header_3_font=&#8221;Open Sans|700|||||||&#8221; header_3_text_color=&#8221;#3f3f3f&#8221; header_3_font_size=&#8221;36px&#8221; header_3_line_height=&#8221;1.2em&#8221; header_4_font=&#8221;Lato|700|||||||&#8221; header_4_text_color=&#8221;#3550a0&#8243; header_4_font_size=&#8221;16px&#8221; header_4_line_height=&#8221;1.5em&#8221; text_orientation=&#8221;center&#8221; width=&#8221;60%&#8221; width_tablet=&#8221;60%&#8221; width_phone=&#8221;auto&#8221; width_last_edited=&#8221;on|phone&#8221; module_alignment=&#8221;center&#8221; custom_margin=&#8221;|||&#8221; header_3_font_size_tablet=&#8221;&#8221; header_3_font_size_phone=&#8221;20px&#8221; header_3_font_size_last_edited=&#8221;on|phone&#8221; locked=&#8221;off&#8221; global_colors_info=&#8221;{}&#8221;]\u25b2 IMPORTANT &#8211;  Make sure to check your email on a regular basis. All class cancellations or any changes are sent to the email you provided. Always check your spam\/promotions folders as well. [\/et_pb_text][\/et_pb_column][\/et_pb_row][\/et_pb_section][et_pb_section fb_built=&#8221;1&#8243; admin_label=&#8221;section &#8211; class ID for bookmark&#8221; _builder_version=&#8221;4.27.4&#8243; hover_enabled=&#8221;0&#8243; global_colors_info=&#8221;{}&#8221; module_id=&#8221;class&#8221; sticky_enabled=&#8221;0&#8243;][et_pb_row admin_label=&#8221;row&#8221; _builder_version=&#8221;4.27.4&#8243; background_size=&#8221;initial&#8221; background_position=&#8221;top_left&#8221; background_repeat=&#8221;repeat&#8221; hover_enabled=&#8221;0&#8243; global_colors_info=&#8221;{}&#8221; sticky_enabled=&#8221;0&#8243;][et_pb_column type=&#8221;4_4&#8243; _builder_version=&#8221;4.16&#8243; custom_padding=&#8221;|||&#8221; global_colors_info=&#8221;{}&#8221; custom_padding__hover=&#8221;|||&#8221;][et_pb_button button_text=&#8221;Class Calendar View&#8221; disabled_on=&#8221;on|on|on&#8221; _builder_version=&#8221;4.27.4&#8243; _module_preset=&#8221;default&#8221; custom_button=&#8221;on&#8221; button_text_size=&#8221;17px&#8221; button_bg_color=&#8221;#ddab37&#8243; button_font=&#8221;|600|||||||&#8221; button_text_shadow_style=&#8221;preset3&#8243; box_shadow_style=&#8221;preset3&#8243; disabled=&#8221;on&#8221; global_colors_info=&#8221;{}&#8221;][\/et_pb_button][et_pb_text _builder_version=&#8221;4.27.4&#8243; _module_preset=&#8221;default&#8221; global_colors_info=&#8221;{}&#8221;]<\/p>\n<h2>DUNCANSVILLE COURSE CALENDAR<\/h2>\n<p>[\/et_pb_text][et_pb_text _builder_version=&#8221;4.27.4&#8243; _module_preset=&#8221;default&#8221; global_colors_info=&#8221;{}&#8221;]<\/p>\n<div style=\"position:relative;\"><div style=\"display:inline-block; width:25%; font-weight:bold; \"> <\/div><div style=\"display: inline-block; width:50%; text-align:center;\"><form method=\"get\"><select name=\"ctf_cal_month\"><option value=\"01\">Jan.<\/option>\n<option value=\"02\">Feb.<\/option>\n<option value=\"03\">Mar.<\/option>\n<option value=\"04\" selected=\"selected\" >Apr.<\/option>\n<option value=\"05\">May<\/option>\n<option value=\"06\">Jun.<\/option>\n<option value=\"07\">Jul.<\/option>\n<option value=\"08\">Aug.<\/option>\n<option value=\"09\">Sep.<\/option>\n<option value=\"10\">Oct.<\/option>\n<option value=\"11\">Nov.<\/option>\n<option value=\"12\">Dec.<\/option>\n<\/select>\/<select name=\"ctf_cal_year\"><option value=\"2026\" selected=\"selected\" >2026<\/option>\n<option value=\"2027\">2027<\/option>\n<\/select><input type=\"submit\" name=\"go_to_date\" value=\"Go To Calendar\" \/><\/form><\/div><div style=\"display:inline-block; width:25%; font-weight:bold; text-align:right;\"><a href=\"https:\/\/www.eascarpenterstech.edu\/duncansville\/es\/courses\/drywall-finishing\/?ctf_cal_year=2026&ctf_cal_month=05\">Next Month<\/a><\/div><div style=\"clear:both;\"> <\/div><\/div><div class=\"ctf_cal\"><div class=\"calendar\"><div class=\"header\"><div class=\"month-year\">April 2026<\/div><\/div><div class=\"days\">\r\n                <div class=\"day_name\">\r\n                    Sun\r\n                <\/div>\r\n            \r\n                <div class=\"day_name\">\r\n                    Mon\r\n                <\/div>\r\n            \r\n                <div class=\"day_name\">\r\n                    Tue\r\n                <\/div>\r\n            \r\n                <div class=\"day_name\">\r\n                    Wed\r\n                <\/div>\r\n            \r\n                <div class=\"day_name\">\r\n                    Thu\r\n                <\/div>\r\n            \r\n                <div class=\"day_name\">\r\n                    Fri\r\n                <\/div>\r\n            \r\n                <div class=\"day_name\">\r\n                    Sat\r\n                <\/div>\r\n            \r\n                <div class=\"day_num ignore\">\r\n                    29\r\n                <\/div>\r\n            \r\n                <div class=\"day_num ignore\">\r\n                    30\r\n                <\/div>\r\n            \r\n                <div class=\"day_num ignore\">\r\n                    31\r\n                <\/div>\r\n            <div class=\"day_num\"><span>1<span class=\"mobile\">&nbsp;- Wed<\/span><\/span><\/div><div class=\"day_num\"><span>2<span class=\"mobile\">&nbsp;- Thu<\/span><\/span><\/div><div class=\"day_num\"><span>3<span class=\"mobile\">&nbsp;- Fri<\/span><\/span><\/div><div class=\"day_num\"><span>4<span class=\"mobile\">&nbsp;- Sat<\/span><\/span><\/div><div class=\"day_num\"><span>5<span class=\"mobile\">&nbsp;- Sun<\/span><\/span><\/div><div class=\"day_num\"><span>6<span class=\"mobile\">&nbsp;- Mon<\/span><\/span><\/div><div class=\"day_num\"><span>7<span class=\"mobile\">&nbsp;- Tue<\/span><\/span><\/div><div class=\"day_num\"><span>8<span class=\"mobile\">&nbsp;- Wed<\/span><\/span><\/div><div class=\"day_num\"><span>9<span class=\"mobile\">&nbsp;- Thu<\/span><\/span><\/div><div class=\"day_num\"><span>10<span class=\"mobile\">&nbsp;- Fri<\/span><\/span><\/div><div class=\"day_num\"><span>11<span class=\"mobile\">&nbsp;- Sat<\/span><\/span><\/div><div class=\"day_num\"><span>12<span class=\"mobile\">&nbsp;- Sun<\/span><\/span><\/div><div class=\"day_num\"><span>13<span class=\"mobile\">&nbsp;- Mon<\/span><\/span><\/div><div class=\"day_num\"><span>14<span class=\"mobile\">&nbsp;- Tue<\/span><\/span><\/div><div class=\"day_num\"><span>15<span class=\"mobile\">&nbsp;- Wed<\/span><\/span><\/div><div class=\"day_num\"><span>16<span class=\"mobile\">&nbsp;- Thu<\/span><\/span><\/div><div class=\"day_num\"><span>17<span class=\"mobile\">&nbsp;- Fri<\/span><\/span><\/div><div class=\"day_num\"><span>18<span class=\"mobile\">&nbsp;- Sat<\/span><\/span><div class=\"event yellow\"><a href=\"https:\/\/www.eascarpenterstech.edu\/duncansville\/es\/trainings\/auto-draft-37\/\" style=\"color:#ffffff; font-weight:bold;\" title=\"Print Reading\nFirst Class: 2026-04-18 7:00am-3:30pm\nDuncansville Training Center\">Print Reading<\/a><\/div><\/div><div class=\"day_num\"><span>19<span class=\"mobile\">&nbsp;- Sun<\/span><\/span><\/div><div class=\"day_num\"><span>20<span class=\"mobile\">&nbsp;- Mon<\/span><\/span><\/div><div class=\"day_num\"><span>21<span class=\"mobile\">&nbsp;- Tue<\/span><\/span><\/div><div class=\"day_num selected\"><span>22<span class=\"mobile\">&nbsp;- Wed<\/span><\/span><\/div><div class=\"day_num\"><span>23<span class=\"mobile\">&nbsp;- Thu<\/span><\/span><\/div><div class=\"day_num\"><span>24<span class=\"mobile\">&nbsp;- Fri<\/span><\/span><\/div><div class=\"day_num\"><span>25<span class=\"mobile\">&nbsp;- Sat<\/span><\/span><div class=\"event green\"><a href=\"https:\/\/www.eascarpenterstech.edu\/duncansville\/es\/trainings\/auto-draft-38\/\" style=\"color:#ffffff; font-weight:bold;\" title=\"Procore\nFirst Class: 2026-04-25 7:00am-3:30pm\nDuncansville Training Center\">Procore<\/a><\/div><\/div><div class=\"day_num\"><span>26<span class=\"mobile\">&nbsp;- Sun<\/span><\/span><\/div><div class=\"day_num\"><span>27<span class=\"mobile\">&nbsp;- Mon<\/span><\/span><\/div><div class=\"day_num\"><span>28<span class=\"mobile\">&nbsp;- Tue<\/span><\/span><\/div><div class=\"day_num\"><span>29<span class=\"mobile\">&nbsp;- Wed<\/span><\/span><\/div><div class=\"day_num\"><span>30<span class=\"mobile\">&nbsp;- Thu<\/span><\/span><\/div>\r\n                <div class=\"day_num ignore\">\r\n                    1\r\n                <\/div>\r\n            \r\n                <div class=\"day_num ignore\">\r\n                    2\r\n                <\/div>\r\n            \r\n                <div class=\"day_num ignore\">\r\n                    3\r\n                <\/div>\r\n            \r\n                <div class=\"day_num ignore\">\r\n                    4\r\n                <\/div>\r\n            \r\n                <div class=\"day_num ignore\">\r\n                    5\r\n                <\/div>\r\n            \r\n                <div class=\"day_num ignore\">\r\n                    6\r\n                <\/div>\r\n            \r\n                <div class=\"day_num ignore\">\r\n                    7\r\n                <\/div>\r\n            \r\n                <div class=\"day_num ignore\">\r\n                    8\r\n                <\/div>\r\n            \r\n                <div class=\"day_num ignore\">\r\n                    9\r\n                <\/div>\r\n            <\/div><\/div><div style=\"position:relative;\"><div style=\"display:inline-block; width:25%; font-weight:bold; \"> <\/div><div style=\"display: inline-block; width:50%; text-align:center;\"><form method=\"get\"><select name=\"ctf_cal_month\"><option value=\"01\">Jan.<\/option>\n<option value=\"02\">Feb.<\/option>\n<option value=\"03\">Mar.<\/option>\n<option value=\"04\" selected=\"selected\" >Apr.<\/option>\n<option value=\"05\">May<\/option>\n<option value=\"06\">Jun.<\/option>\n<option value=\"07\">Jul.<\/option>\n<option value=\"08\">Aug.<\/option>\n<option value=\"09\">Sep.<\/option>\n<option value=\"10\">Oct.<\/option>\n<option value=\"11\">Nov.<\/option>\n<option value=\"12\">Dec.<\/option>\n<\/select>\/<select name=\"ctf_cal_year\"><option value=\"2026\" selected=\"selected\" >2026<\/option>\n<option value=\"2027\">2027<\/option>\n<\/select><input type=\"submit\" name=\"go_to_date\" value=\"Go To Calendar\" \/><\/form><\/div><div style=\"display:inline-block; width:25%; font-weight:bold; text-align:right;\"><a href=\"https:\/\/www.eascarpenterstech.edu\/duncansville\/es\/courses\/drywall-finishing\/?ctf_cal_year=2026&ctf_cal_month=05\">Next Month<\/a><\/div><div style=\"clear:both;\"> <\/div><\/div><\/div>\n<p>[\/et_pb_text][\/et_pb_column][\/et_pb_row][\/et_pb_section]<\/p>\n","protected":false},"excerpt":{"rendered":"<p>[et_pb_section fb_built=&#8221;1&#8243; _builder_version=&#8221;4.22.0&#8243; _module_preset=&#8221;default&#8221; use_background_color_gradient=&#8221;on&#8221; background_color_gradient_stops=&#8221;rgba(0,32,91,0.5) 0%|rgba(0,32,91,0.5) 100%&#8221; background_color_gradient_overlays_image=&#8221;on&#8221; background_image=&#8221;https:\/\/www.eascarpenterstech.edu\/duncansville\/wp-content\/uploads\/sites\/19\/2023\/08\/IMG_5102.jpg&#8221; custom_padding=&#8221;100px||100px||true|false&#8221; locked=&#8221;off&#8221; global_colors_info=&#8221;{}&#8221;][et_pb_row _builder_version=&#8221;4.19.5&#8243; _module_preset=&#8221;default&#8221; global_colors_info=&#8221;{}&#8221;][et_pb_column type=&#8221;4_4&#8243; _builder_version=&#8221;4.19.5&#8243; _module_preset=&#8221;default&#8221; global_colors_info=&#8221;{}&#8221;][et_pb_text quote_border_color=&#8221;#d31245&#8243; _builder_version=&#8221;4.27.4&#8243; _module_preset=&#8221;default&#8221; quote_text_color=&#8221;RGBA(255,255,255,0)&#8221; header_font=&#8221;Open Sans|700||on|||||&#8221; header_text_color=&#8221;#FFFFFF&#8221; header_font_size=&#8221;72px&#8221; width=&#8221;80%&#8221; width_tablet=&#8221;50%&#8221; width_phone=&#8221;100%&#8221; width_last_edited=&#8221;on|phone&#8221; header_text_align_tablet=&#8221;&#8221; header_text_align_phone=&#8221;center&#8221; header_text_align_last_edited=&#8221;on|phone&#8221; header_font_size_tablet=&#8221;72px&#8221; header_font_size_phone=&#8221;42px&#8221; header_font_size_last_edited=&#8221;on|phone&#8221; locked=&#8221;off&#8221; global_colors_info=&#8221;{}&#8221;] DUNCANSVILLE COURSE CALENDAR [\/et_pb_text][et_pb_button button_url=&#8221;#class&#8221; button_text=&#8221;Find a Class&#8221; button_alignment=&#8221;left&#8221; button_alignment_tablet=&#8221;left&#8221; button_alignment_phone=&#8221;center&#8221; button_alignment_last_edited=&#8221;on|phone&#8221; _builder_version=&#8221;4.19.5&#8243; _module_preset=&#8221;default&#8221; custom_button=&#8221;on&#8221; [&hellip;]<\/p>\n","protected":false},"author":35,"featured_media":0,"parent":0,"menu_order":0,"comment_status":"closed","ping_status":"closed","template":"","meta":{"_acf_changed":false,"_et_pb_use_builder":"on","_et_pb_old_content":"","_et_gb_content_width":"","footnotes":""},"class_list":["post-236877","page","type-page","status-publish","hentry"],"acf":[],"yoast_head":"<!-- This site is optimized with the Yoast SEO plugin v27.4 - https:\/\/yoast.com\/product\/yoast-seo-wordpress\/ -->\n<title>Course Calendar - Duncansville (PA) Training Center<\/title>\n<meta name=\"description\" content=\"DUNCANSVILLE COURSE CALENDAR \u25b2 IMPORTANT - Make sure to check your email on a regular basis. All class cancellations or any changes are sent to the email\" \/>\n<meta name=\"robots\" content=\"index, follow, max-snippet:-1, max-image-preview:large, max-video-preview:-1\" \/>\n<link rel=\"canonical\" href=\"https:\/\/www.eascarpenterstech.edu\/duncansville\/es\/course-calendar\/\" \/>\n<meta property=\"og:locale\" content=\"es_ES\" \/>\n<meta property=\"og:type\" content=\"article\" \/>\n<meta property=\"og:title\" content=\"Course Calendar - Duncansville (PA) Training Center\" \/>\n<meta property=\"og:description\" content=\"DUNCANSVILLE COURSE CALENDAR \u25b2 IMPORTANT - Make sure to check your email on a regular basis. All class cancellations or any changes are sent to the email\" \/>\n<meta property=\"og:url\" content=\"https:\/\/www.eascarpenterstech.edu\/duncansville\/es\/course-calendar\/\" \/>\n<meta property=\"og:site_name\" content=\"Duncansville (PA) Training Center\" \/>\n<meta property=\"article:publisher\" content=\"https:\/\/www.facebook.com\/profile.php?id=100063680371669\" \/>\n<meta property=\"article:modified_time\" content=\"2025-01-30T20:37:59+00:00\" \/>\n<meta property=\"og:image\" content=\"https:\/\/www.eascarpenterstech.edu\/duncansville\/wp-content\/uploads\/sites\/19\/2024\/03\/YOAST-Facebook-WebshareImage-1.jpg\" \/>\n\t<meta property=\"og:image:width\" content=\"600\" \/>\n\t<meta property=\"og:image:height\" content=\"315\" \/>\n\t<meta property=\"og:image:type\" content=\"image\/jpeg\" \/>\n<meta name=\"twitter:card\" content=\"summary_large_image\" \/>\n<meta name=\"twitter:label1\" content=\"Est. reading time\" \/>\n\t<meta name=\"twitter:data1\" content=\"1 minuto\" \/>\n<script type=\"application\/ld+json\" class=\"yoast-schema-graph\">{\"@context\":\"https:\\\/\\\/schema.org\",\"@graph\":[{\"@type\":\"WebPage\",\"@id\":\"https:\\\/\\\/www.eascarpenterstech.edu\\\/duncansville\\\/course-calendar\\\/\",\"url\":\"https:\\\/\\\/www.eascarpenterstech.edu\\\/duncansville\\\/course-calendar\\\/\",\"name\":\"Course Calendar - Duncansville (PA) Training Center\",\"isPartOf\":{\"@id\":\"https:\\\/\\\/www.eascarpenterstech.edu\\\/duncansville\\\/#website\"},\"datePublished\":\"2025-01-30T20:28:49+00:00\",\"dateModified\":\"2025-01-30T20:37:59+00:00\",\"description\":\"DUNCANSVILLE COURSE CALENDAR \u25b2 IMPORTANT - Make sure to check your email on a regular basis. All class cancellations or any changes are sent to the email\",\"breadcrumb\":{\"@id\":\"https:\\\/\\\/www.eascarpenterstech.edu\\\/duncansville\\\/course-calendar\\\/#breadcrumb\"},\"inLanguage\":\"es\",\"potentialAction\":[{\"@type\":\"ReadAction\",\"target\":[\"https:\\\/\\\/www.eascarpenterstech.edu\\\/duncansville\\\/course-calendar\\\/\"]}]},{\"@type\":\"BreadcrumbList\",\"@id\":\"https:\\\/\\\/www.eascarpenterstech.edu\\\/duncansville\\\/course-calendar\\\/#breadcrumb\",\"itemListElement\":[{\"@type\":\"ListItem\",\"position\":1,\"name\":\"Home\",\"item\":\"https:\\\/\\\/www.eascarpenterstech.edu\\\/duncansville\\\/\"},{\"@type\":\"ListItem\",\"position\":2,\"name\":\"Course Calendar\"}]},{\"@type\":\"WebSite\",\"@id\":\"https:\\\/\\\/www.eascarpenterstech.edu\\\/duncansville\\\/#website\",\"url\":\"https:\\\/\\\/www.eascarpenterstech.edu\\\/duncansville\\\/\",\"name\":\"Georgetown Training Center\",\"description\":\"\",\"publisher\":{\"@id\":\"https:\\\/\\\/www.eascarpenterstech.edu\\\/duncansville\\\/#organization\"},\"potentialAction\":[{\"@type\":\"SearchAction\",\"target\":{\"@type\":\"EntryPoint\",\"urlTemplate\":\"https:\\\/\\\/www.eascarpenterstech.edu\\\/duncansville\\\/?s={search_term_string}\"},\"query-input\":{\"@type\":\"PropertyValueSpecification\",\"valueRequired\":true,\"valueName\":\"search_term_string\"}}],\"inLanguage\":\"es\"},{\"@type\":\"Organization\",\"@id\":\"https:\\\/\\\/www.eascarpenterstech.edu\\\/duncansville\\\/#organization\",\"name\":\"Georgetown Training Center\",\"url\":\"https:\\\/\\\/www.eascarpenterstech.edu\\\/duncansville\\\/\",\"logo\":{\"@type\":\"ImageObject\",\"inLanguage\":\"es\",\"@id\":\"https:\\\/\\\/www.eascarpenterstech.edu\\\/duncansville\\\/#\\\/schema\\\/logo\\\/image\\\/\",\"url\":\"https:\\\/\\\/www.eascarpenterstech.edu\\\/duncansville\\\/wp-content\\\/uploads\\\/sites\\\/19\\\/2024\\\/03\\\/YOAST-Facebook-WebshareImage-1.jpg\",\"contentUrl\":\"https:\\\/\\\/www.eascarpenterstech.edu\\\/duncansville\\\/wp-content\\\/uploads\\\/sites\\\/19\\\/2024\\\/03\\\/YOAST-Facebook-WebshareImage-1.jpg\",\"width\":600,\"height\":315,\"caption\":\"Georgetown Training Center\"},\"image\":{\"@id\":\"https:\\\/\\\/www.eascarpenterstech.edu\\\/duncansville\\\/#\\\/schema\\\/logo\\\/image\\\/\"},\"sameAs\":[\"https:\\\/\\\/www.facebook.com\\\/profile.php?id=100063680371669\",\"https:\\\/\\\/www.linkedin.com\\\/company\\\/carpenters-joint-apprentice-training-center-of-philadelphia-vicinity\"]}]}<\/script>\n<!-- \/ Yoast SEO plugin. -->","yoast_head_json":{"title":"Course Calendar - Duncansville (PA) Training Center","description":"CALENDARIO DE CURSOS DE DUNCANSVILLE \u25b2 IMPORTANTE: Aseg\u00farate de revisar tu correo electr\u00f3nico regularmente. Todas las cancelaciones de clases o cualquier cambio se env\u00edan a este correo electr\u00f3nico.","robots":{"index":"index","follow":"follow","max-snippet":"max-snippet:-1","max-image-preview":"max-image-preview:large","max-video-preview":"max-video-preview:-1"},"canonical":"https:\/\/www.eascarpenterstech.edu\/duncansville\/es\/course-calendar\/","og_locale":"es_ES","og_type":"article","og_title":"Course Calendar - Duncansville (PA) Training Center","og_description":"DUNCANSVILLE COURSE CALENDAR \u25b2 IMPORTANT - Make sure to check your email on a regular basis. All class cancellations or any changes are sent to the email","og_url":"https:\/\/www.eascarpenterstech.edu\/duncansville\/es\/course-calendar\/","og_site_name":"Duncansville (PA) Training Center","article_publisher":"https:\/\/www.facebook.com\/profile.php?id=100063680371669","article_modified_time":"2025-01-30T20:37:59+00:00","og_image":[{"width":600,"height":315,"url":"https:\/\/www.eascarpenterstech.edu\/duncansville\/wp-content\/uploads\/sites\/19\/2024\/03\/YOAST-Facebook-WebshareImage-1.jpg","type":"image\/jpeg"}],"twitter_card":"summary_large_image","twitter_misc":{"Est. reading time":"1 minuto"},"schema":{"@context":"https:\/\/schema.org","@graph":[{"@type":"WebPage","@id":"https:\/\/www.eascarpenterstech.edu\/duncansville\/course-calendar\/","url":"https:\/\/www.eascarpenterstech.edu\/duncansville\/course-calendar\/","name":"Course Calendar - Duncansville (PA) Training Center","isPartOf":{"@id":"https:\/\/www.eascarpenterstech.edu\/duncansville\/#website"},"datePublished":"2025-01-30T20:28:49+00:00","dateModified":"2025-01-30T20:37:59+00:00","description":"CALENDARIO DE CURSOS DE DUNCANSVILLE \u25b2 IMPORTANTE: Aseg\u00farate de revisar tu correo electr\u00f3nico regularmente. Todas las cancelaciones de clases o cualquier cambio se env\u00edan a este correo electr\u00f3nico.","breadcrumb":{"@id":"https:\/\/www.eascarpenterstech.edu\/duncansville\/course-calendar\/#breadcrumb"},"inLanguage":"es","potentialAction":[{"@type":"ReadAction","target":["https:\/\/www.eascarpenterstech.edu\/duncansville\/course-calendar\/"]}]},{"@type":"BreadcrumbList","@id":"https:\/\/www.eascarpenterstech.edu\/duncansville\/course-calendar\/#breadcrumb","itemListElement":[{"@type":"ListItem","position":1,"name":"Home","item":"https:\/\/www.eascarpenterstech.edu\/duncansville\/"},{"@type":"ListItem","position":2,"name":"Course Calendar"}]},{"@type":"WebSite","@id":"https:\/\/www.eascarpenterstech.edu\/duncansville\/#website","url":"https:\/\/www.eascarpenterstech.edu\/duncansville\/","name":"Centro de formaci\u00f3n de Georgetown","description":"","publisher":{"@id":"https:\/\/www.eascarpenterstech.edu\/duncansville\/#organization"},"potentialAction":[{"@type":"SearchAction","target":{"@type":"EntryPoint","urlTemplate":"https:\/\/www.eascarpenterstech.edu\/duncansville\/?s={search_term_string}"},"query-input":{"@type":"PropertyValueSpecification","valueRequired":true,"valueName":"search_term_string"}}],"inLanguage":"es"},{"@type":"Organization","@id":"https:\/\/www.eascarpenterstech.edu\/duncansville\/#organization","name":"Centro de formaci\u00f3n de Georgetown","url":"https:\/\/www.eascarpenterstech.edu\/duncansville\/","logo":{"@type":"ImageObject","inLanguage":"es","@id":"https:\/\/www.eascarpenterstech.edu\/duncansville\/#\/schema\/logo\/image\/","url":"https:\/\/www.eascarpenterstech.edu\/duncansville\/wp-content\/uploads\/sites\/19\/2024\/03\/YOAST-Facebook-WebshareImage-1.jpg","contentUrl":"https:\/\/www.eascarpenterstech.edu\/duncansville\/wp-content\/uploads\/sites\/19\/2024\/03\/YOAST-Facebook-WebshareImage-1.jpg","width":600,"height":315,"caption":"Georgetown Training Center"},"image":{"@id":"https:\/\/www.eascarpenterstech.edu\/duncansville\/#\/schema\/logo\/image\/"},"sameAs":["https:\/\/www.facebook.com\/profile.php?id=100063680371669","https:\/\/www.linkedin.com\/company\/carpenters-joint-apprentice-training-center-of-philadelphia-vicinity"]}]}},"publishpress_future_action":{"enabled":false,"date":"2026-04-29 06:13:10","action":"change-status","newStatus":"draft","terms":[],"taxonomy":"","extraData":[]},"publishpress_future_workflow_manual_trigger":{"enabledWorkflows":[]},"_links":{"self":[{"href":"https:\/\/www.eascarpenterstech.edu\/duncansville\/es\/wp-json\/wp\/v2\/pages\/236877","targetHints":{"allow":["GET"]}}],"collection":[{"href":"https:\/\/www.eascarpenterstech.edu\/duncansville\/es\/wp-json\/wp\/v2\/pages"}],"about":[{"href":"https:\/\/www.eascarpenterstech.edu\/duncansville\/es\/wp-json\/wp\/v2\/types\/page"}],"author":[{"embeddable":true,"href":"https:\/\/www.eascarpenterstech.edu\/duncansville\/es\/wp-json\/wp\/v2\/users\/35"}],"replies":[{"embeddable":true,"href":"https:\/\/www.eascarpenterstech.edu\/duncansville\/es\/wp-json\/wp\/v2\/comments?post=236877"}],"version-history":[{"count":3,"href":"https:\/\/www.eascarpenterstech.edu\/duncansville\/es\/wp-json\/wp\/v2\/pages\/236877\/revisions"}],"predecessor-version":[{"id":236882,"href":"https:\/\/www.eascarpenterstech.edu\/duncansville\/es\/wp-json\/wp\/v2\/pages\/236877\/revisions\/236882"}],"wp:attachment":[{"href":"https:\/\/www.eascarpenterstech.edu\/duncansville\/es\/wp-json\/wp\/v2\/media?parent=236877"}],"curies":[{"name":"gracias","href":"https:\/\/api.w.org\/{rel}","templated":true}]}}